{"id":68,"date":"2017-02-09T16:33:45","date_gmt":"2017-02-09T21:33:45","guid":{"rendered":"http:\/\/labs.icahn.mssm.edu\/vincentlab\/?page_id=68"},"modified":"2017-02-23T13:43:48","modified_gmt":"2017-02-23T18:43:48","slug":"publications","status":"publish","type":"page","link":"https:\/\/labs.icahn.mssm.edu\/vincentlab\/publications\/","title":{"rendered":"Publications"},"content":{"rendered":"<p>Rudnick SN, McDevitt JJ, Hunt GM, Stawnychy MT,\u00a0<strong>Vincent RL<\/strong>, Brickner PW. Influence of ceiling fan\u2019s speed and direction on efficacy of upper-room ultraviolet germicidal irradiation: experimental.\u00a0<em>Building and Environment.<\/em>\u00a02015;92:756-763. <a href=\"http:\/\/www.sciencedirect.com\/science\/article\/pii\/S0360132314000857\">doi:\u00a010.1016\/j.buildenv.2014.03.025<\/a><\/p>\n<p>Pichurov G, Srebric J, Zhu S,\u00a0<strong>Vincent RL<\/strong>, Brickner PW, Rudnick SN. A validated numerical investigation of the ceiling fan&#8217;s role in the upper-room UVGI efficacy.\u00a0<em>Building and environment.<\/em>\u00a02015;86:109-119.\u00a0<a href=\"https:\/\/www.researchgate.net\/publication\/270913778_A_Validated_Numerical_Investigation_of_the_Ceiling_Fan's_Role_in_the_Upper-Room_UVGI_Efficacy\">doi: 10.1016\/j.buildenv.2014.12.021.<\/a><\/p>\n<p>Zhu S, Srebric J, Rudnick SN,\u00a0<strong>Vincent RL<\/strong>, Nardell EA. Numerical modeling of indoor environment with a ceiling fan and an upper-room ultraviolet germicidal irradiation system.\u00a0<em>Building and environment<\/em>. 2014;72:116-124.\u00a0<a href=\"https:\/\/www.ncbi.nlm.nih.gov\/pmc\/articles\/PMC3888502\/\">doi: 10.1016\/j.buildenv.2013.10.019.<\/a><\/p>\n<p>Zhu S, Srebric J, Rudnick SN,\u00a0<strong>Vincent RL<\/strong>, Nardell EA. Numerical investigation of upper-room UVGI disinfection efficacy in an environmental chamber with a ceiling fan.\u00a0<em>Photochemistry and photobiology<\/em>. 2013;89(4):782-791.\u00a0<a href=\"http:\/\/onlinelibrary.wiley.com\/doi\/10.1111\/php.12039\/full\">doi: 10.1111\/php.12039.<\/a><\/p>\n<p>Brickner PW,\u00a0<strong>Vincent RL.<\/strong>\u00a0Ultraviolet germicidal irradiation safety concerns: a lesson from the Tuberculosis Ultraviolet Shelter Study: Murphy\u2019s Law affirmed.\u00a0<em>Photochemistry and photobiology.\u00a0<\/em>2013;89(4):819\u2013821.\u00a0<a href=\"http:\/\/onlinelibrary.wiley.com\/doi\/10.1111\/php.12034\/full\">doi: 10.1111\/php.12034.<\/a><\/p>\n<p><strong>Vincent, Richard L.<\/strong>, T. Sears, P. W. Brickner, and E. A. Nardell. &#8220;Computer-aided Design (CAD) for Applying Upper-room UVGI Fixtures to Control Airborne Disease Transmission.&#8221; Proceedings of CIE Centenary Conference, &#8220;Towards a New Century of Light&#8221;. Amphith\u00e9\u00e2tres Painlev\u00e9, Say and Faure, Paris. 15 Apr. 2013. Speech.<\/p>\n<p>Rudnick S, First MW, Sears T,\u00a0<strong>Vincent RL<\/strong>, Brickner PW, Ngai PY, Zhang J, Levin RL, Chin K, Rahn RO, Miller SL, Nardell EA. Spatial distribution of fluence rate from upper-room ultraviolet germicidal irradiation: experimental validation of computer-aided design tool.\u00a0<em>HVAC&amp;R Research.<\/em>\u00a02012;18(4):1-21.\u00a0<a href=\"http:\/\/www.tandfonline.com\/doi\/abs\/10.1080\/10789669.2012.667863\">doi: 10.1080\/10789669.2012.667863.<\/a><\/p>\n<p>Zhang J, Levin R, Angelo R,\u00a0<strong>Vincent R<\/strong>, Brickner P, Ngai P, Nardell E. A radiometry protocol for UVGI fixtures using a moving-mirror type gonioradiometer.\u00a0<em>J Occup Environ Hyg.<\/em>\u00a02012;9:1-9.\u00a0<a href=\"http:\/\/www.tandfonline.com\/doi\/abs\/10.1080\/15459624.2011.648569\">doi: 10.1080\/15459624.2011.648569.<\/a><\/p>\n<p><strong>Vincent, Richard L.<\/strong>, et al. &#8220;Chapter 17: Ultraviolet Lamp Systems.&#8221;\u00a0<em>2012 ASHRAE Handbook: Heating, Ventilating, and Air-conditioning Systems and Equipment<\/em>. Atlanta, GA: ASHRAE, 2012. Print.<\/p>\n<p><strong>Vincent, Richard L.<\/strong>, et al. &#8220;Chapter 60: Ultraviolet Air and Surface Treatment.&#8221;\u00a0<em>2011 ASHRAE Handbook: Heating, Ventilating, and Air-conditioning Applications<\/em>. Atlanta, GA: ASHRAE, 2011. Print.<\/p>\n<p>CIE (2010). CIE 187:2010, UV-C Photocarcinogenesis Risks from Germicidal Lamps. CIE Technical Report TC 6-59. Vienna, Austria, Commission International De L&#8217;Eclairage: 1-64.\u00a0<strong>Vincent,\u00a0<\/strong>Chair.<\/p>\n<p>McAdam JM, Bucher SJ, Brickner PW,\u00a0<strong>Vincent RL,<\/strong>\u00a0Lascher S. Latent tuberculosis and active tuberculosis disease rates among the homeless, New York, New York, USA, 1992\u20132006.\u00a0<em>Emerg Infect Dis.<\/em>\u00a02009;15(7):1109-1111.\u00a0<a href=\"https:\/\/www.ncbi.nlm.nih.gov\/pmc\/articles\/PMC2744228\/\">doi:\u00a010.3201\/eid1507.080410<\/a><\/p>\n<p>Rudnick SN, First MW,\u00a0<strong>Vincent RL<\/strong>, Brickner PW. In-place testing of in-duct ultraviolet germicidal irradiation.\u00a0<em>HVAC&amp;R Research<\/em>. 2009;15(3):525-535.\u00a0<a href=\"http:\/\/www.tandfonline.com\/doi\/abs\/10.1080\/10789669.2009.10390849\">doi: 10.1080\/10789669.2009.10390849.<\/a><\/p>\n<p>Nardell EA, Bucher SJ, Brickner PW, Wang C,\u00a0<strong>Vincent RL<\/strong>, Becan-McBride K, James MA, Michael M, Wright JD. Safety of upper-room ultraviolet germicidal air disinfection for room occupants: results from the Tuberculosis Ultraviolet Shelter Study.\u00a0<em>Public Health Rep<\/em>. 2008;123(1):52-60.\u00a0<a href=\"https:\/\/www.ncbi.nlm.nih.gov\/pmc\/articles\/PMC2099326\/\">PMCID:\u00a0PMC2099326<\/a>.<\/p>\n<p><strong>Vincent, Richard L.<\/strong>, et al. &#8220;Chapter\u00a016: Ultraviolet\u00a0Lamp Systems.&#8221;\u00a0<em>2008 ASHRAE Handbook: Heating, Ventilating, and Air-conditioning\u00a0Systems and Equipment<\/em>. Atlanta, GA: ASHRAE, 2008. Print.<\/p>\n<p><strong>R. Vincent\u00a0<\/strong>and P. Brickner. Safety and UV Exposure.\u00a0<em>IAQ Applications<\/em>, Vol. 9, No. 3, Summer 2008.<\/p>\n<p>First MW, Rudnick SN, Banahan KF,\u00a0<strong>Vincent RL<\/strong>, Brickner PW. Fundamental factors affecting upper-room ultraviolet germicidal irradiation&#8211;Part I. Experimental.\u00a0<em>J Occup Environ Hyg.<\/em>\u00a02007;4(5):321-331.\u00a0<a href=\"http:\/\/www.tandfonline.com\/doi\/abs\/10.1080\/15459620701271693\">doi: 10.1080\/15459620701271693.<\/a><\/p>\n<p>Brons J, Bierman A, Brickner P,\u00a0<strong>Vincent R.<\/strong>\u00a0<em>Field Evaluation of Ultraviolet Germicidal Irradiation (UVGI) in an Air Duct System.<\/em>\u00a0Troy, NY:\u00a0Lighting Research Center, Rensselaer Polytechnic Institute, 2007. Print.<\/p>\n<p>Bucher SJ, Brickner PW,\u00a0<strong>Vincent RL<\/strong>. Influenzalike illness among homeless persons.\u00a0<em>Emerg Infect Dis.<\/em>\u00a02006;12(7):1162-1163.\u00a0<a href=\"https:\/\/www.ncbi.nlm.nih.gov\/pmc\/articles\/PMC3291066\/\">doi:\u00a010.3201\/eid1207.060217<\/a><\/p>\n<p>Brickner PW,\u00a0<strong>Vincent RL<\/strong>, First MW, Nardell EA, Murray M, Kaufman W. The application of ultraviolet germicidal irradiation to control transmission of airborne disease: bioterrorism countermeasure.\u00a0<em>Public Health Rep.<\/em>\u00a02003;118(2):99-114.\u00a0<a href=\"https:\/\/www.ncbi.nlm.nih.gov\/pmc\/articles\/PMC1497517\/\">PMCID: PMC1497517<\/a><\/p>\n<p>Boyce P, Brickner P,\u00a0<strong>Vincent R<\/strong>.\u00a0<em>Controlling Tuberculosis Transmission with Ultraviolet Radiation<\/em>. Troy, NY: Lighting Research Center, Rensselaer Polytechnic Institute, 2003. Print.<\/p>\n<p>CIE (2003). CIE 155:2003, Ultraviolet Air Disinfection. CIE Technical Report TC 6-35. Vienna, Austria, Commission International De L&#8217;Eclairage: 1-64.\u00a0<strong>Vincent,\u00a0<\/strong>Chair.<\/p>\n<p><strong>Vincent, Richard L.<\/strong>, R. Levin, E. Nardell, P. Brickner, W. Blizter, and P. Franck. &#8220;Ultraviolet air disinfection to control disease transmission.&#8221; Proceedings from the 5th International Symposium on Light and Human Health. Electric Power Research Institute, Orlando. 03 Nov. 2002. Speech.<\/p>\n<p>Brickner PW,\u00a0<strong>Vincent RL<\/strong>, Nardell E, Pilek C, Chaisson WT, First MW, Freeman J, Wright JD, Rudnick SN, and Dumyahn T. Ultraviolet upper-room air disinfection for tuberculosis control: an epidemiological trial.\u00a0<em>Journal of Healthcare Safety Compliance &amp; Infection Control.<\/em>\u00a02000;4(3):123-131.<\/p>\n","protected":false},"excerpt":{"rendered":"<p>Rudnick SN, McDevitt JJ, Hunt GM, Stawnychy MT,\u00a0Vincent RL, Brickner PW. Influence of ceiling fan\u2019s speed and direction on efficacy of upper-room ultraviolet germicidal irradiation: experimental.\u00a0Building and Environment.\u00a02015;92:756-763. doi:\u00a010.1016\/j.buildenv.2014.03.025 Pichurov G, Srebric J, Zhu S,\u00a0Vincent RL, Brickner PW, Rudnick SN. A validated numerical investigation of the ceiling fan&#8217;s role in the upper-room UVGI efficacy.\u00a0Building and [&hellip;]<\/p>\n","protected":false},"author":146,"featured_media":0,"parent":0,"menu_order":4,"comment_status":"closed","ping_status":"closed","template":"","meta":{"footnotes":""},"class_list":["post-68","page","type-page","status-publish","hentry"],"aioseo_notices":[],"_links":{"self":[{"href":"https:\/\/labs.icahn.mssm.edu\/vincentlab\/wp-json\/wp\/v2\/pages\/68","targetHints":{"allow":["GET"]}}],"collection":[{"href":"https:\/\/labs.icahn.mssm.edu\/vincentlab\/wp-json\/wp\/v2\/pages"}],"about":[{"href":"https:\/\/labs.icahn.mssm.edu\/vincentlab\/wp-json\/wp\/v2\/types\/page"}],"author":[{"embeddable":true,"href":"https:\/\/labs.icahn.mssm.edu\/vincentlab\/wp-json\/wp\/v2\/users\/146"}],"replies":[{"embeddable":true,"href":"https:\/\/labs.icahn.mssm.edu\/vincentlab\/wp-json\/wp\/v2\/comments?post=68"}],"version-history":[{"count":4,"href":"https:\/\/labs.icahn.mssm.edu\/vincentlab\/wp-json\/wp\/v2\/pages\/68\/revisions"}],"predecessor-version":[{"id":121,"href":"https:\/\/labs.icahn.mssm.edu\/vincentlab\/wp-json\/wp\/v2\/pages\/68\/revisions\/121"}],"wp:attachment":[{"href":"https:\/\/labs.icahn.mssm.edu\/vincentlab\/wp-json\/wp\/v2\/media?parent=68"}],"curies":[{"name":"wp","href":"https:\/\/api.w.org\/{rel}","templated":true}]}}