{"id":312,"date":"2021-07-12T15:49:51","date_gmt":"2021-07-12T15:49:51","guid":{"rendered":"https:\/\/labs.icahn.mssm.edu\/swirskilab\/?page_id=312"},"modified":"2025-05-16T14:06:33","modified_gmt":"2025-05-16T14:06:33","slug":"mate-kiss","status":"publish","type":"page","link":"https:\/\/labs.icahn.mssm.edu\/swirskilab\/team\/mate-kiss\/","title":{"rendered":"M\u00e1t\u00e9 Kiss"},"content":{"rendered":"<div class=\"_3BpnlUwgtfNUWLoQytJYRy\">\n<div class=\"\">\n<div class=\"wide-content-host\">\n<div class=\"_3BL964mseejjC_nzEeda9o NN4ve7-zXI11J6Er51ULd\" aria-label=\"Email message\">\n<div class=\"_2Qk4AbDuWwkuLB005ds2jm QMubUjbS-BOly_BTHEZj7 allowTextSelection\">\n<div dir=\"ltr\">\n<div dir=\"ltr\">\n<p><img loading=\"lazy\" decoding=\"async\" class=\"alignnone wp-image-691\" src=\"https:\/\/labs.icahn.mssm.edu\/swirskilab\/wp-content\/uploads\/sites\/394\/2024\/12\/Screenshot-2024-12-06-at-11.01.57.png\" alt=\"\" width=\"289\" height=\"375\" srcset=\"https:\/\/labs.icahn.mssm.edu\/swirskilab\/wp-content\/uploads\/sites\/394\/2024\/12\/Screenshot-2024-12-06-at-11.01.57.png 832w, https:\/\/labs.icahn.mssm.edu\/swirskilab\/wp-content\/uploads\/sites\/394\/2024\/12\/Screenshot-2024-12-06-at-11.01.57-232x300.png 232w, https:\/\/labs.icahn.mssm.edu\/swirskilab\/wp-content\/uploads\/sites\/394\/2024\/12\/Screenshot-2024-12-06-at-11.01.57-790x1024.png 790w, https:\/\/labs.icahn.mssm.edu\/swirskilab\/wp-content\/uploads\/sites\/394\/2024\/12\/Screenshot-2024-12-06-at-11.01.57-768x995.png 768w\" sizes=\"auto, (max-width: 289px) 100vw, 289px\" \/><\/p>\n<p><a href=\"mailto:mate.kiss@mssm.edu\">mate.kiss@mssm.edu<\/a><\/p>\n<p>M\u00e1t\u00e9 G. Kiss obtained an MSc in Medical Biotechnology from the University of P\u00e9cs, Medical School, P\u00e9cs, Hungary, graduating in 2013. He then pursued doctoral studies under the supervision of Prof. Christoph Binder at the Medical University of Vienna, Austria, investigating the effect of systemic vis-\u00e0-vis local complement activation on immune cell function in the context of cardiovascular disease. Having spent half a year as an exchange graduate student in the Swirski lab\u00a0in 2016, Dr Kiss rejoined the group as a postdoctoral fellow back at Massachusetts General Hospital and Harvard Medical School in September 2020. His current research focuses on identifying novel neuro-immuno pathways by which adequate sleep modulates adaptive immune responses and studying their impact on cardiovascular disease and autoimmune disorders.<\/p>\n<\/div>\n<\/div>\n<\/div>\n<\/div>\n<\/div>\n<\/div>\n<\/div>\n<div class=\"_3BpnlUwgtfNUWLoQytJYRy\">\n<div class=\"\">\n<div class=\"wide-content-host\">\n<div class=\"_3BL964mseejjC_nzEeda9o\" aria-label=\"Email message\">\n<div class=\"\">\n<div class=\"_3BhETwd_gm-1r4F5l6tY1P allowTextSelection\">\n<div class=\"_2utGtko8vVuCyN4b6XuYd-\">\n<div class=\"_3cCT-sJc1vQdLHJYCtN_YY\"><\/div>\n<\/div>\n<\/div>\n<\/div>\n<\/div>\n<\/div>\n<\/div>\n<\/div>\n","protected":false},"excerpt":{"rendered":"<p>mate.kiss@mssm.edu M\u00e1t\u00e9 G. Kiss obtained an MSc in Medical Biotechnology from the University of P\u00e9cs, Medical School, P\u00e9cs, Hungary, graduating in 2013. He then pursued doctoral studies under the supervision of Prof. Christoph Binder at the Medical University of Vienna, Austria, investigating the effect of systemic vis-\u00e0-vis local complement activation on immune cell function in [&hellip;]<\/p>\n","protected":false},"author":477,"featured_media":0,"parent":2,"menu_order":2,"comment_status":"closed","ping_status":"closed","template":"","meta":{"footnotes":""},"class_list":["post-312","page","type-page","status-publish","hentry"],"aioseo_notices":[],"_links":{"self":[{"href":"https:\/\/labs.icahn.mssm.edu\/swirskilab\/wp-json\/wp\/v2\/pages\/312","targetHints":{"allow":["GET"]}}],"collection":[{"href":"https:\/\/labs.icahn.mssm.edu\/swirskilab\/wp-json\/wp\/v2\/pages"}],"about":[{"href":"https:\/\/labs.icahn.mssm.edu\/swirskilab\/wp-json\/wp\/v2\/types\/page"}],"author":[{"embeddable":true,"href":"https:\/\/labs.icahn.mssm.edu\/swirskilab\/wp-json\/wp\/v2\/users\/477"}],"replies":[{"embeddable":true,"href":"https:\/\/labs.icahn.mssm.edu\/swirskilab\/wp-json\/wp\/v2\/comments?post=312"}],"version-history":[{"count":6,"href":"https:\/\/labs.icahn.mssm.edu\/swirskilab\/wp-json\/wp\/v2\/pages\/312\/revisions"}],"predecessor-version":[{"id":780,"href":"https:\/\/labs.icahn.mssm.edu\/swirskilab\/wp-json\/wp\/v2\/pages\/312\/revisions\/780"}],"up":[{"embeddable":true,"href":"https:\/\/labs.icahn.mssm.edu\/swirskilab\/wp-json\/wp\/v2\/pages\/2"}],"wp:attachment":[{"href":"https:\/\/labs.icahn.mssm.edu\/swirskilab\/wp-json\/wp\/v2\/media?parent=312"}],"curies":[{"name":"wp","href":"https:\/\/api.w.org\/{rel}","templated":true}]}}