{"id":20,"date":"2016-09-09T13:10:49","date_gmt":"2016-09-09T13:10:49","guid":{"rendered":"http:\/\/labs.icahn.mssm.edu\/stanleylab\/?page_id=20"},"modified":"2025-09-09T12:44:30","modified_gmt":"2025-09-09T12:44:30","slug":"publications","status":"publish","type":"page","link":"https:\/\/labs.icahn.mssm.edu\/stanleylab\/publications\/","title":{"rendered":"Publications"},"content":{"rendered":"<ul>\n<li>J.R.E. Carty, K. Devarakonda, R.M. O\u2019Connor, A. Krek, D. Espinoza, M. Jimenez-Gonzalez, A. Alvarsson, R.F. Hampton, R. Li, Y. Qiu, S Petri, A. Shtekler, A. Rajbhandari, K. Conner, M. Bayne, D. Garibay, J. Martin, V. Lehmann, L Wang, K Beaumont, I Kurland, GC Yuan, P.J. Kenny, S.A. Stanley,\u00a0Amygdala-liver signaling orchestrates glycemic responses to stress. <span style=\"text-decoration: underline\"><b>Nature<\/b><\/span>, 2025, Sept 3,<\/li>\n<li>J.R.E. Carty, K. Devarakonda, R.M. O\u2019Connor, A. Krek, D. Espinoza, M. Jimenez-Gonzalez, A. Alvarsson, R.F. Hampton, R. Li, Y. Qiu, S Petri, A. Shtekler, A. Rajbhandari, K. Conner, M. Bayne, D. Garibay, J. Martin, V. Lehmann, L Wang, K Beaumont, I Kurland, GC Yuan, P.J. Kenny, S.A. Stanley,\u00a0Amygdala-liver signaling orchestrates glycemic responses to stress. <span style=\"text-decoration: underline\"><b>Nature<\/b><\/span>, 2025 Sep 3. doi: 10.1038\/s41586-025-09420-1. Epub ahead of print. PMID: 40903586.<\/li>\n<li>Aldana M. Antoniazzi, Santiago R. Unda, Sofya Norman, Lisa E. Pomeranz, Roberta Marongiu, Sarah A. Stanley, Jeffrey M. Friedman, Michael G. Kaplitt. Non-invasive in vivo bidirectional magnetogenetic modulation of pain circuits. <u><b>Biorxiv<\/b><\/u>, doi: https:\/\/doi.org\/10.1101\/2025.03.18.644041.<\/li>\n<li>R.F. Hampton, M. Jimenez-Gonzalez, R. Kang, A. Alvarsson, D. Espinoza, J.R.E. Carty, F. Seibold, L. Lambertini, L. Alexeyev, R. Li, K. Devarakonda, G. Lu, B. Agyapong, J. Choudhury, M. Alon, D. Scott, A. Stewart, A. Garcia-Ocana, S.A. Stanley. Nutrient excess remodels islet autonomic innervation via pancreatic Schwann cells. <u><b>Biorxiv<\/b><\/u>, doi: https:\/\/doi.org\/10.1101\/2025.07.01.662442.<\/li>\n<li>Santiago R.\u00a0Unda,\u00a0Roberta\u00a0Marongiu,\u00a0Lisa E.\u00a0Pomeranz,\u00a0Jonathan P.\u00a0Dyke,\u00a0Edward K.\u00a0Fung,\u00a0Logan\u00a0Grosenick,\u00a0Rick\u00a0Zirkel,\u00a0Aldana. M.\u00a0Antoniazzi,\u00a0Sofya\u00a0Norman,\u00a0Conor M.\u00a0Liston, Chris\u00a0Schaffer,\u00a0Nozomi\u00a0Nishimura,\u00a0Jeffrey M.\u00a0Friedman#, Sarah Stanley#, Michael G.\u00a0Kaplitt#. #Co-senior authors. Bidirectional regulation of motor circuits using magnetogenetic gene therapy. <u><b>Science Advances<\/b><\/u>. 2024 Oct 11;10(41):eadp9150. doi: 10.1126\/sciadv.adp9150. Epub 2024 Oct 9. PMID: 39383230; PMCID: PMC11463271.<\/li>\n<li>Ferrario CR, M\u00fcnzberg-Gruening H, Rinaman L, Betley JN, Borgland SL, Dus M, Fadool DA, Medler KF, Morton GJ, Sandoval DA, de La Serre CB, Stanley SA, Townsend KL, Watts AG, Maruvada P, Cummings D, Cooke BM. Obesity- and diet-induced plasticity in systems that control eating and energy balance. <u><b>Obesity<\/b><\/u>. 2024 Aug;32(8):1425-1440. doi: 10.1002\/oby.24060. Epub 2024 Jul 15. PMID: 39010249; PMCID: PMC11269035.<\/li>\n<li>Vitaly Ryu, Anisa Gumerova, Ronit Witztum, Funda Korkmaz, Liam Cullen, Hasni Kannangara, Ofer Moldavski, Orly Barak, Daria Lizneva, Ki A. Goosens, Sarah Stanley, Se-Min Kim, Tony Yuen and Mone Zaidi. An Atlas of Brain\u2013Bone Sympathetic Neural Circuits in mice. <u><b>Elife<\/b><\/u>. 2024 Jul 4;13:e95727. doi: 10.7554\/eLife.95727. PMID: 38963696; PMCID: PMC11245306.<\/li>\n<li>Carolina Rosselot*, Alexandra Alvarsson*, Peng Wang*, Yansui Li, Kunal Kumar, Robert J. DeVita, Andrew F. Stewart#, Sarah A. Stanley#, Adolfo Garcia-Oca\u00f1a#. #Co-senior authors. Harmine and exendin-4 combination therapy safely expands human \u03b2 cell mass in vivo in a mouse xenograft system. <u><b>Science Translational Medicine<\/b><\/u> 2024, 16 (755), eadg3456.<\/li>\n<li>Jordan W. Mundell; Matthew I. Brier; Everest Orloff, Sarah A. Stanley, Jonathan\u00a0Dordick; Alternating Magnetic Fields Drive Stimulation of Gene Expression via Generation of Reactive Oxygen Species. <span style=\"text-decoration: underline\"><b>iScience<\/b><\/span>.\u00a02024 Feb 12;27(3):109186. doi: 10.1016\/j.isci.2024.109186<\/li>\n<li>Patel S, Sparman N, Arneson D, Alvarsson A, Santos L,\u00a0Duesman S, Centzone A, Hathaway E, InSookAhn Diamante G, Cely I, Cho C, Talari N, Rajbhandari A, Goedeke L, Wang P, Butte A, Blanpain C, Krishnan K, Luis A, Stanley S, Yang X and Rajbhandari P. Mammary duct luminal epithelium controls adipocyte thermogenic program. <u><b>Nature<\/b><\/u><u>,<\/u> 2023 Aug;620(7972):192-199.doi:\u00a0 10.1038\/s41586-023-06361-5. Epub 2023 Jul 26.<\/li>\n<li>Martinez-Sanchez N, Sweeney O, Sidarta-Oliveira D, Caron A, Stanley SA, Domingos AI. The sympathetic nervous system in the 21st century: Neuroimmune interactions in metabolic homeostasis and obesity. <u><b>Neuron<\/b><\/u>. 2022 Nov 2;110(21):3597-3626. doi: 10.1016\/j.neuron.2022.10.017. PMID: 36327900.<\/li>\n<li>Katz LS, Brill G, Zhang P, Kumar A, Baumel-Alterzon S, Honig LB, G\u00f3mez-Banoy N, Karakose E, Tanase M, Doridot L, Alvarsson A, Davenport B, Wang P, Lambertini L, Stanley SA, Homann D, Stewart AF, Lo JC, Herman MA, Garcia-Oca\u00f1a A, Scott DK. Maladaptive positive feedback production of ChREBP\u03b2 underlies glucotoxic \u03b2-cell failure. <span style=\"text-decoration: underline\"><b>Nat Commun<\/b><\/span>. 2022 Jul 30;13(1):4423. doi: 10.1038\/s41467-022-32162-x. PMCID: PMC9339008.<\/li>\n<li>Hampton RF, Jimenez-Gonzalez M, Stanley SA. Unravelling innervation of pancreatic islets. <u><b>Diabetologia<\/b><\/u>. 2022 Jul;65(7):1069-1084. doi: 10.1007\/s00125-022-05691-9. Epub 2022 Mar 29. PMID: 35348820; PMCID: PMC9205575.<\/li>\n<li>Jimenez-Gonzalez M, Li R, Pomeranz LE, Alvarsson A, Marongiu R, Hampton RF, Kaplitt MG, Vasavada RC, Schwartz GJ, Stanley SA. Mapping and targeted viral activation of pancreatic nerves in mice reveal their roles in the regulation of glucose metabolism. <u><b>Nature Biomedical Engineering<\/b><\/u>. 2022 Jul 14. doi: 10.1038\/s41551-022-00909-y. PMID: 35835995.,<\/li>\n<li>Alvarsson A, Jim\u00e9nez-Gonz\u00e1lez M, Li R, Tzavaras N, Wu Z, and Stanley S. Optical Clearing and 3D Analysis Optimized for Mouse and Human Pancreata. <u><b>Bio <\/b><\/u><u><b>Protoc<\/b><\/u>. 2021 Aug 5;11(15):e4103. doi: 10.21769\/BioProtoc.4103. PMID: 34458397; PMCID: PMC8376577.<\/li>\n<li>M Bayne, A Alvarsson*, K Devarakonda*, R Li, M Jimenez-Gonzalez, D Garibay, K Conner, M Varghese, M N Serasinghe, J E Chipuk, P R Hof, S A Stanley. Repeated hypoglycemia remodels neural inputs and disrupts mitochondrial function to blunt glucose-inhibited GHRH neuron responsiveness. <u><b>JCI Insight<\/b><\/u>, 2020 Nov 5(21)<\/li>\n<li>Alvarsson A, Jim\u00e9nez-Gonz\u00e1lez M, Li R, Tzavaras N, Wu Z, Stewart AF, Garcia-Oca\u00f1a A and Stanley S. A 3D atlas of the dynamic and regional variation of pancreatic innervation in diabetes. <u><b>Science Advances<\/b><\/u> 2020 Oct 9;6 (41)<\/li>\n<li>Matthew I Brier, Jordan W Mundell, Xiaofei Yu, Lichao Su, Alexander Holmann, Jessica Squeri, Baolin Zhang, Sarah A Stanley, Jeffrey M Friedman, Jonathan S Dordick, Uncovering a possible role of reactive oxygen species in magnetogenetics. <u><b>Scientific Reports<\/b><\/u>, 2020 Aug 4;10(1):13096<\/li>\n<li>Kim S, Taneja C, Perez-Pena H, Ryu V, Gumerova A, Li W, Ahmad N, Zhu L-L, Liu P, Mathew M, Korkmaz F, Gera S, Sant D, Hadelia E, Ievleva K, Kuo T-C, Miyashita H, Liu L, Tourkova I, Stanley S, Lizneva D, Iqbal J, Sun L, Tamler R, Blair H, New M, Haider S, Yuen T, Zaidi M Repurposing Erectile Dysfunction Drugs Tadalafil and Vardenafil to Increase Bone Mass. <u><b>PNAS<\/b><\/u> June 23, 2020 117 (25) 14386-14394<\/li>\n<li>Stanley SA, Moheet A, Seaquist ER. Central Mechanisms of Glucose Sensing and Counterregulation in Defense of Hypoglycemia. <u><b>Endocr<\/b><\/u><u><b> Rev<\/b><\/u><b>.<\/b> 2019 Jan 22. doi: 10.1210\/er.2018-00226.<\/li>\n<li>Devarakonda K, Stanley SA. Investigating metabolic regulation using targeted neuromodulation<u>. <\/u><u><b>Ann N Y <\/b><\/u><u><b>Acad<\/b><\/u><u><b> Sci<\/b><\/u>. 2018 Jan;1411(1):83-95. doi: 10.1111\/nyas.13468.<\/li>\n<li>Alvarsson A, Stanley SA. Remote control of glucose-sensing neurons to analyze glucose metabolism. <u><b>Am J <\/b><\/u><u><b>Physiol<\/b><\/u><u><b> Endocrinol <\/b><\/u><u><b>Metab<\/b><\/u>. 2018 Sep 1;315(3):E327-E339. doi: 10.1152\/ajpendo.00469.2017. Epub 2018 May 29.<\/li>\n<li>Sanchez-Rodriguez S, Sauer J, Stanley S, Qian X, Friedman J and Dordick J Plasmonic Activation of Gold Nanorods for Remote Stimulation of Calcium Signaling and Protein Expression in HEK 293T Cells. <u><b>Biotechnology and Bioengineering<\/b><\/u>, 2016 Oct;113(10):2228-40<\/li>\n<li>Stanley S, Kelly L, Latcha K, Schmidt S, Yu X, Nectow A, Sauer J, Dyke J, Dordick and Friedman JM. Bidirectional electromagnetic control of the hypothalamus regulates feeding and metabolism. <u><b>Nature<\/b><\/u>, 2016 Mar 31;531(7596):647-50<\/li>\n<li>Stanley S, Sauer J, Kane R, Dordick JS, Friedman JM. Remote regulation of glucose homeostasis in mice using genetically encoded nanoparticle, <u><b>Nature Medicine<\/b><\/u>, 2015 Jan;21(1):92-8.<\/li>\n<li>Stanley S, Domingos AI, Kelly L, Garfield A, Damanpour S, Heisler L, Friedman JM. Profiling of Glucose-sensing Neurons reveals that GHRH Neurons are activated by Hypoglycemia. <u><b>Cell Metabolism<\/b><\/u>, 2013, Oct 1, 18(4), 596-607<\/li>\n<li>Stanley S, Gagner JE, Damanpour S, Yoshida S, Dordick JS, Friedman JM. Radio-Wave Heating of Iron Oxide Nanoparticles Can Regulate Plasma Glucose in Mice. <u><b>Science<\/b><\/u><u>,<\/u> 2012 May 4 2012, VOL 336, 604-607<\/li>\n<li>P\u00e9rez C, Stanley S, Wysocki RW, Havranova J, Ahrens-Nicklas R, Onyimba F, Friedman JM. Molecular annotation of integrative feeding neural circuits. <u><b>Cell <\/b><\/u><u><b>Metab<\/b><\/u><u>. <\/u>2011 Feb 2;13(2):222-32.<\/li>\n<li>Stanley S, Pinto S, Segal J, P\u00e9rez CA, Viale A, DeFalco J, Cai X, Heisler LK, Friedman JM. Identification of neuronal subpopulations that project from hypothalamus to both liver and adipose tissue polysynaptically. <u><b>Proc Natl <\/b><\/u><u><b>Acad<\/b><\/u><u><b> Sci<\/b><\/u> U S A. 2010 Apr 13;107(15):7024-9.<\/li>\n<\/ul>\n","protected":false},"excerpt":{"rendered":"<p>J.R.E. Carty, K. Devarakonda, R.M. O\u2019Connor, A. Krek, D. Espinoza, M. Jimenez-Gonzalez, A. Alvarsson, R.F. Hampton, R. Li, Y. Qiu, S Petri, A. Shtekler, A. Rajbhandari, K. Conner, M. Bayne, D. Garibay, J. Martin, V. Lehmann, L Wang, K Beaumont, I Kurland, GC Yuan, P.J. Kenny, S.A. Stanley,\u00a0Amygdala-liver signaling orchestrates glycemic responses to stress. Nature, [&hellip;]<\/p>\n","protected":false},"author":196,"featured_media":0,"parent":0,"menu_order":0,"comment_status":"closed","ping_status":"closed","template":"","meta":{"_et_pb_use_builder":"off","_et_pb_old_content":"","_et_gb_content_width":"","footnotes":""},"class_list":["post-20","page","type-page","status-publish","hentry"],"aioseo_notices":[],"_links":{"self":[{"href":"https:\/\/labs.icahn.mssm.edu\/stanleylab\/wp-json\/wp\/v2\/pages\/20","targetHints":{"allow":["GET"]}}],"collection":[{"href":"https:\/\/labs.icahn.mssm.edu\/stanleylab\/wp-json\/wp\/v2\/pages"}],"about":[{"href":"https:\/\/labs.icahn.mssm.edu\/stanleylab\/wp-json\/wp\/v2\/types\/page"}],"author":[{"embeddable":true,"href":"https:\/\/labs.icahn.mssm.edu\/stanleylab\/wp-json\/wp\/v2\/users\/196"}],"replies":[{"embeddable":true,"href":"https:\/\/labs.icahn.mssm.edu\/stanleylab\/wp-json\/wp\/v2\/comments?post=20"}],"version-history":[{"count":15,"href":"https:\/\/labs.icahn.mssm.edu\/stanleylab\/wp-json\/wp\/v2\/pages\/20\/revisions"}],"predecessor-version":[{"id":130,"href":"https:\/\/labs.icahn.mssm.edu\/stanleylab\/wp-json\/wp\/v2\/pages\/20\/revisions\/130"}],"wp:attachment":[{"href":"https:\/\/labs.icahn.mssm.edu\/stanleylab\/wp-json\/wp\/v2\/media?parent=20"}],"curies":[{"name":"wp","href":"https:\/\/api.w.org\/{rel}","templated":true}]}}