
{"id":323,"date":"2023-12-14T19:51:05","date_gmt":"2023-12-14T19:51:05","guid":{"rendered":"https:\/\/labs.icahn.mssm.edu\/slylab\/?page_id=323"},"modified":"2023-12-14T21:21:03","modified_gmt":"2023-12-14T21:21:03","slug":"awesome-research-study","status":"publish","type":"page","link":"https:\/\/labs.icahn.mssm.edu\/slylab\/awesome-research-study\/","title":{"rendered":"AWESOME Research Study"},"content":{"rendered":"<p>[et_pb_section fb_built=&#8221;1&#8243; _builder_version=&#8221;4.9.0&#8243; _module_preset=&#8221;default&#8221;][et_pb_row _builder_version=&#8221;4.9.0&#8243; _module_preset=&#8221;default&#8221; width=&#8221;35%&#8221;][et_pb_column type=&#8221;4_4&#8243; _builder_version=&#8221;4.9.0&#8243; _module_preset=&#8221;default&#8221;][\/et_pb_column][\/et_pb_row][et_pb_row _builder_version=&#8221;4.9.0&#8243; _module_preset=&#8221;default&#8221;][et_pb_column type=&#8221;4_4&#8243; _builder_version=&#8221;4.9.0&#8243; _module_preset=&#8221;default&#8221;][et_pb_text _builder_version=&#8221;4.9.0&#8243; _module_preset=&#8221;default&#8221;]<\/p>\n<h4 style=\"text-align: center\">Click below to learn about places that you can get screening, treatment, and support for breast cancer:<\/h4>\n<p>[\/et_pb_text][\/et_pb_column][\/et_pb_row][et_pb_row _builder_version=&#8221;4.9.0&#8243; _module_preset=&#8221;default&#8221;][et_pb_column type=&#8221;4_4&#8243; _builder_version=&#8221;4.9.0&#8243; _module_preset=&#8221;default&#8221;][et_pb_text _builder_version=&#8221;4.9.0&#8243; _module_preset=&#8221;default&#8221;]<\/p>\n<h1 style=\"text-align: center\"><span style=\"text-decoration: underline;color: #0000ff\"><a href=\"https:\/\/docs.google.com\/document\/d\/1PAhWfjCdRI0_kVnJ9c_XjWkHUXCXIBn5\/edit?usp=sharing&amp;ouid=114333179464191740609&amp;rtpof=true&amp;sd=true\" style=\"color: #0000ff;text-decoration: underline\">Breast Cancer Screening and Treatment Resource Guide<\/a><\/span><\/h1>\n<p>[\/et_pb_text][\/et_pb_column][\/et_pb_row][et_pb_row _builder_version=&#8221;4.9.0&#8243; _module_preset=&#8221;default&#8221;][et_pb_column type=&#8221;4_4&#8243; _builder_version=&#8221;4.9.0&#8243; _module_preset=&#8221;default&#8221;][et_pb_text _builder_version=&#8221;4.9.0&#8243; _module_preset=&#8221;default&#8221;]<\/p>\n<h4 style=\"text-align: center\">Cliquez ci-dessous pour d\u00e9couvrir les endroits o\u00f9 vous pouvez obtenir des d\u00e9pistages, des traitements et un soutien pour le cancer du sein :<\/h4>\n<p>[\/et_pb_text][\/et_pb_column][\/et_pb_row][et_pb_row _builder_version=&#8221;4.9.0&#8243; _module_preset=&#8221;default&#8221;][et_pb_column type=&#8221;4_4&#8243; _builder_version=&#8221;4.9.0&#8243; _module_preset=&#8221;default&#8221;][et_pb_text _builder_version=&#8221;4.9.0&#8243; _module_preset=&#8221;default&#8221;]<\/p>\n<div class=\"group w-full text-gray-800 dark:text-gray-100 border-b border-black\/10 dark:border-gray-900\/50 bg-gray-50 dark:bg-[#444654]\">\n<div class=\"flex p-4 gap-4 text-base md:gap-6 md:max-w-2xl lg:max-w-[38rem] xl:max-w-3xl md:py-6 lg:px-0 m-auto\">\n<div class=\"relative flex w-[calc(100%-50px)] flex-col gap-1 md:gap-3 lg:w-[calc(100%-115px)]\">\n<div class=\"flex flex-grow flex-col gap-3\">\n<div class=\"min-h-[20px] flex flex-col items-start gap-4 whitespace-pre-wrap break-words\">\n<div class=\"markdown prose w-full break-words dark:prose-invert light\">\n<h2 style=\"text-align: center\"><span style=\"text-decoration: underline;color: #0000ff\"><a href=\"https:\/\/docs.google.com\/document\/d\/1APxFoZfwPrkpPlFW9hE8GhNwwXsaBXFU\/edit?usp=sharing&amp;ouid=114333179464191740609&amp;rtpof=true&amp;sd=true\" style=\"color: #0000ff;text-decoration: underline\">Guide des ressources sur le d\u00e9pistage et le traitement du cancer du sein<\/a><\/span><\/h2>\n<\/div>\n<\/div>\n<\/div>\n<div class=\"flex justify-between lg:block\">\n<div class=\"text-gray-400 flex self-end lg:self-center justify-center mt-2 gap-2 md:gap-3 lg:gap-1 lg:absolute lg:top-0 lg:translate-x-full lg:right-0 lg:mt-0 lg:pl-2 visible\">\n<p><button class=\"flex ml-auto gap-2 rounded-md p-1 hover:bg-gray-100 hover:text-gray-700 dark:text-gray-400 dark:hover:bg-gray-700 dark:hover:text-gray-200 disabled:dark:hover:text-gray-400\"><\/button><\/p>\n<div class=\"flex gap-1\"><\/div>\n<\/div>\n<\/div>\n<\/div>\n<\/div>\n<\/div>\n<p>[\/et_pb_text][\/et_pb_column][\/et_pb_row][et_pb_row _builder_version=&#8221;4.9.0&#8243; _module_preset=&#8221;default&#8221;][et_pb_column type=&#8221;4_4&#8243; _builder_version=&#8221;4.9.0&#8243; _module_preset=&#8221;default&#8221;][et_pb_cta title=&#8221;English Program Slides&#8221; button_url=&#8221;https:\/\/labs.icahn.mssm.edu\/slylab\/wp-content\/uploads\/sites\/472\/2023\/06\/AWESOME-Workshop-FINAL-1.pdf&#8221; button_text=&#8221;Click Here to Download&#8221; _builder_version=&#8221;4.9.0&#8243; _module_preset=&#8221;default&#8221;][\/et_pb_cta][et_pb_cta title=&#8221;Diapositives du programme fran\u00e7ais&#8221; button_url=&#8221;https:\/\/labs.icahn.mssm.edu\/slylab\/wp-content\/uploads\/sites\/472\/2023\/06\/French-AWESOME-Workshop-FINAL-PDF.pdf&#8221; button_text=&#8221;Cliquez ici pour t\u00e9l\u00e9charger&#8221; _builder_version=&#8221;4.9.0&#8243; _module_preset=&#8221;default&#8221;][\/et_pb_cta][\/et_pb_column][\/et_pb_row][et_pb_row _builder_version=&#8221;4.9.0&#8243; _module_preset=&#8221;default&#8221;][et_pb_column type=&#8221;4_4&#8243; _builder_version=&#8221;4.9.0&#8243; _module_preset=&#8221;default&#8221;][et_pb_image src=&#8221;https:\/\/labs.icahn.mssm.edu\/slylab\/wp-content\/uploads\/sites\/472\/2023\/04\/AWESOME-LOGO-COLOR.png&#8221; title_text=&#8221;AWESOME LOGO COLOR&#8221; _builder_version=&#8221;4.9.0&#8243; _module_preset=&#8221;default&#8221; width=&#8221;39%&#8221; module_alignment=&#8221;center&#8221; custom_padding=&#8221;||0px|||&#8221;][\/et_pb_image][et_pb_text _builder_version=&#8221;4.9.0&#8243; _module_preset=&#8221;default&#8221;]<\/p>\n<p><span style=\"font-size: 15px\"><\/span><\/p>\n<p>&nbsp;<\/p>\n<p><span style=\"font-size: 15px\">First, we conducted qualitative and quantitative research with African-born women and community leaders in NYC to understand the barriers and facilitators to completing mammography screening for this community.\u00a0<span>See our recent publication here:\u00a0<\/span><\/span><a href=\"https:\/\/link.springer.com\/article\/10.1007\/s40615-023-01865-2\">Identifying Frequently Endorsed Benefits and Barriers to Breast Cancer Screening for African-Born Women in the NYC Metropolitan Area: a Pilot Study.<\/a><\/p>\n<p>&nbsp;<\/p>\n<p><span style=\"font-size: 15px\">Next, we conducted research to<\/span><span style=\"font-size: 15px\">\u00a0pilot test a resource-sharing focused educational program called AWESOME (African Women Ending Stigma on Mammography Exams) adapted from the Witness Project, which is an educational program designed for African American women.\u00a0The AWESOME program offered information about the benefits of early detection of breast cancer screening and education about disparities in breast cancer, addressed the unique barriers and facilitators of African immigrant women identified in the first phase of this study, and provided relevant screening and healthcare resources. The programs disseminated relevant, up-to-date information about breast cancer to eligible African-born immigrant women.<\/span><\/p>\n<p>&nbsp;<\/p>\n<p>We worked alongside community and religious partner organizations to host 8 programs: 3 in person programs in English, 3 in person programs in French, 1 virtual program in English, and 1 virtual program in French.<\/p>\n<p>&nbsp;<\/p>\n<p>Research participants were:\u00a0<span style=\"font-size: 15px\">1) be 38 years of age or older;\u00a0<\/span><span style=\"font-size: 15px\">2) have been born in Africa;\u00a0<\/span><span style=\"font-size: 15px\">3) speak English and\/or French;\u00a0<\/span><span style=\"font-size: 15px\">4) (for attendees of virtual programs only) have a smartphone or computer with access to Zoom.<\/span><\/p>\n<p>&nbsp;<\/p>\n<p>We have now concluded this research study and are working on the data analysis.<span style=\"font-size: 15px\"><\/span><\/p>\n<p>&nbsp;<\/p>\n<p><span style=\"font-size: 15px\"><\/span><\/p>\n<p>&nbsp;<\/p>\n<p><span style=\"font-size: 15px\"><\/span><\/p>\n<p>&nbsp;<\/p>\n<p>Tout d&#8217;abord, nous avons r\u00e9alis\u00e9 des recherches qualitatives et quantitatives aupr\u00e8s de femmes n\u00e9es en Afrique et de leaders communautaires \u00e0 New York afin de comprendre les obstacles et les facilitateurs li\u00e9s \u00e0 la r\u00e9alisation de d\u00e9pistages mammographiques au sein de cette communaut\u00e9. Ensuite, nous avons effectu\u00e9 des recherches pour tester de mani\u00e8re pilote un programme \u00e9ducatif ax\u00e9 sur le partage de ressources appel\u00e9 AWESOME (African Women Ending Stigma on Mammography Exams), adapt\u00e9 du Witness Project, un programme \u00e9ducatif con\u00e7u pour les femmes afro-am\u00e9ricaines. Le programme AWESOME fournissait des informations sur les avantages de la d\u00e9tection pr\u00e9coce du cancer du sein et \u00e9duquait sur les disparit\u00e9s en mati\u00e8re de cancer du sein. Il abordait les obstacles et facilitateurs uniques des femmes immigr\u00e9es africaines identifi\u00e9s dans la premi\u00e8re phase de cette \u00e9tude, tout en fournissant des ressources pertinentes en mati\u00e8re de d\u00e9pistage et de soins de sant\u00e9. Les programmes diffusaient des informations actuelles sur le cancer du sein aupr\u00e8s des femmes immigr\u00e9es africaines \u00e9ligibles.<\/p>\n<p>&nbsp;<\/p>\n<p>Nous avons travaill\u00e9 en collaboration avec des organisations partenaires communautaires et religieuses pour organiser huit programmes : trois en personne en anglais, trois en personne en fran\u00e7ais, un programme virtuel en anglais et un programme virtuel en fran\u00e7ais.<\/p>\n<p>&nbsp;<\/p>\n<p>Les participants \u00e0 l&#8217;\u00e9tude devaient : 1) avoir 38 ans ou plus ; 2) \u00eatre n\u00e9s en Afrique ; 3) parler anglais et\/ou fran\u00e7ais ; 4) (uniquement pour les participants aux programmes virtuels) disposer d&#8217;un smartphone ou d&#8217;un ordinateur avec acc\u00e8s \u00e0 Zoom.<\/p>\n<p>&nbsp;<\/p>\n<p>Nous avons maintenant conclu cette \u00e9tude de recherche et travaillons sur l&#8217;analyse des donn\u00e9es.<\/p>\n<p>&nbsp;<\/p>\n<p><span style=\"font-size: 15px\"><\/span><\/p>\n<p>&nbsp;<\/p>\n<p><span style=\"font-size: 15px\"><\/span><\/p>\n<p>&nbsp;<\/p>\n<p><span style=\"font-size: 15px\"><\/span><\/p>\n<p>&nbsp;<\/p>\n<p><span style=\"font-size: 15px\"><\/span><\/p>\n<p>&nbsp;<\/p>\n<p>[\/et_pb_text][\/et_pb_column][\/et_pb_row][\/et_pb_section]<\/p>\n","protected":false},"excerpt":{"rendered":"<p>Click below to learn about places that you can get screening, treatment, and support for breast cancer:Breast Cancer Screening and Treatment Resource GuideCliquez ci-dessous pour d\u00e9couvrir les endroits o\u00f9 vous pouvez obtenir des d\u00e9pistages, des traitements et un soutien pour le cancer du sein : Guide des ressources sur le d\u00e9pistage et le traitement du [&hellip;]<\/p>\n","protected":false},"author":590,"featured_media":0,"parent":0,"menu_order":0,"comment_status":"closed","ping_status":"closed","template":"","meta":{"_et_pb_use_builder":"on","_et_pb_old_content":"","_et_gb_content_width":"","footnotes":""},"class_list":["post-323","page","type-page","status-publish","hentry"],"aioseo_notices":[],"_links":{"self":[{"href":"https:\/\/labs.icahn.mssm.edu\/slylab\/wp-json\/wp\/v2\/pages\/323","targetHints":{"allow":["GET"]}}],"collection":[{"href":"https:\/\/labs.icahn.mssm.edu\/slylab\/wp-json\/wp\/v2\/pages"}],"about":[{"href":"https:\/\/labs.icahn.mssm.edu\/slylab\/wp-json\/wp\/v2\/types\/page"}],"author":[{"embeddable":true,"href":"https:\/\/labs.icahn.mssm.edu\/slylab\/wp-json\/wp\/v2\/users\/590"}],"replies":[{"embeddable":true,"href":"https:\/\/labs.icahn.mssm.edu\/slylab\/wp-json\/wp\/v2\/comments?post=323"}],"version-history":[{"count":5,"href":"https:\/\/labs.icahn.mssm.edu\/slylab\/wp-json\/wp\/v2\/pages\/323\/revisions"}],"predecessor-version":[{"id":353,"href":"https:\/\/labs.icahn.mssm.edu\/slylab\/wp-json\/wp\/v2\/pages\/323\/revisions\/353"}],"wp:attachment":[{"href":"https:\/\/labs.icahn.mssm.edu\/slylab\/wp-json\/wp\/v2\/media?parent=323"}],"curies":[{"name":"wp","href":"https:\/\/api.w.org\/{rel}","templated":true}]}}