
{"id":2494,"date":"2022-12-20T11:44:55","date_gmt":"2022-12-20T16:44:55","guid":{"rendered":"https:\/\/labs.icahn.mssm.edu\/design\/?page_id=2494"},"modified":"2024-05-13T17:16:37","modified_gmt":"2024-05-13T21:16:37","slug":"publications","status":"publish","type":"page","link":"https:\/\/labs.icahn.mssm.edu\/shahlab\/publications\/","title":{"rendered":"Publications"},"content":{"rendered":"<p><strong>Full publication list can be found <\/strong><a href=\"https:\/\/www.ncbi.nlm.nih.gov\/sites\/myncbi\/14m4PZ6wYkmkC\/bibliography\/51972678\/public\/?sortby=pubDate&amp;sdirection=descending\"><span data-contrast=\"none\">here<\/span><\/a><span data-contrast=\"none\">.<\/span><span data-ccp-props=\"{&quot;134233117&quot;:false,&quot;134233118&quot;:false,&quot;201341983&quot;:0,&quot;335551550&quot;:1,&quot;335551620&quot;:1,&quot;335559685&quot;:0,&quot;335559737&quot;:0,&quot;335559738&quot;:0,&quot;335559739&quot;:0,&quot;335559740&quot;:240}\">\u00a0<\/span><\/p>\n<p><b><span data-contrast=\"none\"><em>Select Publications<\/em>:<\/span><\/b><span data-ccp-props=\"{&quot;134233117&quot;:false,&quot;134233118&quot;:false,&quot;201341983&quot;:0,&quot;335551550&quot;:1,&quot;335551620&quot;:1,&quot;335559685&quot;:0,&quot;335559737&quot;:0,&quot;335559738&quot;:0,&quot;335559739&quot;:0,&quot;335559740&quot;:240}\">\u00a0<\/span><\/p>\n<p><a href=\"https:\/\/www.atsjournals.org\/doi\/10.1513\/AnnalsATS.202309-799OC\"><b><span data-contrast=\"none\">Heterogeneous Effects of CPAP in Non-Sleepy OSA on CVD Outcomes: Post-hoc Machine Learning Analysis of the ISAACC Trial (ECSACT Study)<\/span><\/b><\/a><span data-ccp-props=\"{&quot;134233117&quot;:false,&quot;134233118&quot;:false,&quot;201341983&quot;:0,&quot;335551550&quot;:1,&quot;335551620&quot;:1,&quot;335559685&quot;:0,&quot;335559737&quot;:0,&quot;335559738&quot;:0,&quot;335559739&quot;:0,&quot;335559740&quot;:240}\"><br \/>\n<\/span><span data-contrast=\"none\">Cohen, O., S\u00e1nchez-de-la-Torre, M., Al-Taie, Z., Khan, S., Kundel, V., Kovacic, J. C., Gracia-Lavedan, E., de Batlle, J., Nadkarni, G., Barb\u00e9, F., Su\u00e1rez-Fari\u00f1as, M., &amp; <\/span><b><span data-contrast=\"none\">Shah, N. A<\/span><\/b><span data-contrast=\"none\">.<br \/>\n<\/span><i><span data-contrast=\"none\">Annals of the American Thoracic Society, <\/span><\/i><span data-contrast=\"none\">2024, PMID: 38358332<\/span><span data-ccp-props=\"{&quot;134233117&quot;:false,&quot;134233118&quot;:false,&quot;201341983&quot;:0,&quot;335551550&quot;:1,&quot;335551620&quot;:1,&quot;335559685&quot;:0,&quot;335559737&quot;:0,&quot;335559738&quot;:0,&quot;335559739&quot;:0,&quot;335559740&quot;:240}\">\u00a0<\/span><\/p>\n<p><a href=\"http:\/\/v\/\"><b><span data-contrast=\"none\">Reimagining obstructive sleep apnoea: a new era for sleep medicine<\/span><\/b><\/a><br \/>\n<span data-contrast=\"none\">Kundel, V., Cohen, O., &amp; <strong>Shah, N. A.<\/strong><\/span><span data-ccp-props=\"{&quot;134233117&quot;:false,&quot;134233118&quot;:false,&quot;201341983&quot;:0,&quot;335551550&quot;:1,&quot;335551620&quot;:1,&quot;335559685&quot;:0,&quot;335559737&quot;:0,&quot;335559738&quot;:0,&quot;335559739&quot;:0,&quot;335559740&quot;:240}\"><br \/>\n<\/span><i><span data-contrast=\"none\">The Lancet Respiratory medicine<\/span><\/i><span data-contrast=\"none\">, 2023, 11(11), 956\u2013958. PMID: 37914468<\/span><span data-ccp-props=\"{&quot;134233117&quot;:false,&quot;134233118&quot;:false,&quot;201341983&quot;:0,&quot;335551550&quot;:1,&quot;335551620&quot;:1,&quot;335559685&quot;:0,&quot;335559737&quot;:0,&quot;335559738&quot;:0,&quot;335559739&quot;:0,&quot;335559740&quot;:240}\">\u00a0<\/span><\/p>\n<p><a href=\"https:\/\/www.atsjournals.org\/doi\/10.1513\/AnnalsATS.202210-897OC\"><b><span data-contrast=\"none\">Advanced Proteomics and Cluster Analysis for Identifying Novel Obstructive Sleep Apnea Subtypes before and after Continuous Positive Airway Pressure Therapy.<\/span><\/b><\/a><br \/>\n<span data-contrast=\"none\">Kundel, V., Cohen, O., Khan, S., Patel, M., Kim-Schulze, S., Kovacic, J., Su\u00e1rez-Fari\u00f1as, M., &amp; <\/span><b><span data-contrast=\"none\">Shah, N. A.\u00a0<\/span><\/b><span data-ccp-props=\"{&quot;134233117&quot;:false,&quot;134233118&quot;:false,&quot;201341983&quot;:0,&quot;335551550&quot;:1,&quot;335551620&quot;:1,&quot;335559685&quot;:0,&quot;335559737&quot;:0,&quot;335559738&quot;:0,&quot;335559739&quot;:0,&quot;335559740&quot;:240}\"><br \/>\n<\/span><i><span data-contrast=\"none\">Annals of the American Thoracic Society, <\/span><\/i><span data-contrast=\"none\">2023, 20(7), 1038\u20131047.\u00a0 PMID: 36780659<\/span><span data-ccp-props=\"{&quot;134233117&quot;:false,&quot;134233118&quot;:false,&quot;201341983&quot;:0,&quot;335551550&quot;:1,&quot;335551620&quot;:1,&quot;335559685&quot;:0,&quot;335559737&quot;:0,&quot;335559738&quot;:0,&quot;335559739&quot;:0,&quot;335559740&quot;:240}\">\u00a0<\/span><\/p>\n<p><a href=\"https:\/\/www.atsjournals.org\/doi\/10.1513\/AnnalsATS.202207-594OC\"><b><span data-contrast=\"none\">Pharyngeal Inflammation on Positron Emission Tomography\/Magnetic Resonance Imaging Before and After Obstructive Sleep Apnea Treatment.<\/span><\/b><\/a><span data-ccp-props=\"{&quot;134233117&quot;:false,&quot;134233118&quot;:false,&quot;201341983&quot;:0,&quot;335551550&quot;:1,&quot;335551620&quot;:1,&quot;335559685&quot;:0,&quot;335559737&quot;:0,&quot;335559738&quot;:0,&quot;335559739&quot;:0,&quot;335559740&quot;:240}\"><br \/>\n<\/span><span data-contrast=\"none\">Cohen, O., Kaufman, A. E., Choi, H., Khan, S., Robson, P. M., Su\u00e1rez-Fari\u00f1as, M., Mani, V., &amp; <strong>Shah, N. A.\u00a0<\/strong><\/span><span data-ccp-props=\"{&quot;134233117&quot;:false,&quot;134233118&quot;:false,&quot;201341983&quot;:0,&quot;335551550&quot;:1,&quot;335551620&quot;:1,&quot;335559685&quot;:0,&quot;335559737&quot;:0,&quot;335559738&quot;:0,&quot;335559739&quot;:0,&quot;335559740&quot;:240}\"><br \/>\n<\/span><i><span data-contrast=\"none\">Annals of the American Thoracic Society<\/span><\/i><span data-contrast=\"none\">, 2023, 20(4), 574\u2013583. PMID: 36476449<\/span><span data-ccp-props=\"{&quot;134233117&quot;:false,&quot;134233118&quot;:false,&quot;201341983&quot;:0,&quot;335551550&quot;:1,&quot;335551620&quot;:1,&quot;335559685&quot;:0,&quot;335559737&quot;:0,&quot;335559738&quot;:0,&quot;335559739&quot;:0,&quot;335559740&quot;:240}\">\u00a0<\/span><\/p>\n<p><a href=\"https:\/\/www.nature.com\/articles\/s44161-022-00190-x\"><b><span data-contrast=\"none\">Sleep Calibrates Atherosclerotic Cardiovascular Disease <\/span><\/b><\/a><br \/>\n<span data-contrast=\"none\">Cohen O, <strong>Shah N. A<\/strong>., McAlpine C.\u00a0<\/span><span data-ccp-props=\"{&quot;134233117&quot;:false,&quot;134233118&quot;:false,&quot;201341983&quot;:0,&quot;335551550&quot;:1,&quot;335551620&quot;:1,&quot;335559685&quot;:0,&quot;335559737&quot;:0,&quot;335559738&quot;:0,&quot;335559739&quot;:0,&quot;335559740&quot;:240}\"><br \/>\n<\/span><i><span data-contrast=\"none\">Nature Cardiovascular Research<\/span><\/i><span data-contrast=\"none\">, 2022, 1, 1104-1106. PMID: 37384127<\/span><span data-ccp-props=\"{&quot;134233117&quot;:false,&quot;134233118&quot;:false,&quot;201341983&quot;:0,&quot;335551550&quot;:1,&quot;335551620&quot;:1,&quot;335559685&quot;:0,&quot;335559737&quot;:0,&quot;335559738&quot;:0,&quot;335559739&quot;:0,&quot;335559740&quot;:240}\">\u00a0<\/span><\/p>\n<p><a href=\"https:\/\/link.springer.com\/article\/10.1007\/s10554-022-02743-4\"><b><span data-contrast=\"none\">Sleep Apnea and Carotid Atherosclerosis in the Multi-Ethnic Study of Atherosclerosis (MESA): Leveraging State-of-the-Art Vascular Imaging<\/span><\/b><\/a><span data-ccp-props=\"{&quot;134233117&quot;:false,&quot;134233118&quot;:false,&quot;201341983&quot;:0,&quot;335551550&quot;:1,&quot;335551620&quot;:1,&quot;335559685&quot;:0,&quot;335559737&quot;:0,&quot;335559738&quot;:0,&quot;335559739&quot;:0,&quot;335559740&quot;:240}\"><br \/>\n<\/span><span data-contrast=\"none\"><strong>Shah N. A.<\/strong>, Reid M, Mani V, Kundel V, Kaplan RC, Kizer JR, Fayad ZA, Shea S, Redline S.\u00a0<\/span><span data-ccp-props=\"{&quot;134233117&quot;:false,&quot;134233118&quot;:false,&quot;201341983&quot;:0,&quot;335551550&quot;:1,&quot;335551620&quot;:1,&quot;335559685&quot;:0,&quot;335559737&quot;:0,&quot;335559738&quot;:0,&quot;335559739&quot;:0,&quot;335559740&quot;:240}\"><br \/>\n<\/span><i><span data-contrast=\"none\">The International Journal of Cardiovascular Imaging<\/span><\/i><span data-contrast=\"none\">. 2023, 39(3):621-630. PMID: 36316593<\/span><span data-ccp-props=\"{&quot;134233117&quot;:false,&quot;134233118&quot;:false,&quot;201341983&quot;:0,&quot;335551550&quot;:1,&quot;335551620&quot;:1,&quot;335559685&quot;:0,&quot;335559737&quot;:0,&quot;335559738&quot;:0,&quot;335559739&quot;:0,&quot;335559740&quot;:240}\">\u00a0<\/span><\/p>\n<p><a href=\"https:\/\/link.springer.com\/article\/10.1007\/s11325-021-02480-3\"><b><span data-contrast=\"none\">Novel Non-Invasive Assessment of Upper Airway Inflammation in Obstructive Sleep Apnea using Positron Emission Tomography\/Magnetic Resonance Imaging.<\/span><\/b><\/a><br \/>\n<span data-contrast=\"none\">Cohen O, John MM, Kaufman AE, Kundel V, Burschtin O, Khan S, Fayad Z, Mani V, <strong>Shah N. A<\/strong>.\u00a0<\/span><span data-ccp-props=\"{&quot;134233117&quot;:false,&quot;134233118&quot;:false,&quot;201341983&quot;:0,&quot;335551550&quot;:1,&quot;335551620&quot;:1,&quot;335559685&quot;:0,&quot;335559737&quot;:0,&quot;335559738&quot;:0,&quot;335559739&quot;:0,&quot;335559740&quot;:240}\"><br \/>\n<\/span><i><span data-contrast=\"none\">Sleep and Breathing<\/span><\/i><span data-contrast=\"none\">. 2022, 26(3):1087-1096. PMID: 34448065<\/span><span data-ccp-props=\"{&quot;134233117&quot;:false,&quot;134233118&quot;:false,&quot;201341983&quot;:0,&quot;335551550&quot;:1,&quot;335551620&quot;:1,&quot;335559685&quot;:0,&quot;335559737&quot;:0,&quot;335559738&quot;:0,&quot;335559739&quot;:0,&quot;335559740&quot;:240}\">\u00a0<\/span><\/p>\n<p><a href=\"https:\/\/www.dovepress.com\/measuring-visceral-adipose-tissue-metabolic-activity-in-sleep-apnea-ut-peer-reviewed-fulltext-article-NSS\"><b><span data-contrast=\"none\">Measuring Visceral Adipose Tissue Metabolic Activity in Sleep Apnea Utilizing Hybrid 18F-FDG PET\/MRI: A Pilot Study<\/span><\/b><\/a><span data-ccp-props=\"{&quot;134233117&quot;:false,&quot;134233118&quot;:false,&quot;201341983&quot;:0,&quot;335551550&quot;:1,&quot;335551620&quot;:1,&quot;335559685&quot;:0,&quot;335559737&quot;:0,&quot;335559738&quot;:0,&quot;335559739&quot;:0,&quot;335559740&quot;:240}\"><br \/>\n<\/span><span data-contrast=\"none\">Kundel, V., Lehane, D., Ramachandran, S., Fayad, Z., Robson, P., <strong>Shah, N.A<\/strong>., &amp; Mani, V.\u00a0<\/span><span data-ccp-props=\"{&quot;134233117&quot;:false,&quot;134233118&quot;:false,&quot;201341983&quot;:0,&quot;335551550&quot;:1,&quot;335551620&quot;:1,&quot;335559685&quot;:0,&quot;335559737&quot;:0,&quot;335559738&quot;:0,&quot;335559739&quot;:0,&quot;335559740&quot;:240}\"><br \/>\n<\/span><i><span data-contrast=\"none\">Nature and Science of Sleep<\/span><\/i><span data-contrast=\"none\">, 2021, 13:1943-1953. PMID: 34737662<\/span><span data-ccp-props=\"{&quot;134233117&quot;:false,&quot;134233118&quot;:false,&quot;201341983&quot;:0,&quot;335551550&quot;:1,&quot;335551620&quot;:1,&quot;335559685&quot;:0,&quot;335559737&quot;:0,&quot;335559738&quot;:0,&quot;335559739&quot;:0,&quot;335559740&quot;:240}\">\u00a0<\/span><\/p>\n<p><a href=\"https:\/\/jcsm.aasm.org\/doi\/10.5664\/jcsm.9356\"><b><span data-contrast=\"none\">Sleep Apnea, Coronary Artery Calcium Density, and Cardiovascular Events: Results from the Multi-Ethnic Study of Atherosclerosis<\/span><\/b><\/a><span data-ccp-props=\"{&quot;134233117&quot;:false,&quot;134233118&quot;:false,&quot;201341983&quot;:0,&quot;335551550&quot;:1,&quot;335551620&quot;:1,&quot;335559685&quot;:0,&quot;335559737&quot;:0,&quot;335559738&quot;:0,&quot;335559739&quot;:0,&quot;335559740&quot;:240}\"><br \/>\n<\/span><span data-contrast=\"none\">Newman SB, Kundel V, Matsuzaki M, Reid M, Kizer JR, Kaplan RC, Fayad ZA, Mani V, Shea S, Allison M, Criqui MH, Lutsey PL, McClelland RL, Redline S, <strong>Shah N.A<\/strong>.<br \/>\n<\/span><i><span data-contrast=\"none\">Journal of Clinical Sleep Medicine<\/span><\/i><span data-contrast=\"none\">, 2021, 17(10):2075-2083. PMID: 34606441<\/span><span data-ccp-props=\"{&quot;134233117&quot;:false,&quot;134233118&quot;:false,&quot;201341983&quot;:0,&quot;335551550&quot;:1,&quot;335551620&quot;:1,&quot;335559685&quot;:0,&quot;335559737&quot;:0,&quot;335559738&quot;:0,&quot;335559739&quot;:0,&quot;335559740&quot;:240}\">\u00a0<\/span><\/p>\n<p><a href=\"https:\/\/jcsm.aasm.org\/doi\/10.5664\/jcsm.9382\"><b><span data-contrast=\"none\">Sleep Duration and Vascular Inflammation Using Hybrid Positron Emission Tomography\/Magnetic Resonance Imaging: Results from the Multi-Ethnic Study of Atherosclerosis<\/span><\/b><\/a><span data-ccp-props=\"{&quot;134233117&quot;:false,&quot;134233118&quot;:false,&quot;201341983&quot;:0,&quot;335551550&quot;:1,&quot;335551620&quot;:1,&quot;335559685&quot;:0,&quot;335559737&quot;:0,&quot;335559738&quot;:0,&quot;335559739&quot;:0,&quot;335559740&quot;:240}\"><br \/>\n<\/span><span data-contrast=\"none\">Kundel V, Reid M, Fayad Z, Ayappa I, Mani V, Rueschman M, Redline S, Shea S, <strong>Shah N. A.\u00a0<\/strong><\/span><span data-ccp-props=\"{&quot;134233117&quot;:false,&quot;134233118&quot;:false,&quot;201341983&quot;:0,&quot;335551550&quot;:1,&quot;335551620&quot;:1,&quot;335559685&quot;:0,&quot;335559737&quot;:0,&quot;335559738&quot;:0,&quot;335559739&quot;:0,&quot;335559740&quot;:240}\"><br \/>\n<\/span><i><span data-contrast=\"none\">Journal of Clinical Sleep Medicine<\/span><\/i><span data-contrast=\"none\">, 2021, 17(10):2009-2018. PMID: 34606438<\/span><span data-ccp-props=\"{&quot;134233117&quot;:false,&quot;134233118&quot;:false,&quot;201341983&quot;:0,&quot;335551550&quot;:1,&quot;335551620&quot;:1,&quot;335559685&quot;:0,&quot;335559737&quot;:0,&quot;335559738&quot;:0,&quot;335559739&quot;:0,&quot;335559740&quot;:240}\">\u00a0<\/span><\/p>\n<p><a href=\"https:\/\/jcsm.aasm.org\/doi\/10.5664\/jcsm.8340\"><b><span data-contrast=\"none\">Sleep-disordered breathing and left ventricular scar on cardiac magnetic resonance: results of the Multi-Ethnic Study of Atherosclerosis<\/span><\/b><\/a><span data-ccp-props=\"{&quot;134233117&quot;:false,&quot;134233118&quot;:false,&quot;201341983&quot;:0,&quot;335551550&quot;:1,&quot;335551620&quot;:1,&quot;335559685&quot;:0,&quot;335559737&quot;:0,&quot;335559738&quot;:0,&quot;335559739&quot;:0,&quot;335559740&quot;:240}\"><br \/>\n<\/span><span data-contrast=\"none\"><strong>Shah N.A.<\/strong>, Reid M, Kizer JR, Sharma RK, Shah RV, Kundel V, Ambale-Venkatesh B, Fayad ZA, Shea SJ, Kaplan RC, Lima JAC, Redline S.<\/span><span data-ccp-props=\"{&quot;134233117&quot;:false,&quot;134233118&quot;:false,&quot;201341983&quot;:0,&quot;335551550&quot;:1,&quot;335551620&quot;:1,&quot;335559685&quot;:0,&quot;335559737&quot;:0,&quot;335559738&quot;:0,&quot;335559739&quot;:0,&quot;335559740&quot;:240}\"><br \/>\n<\/span><i><span data-contrast=\"none\">Journal of Clinical Sleep Medicine<\/span><\/i><span data-contrast=\"none\">, 2020, 16(6):855-862.\u00a0 PMID: 32029066<\/span><span data-ccp-props=\"{&quot;134233117&quot;:false,&quot;134233118&quot;:false,&quot;201341983&quot;:0,&quot;335551550&quot;:1,&quot;335551620&quot;:1,&quot;335559685&quot;:0,&quot;335559737&quot;:0,&quot;335559738&quot;:0,&quot;335559739&quot;:0,&quot;335559740&quot;:240}\">\u00a0<\/span><\/p>\n<p><a href=\"https:\/\/link.springer.com\/article\/10.1007\/s11325-018-1646-2\"><b><span data-contrast=\"none\">Assessment of atherosclerotic plaque activity in patients with sleep apnea using hybrid positron emission tomography\/magnetic resonance imaging (PET\/MRI): a feasibility study<\/span><\/b><\/a><span data-ccp-props=\"{&quot;134233117&quot;:false,&quot;134233118&quot;:false,&quot;201341983&quot;:0,&quot;335551550&quot;:1,&quot;335551620&quot;:1,&quot;335559685&quot;:0,&quot;335559737&quot;:0,&quot;335559738&quot;:0,&quot;335559739&quot;:0,&quot;335559740&quot;:240}\"><br \/>\n<\/span><span data-contrast=\"none\">Kundel, V., Trivieri, M. G., Karakatsanis, N. A., Robson, P. M., Mani, V., Kizer, J. R., Kaplan, R., Fayad, Z., &amp; <strong>Shah, N. A.<\/strong><\/span><span data-ccp-props=\"{&quot;134233117&quot;:false,&quot;134233118&quot;:false,&quot;201341983&quot;:0,&quot;335551550&quot;:1,&quot;335551620&quot;:1,&quot;335559685&quot;:0,&quot;335559737&quot;:0,&quot;335559738&quot;:0,&quot;335559739&quot;:0,&quot;335559740&quot;:240}\"><br \/>\n<\/span><i><span data-contrast=\"none\">Sleep and Breathing<\/span><\/i><span data-contrast=\"none\">, 2018, 22(4). PMID: 29508121<\/span><span data-ccp-props=\"{&quot;134233117&quot;:false,&quot;134233118&quot;:false,&quot;201341983&quot;:0,&quot;335551550&quot;:1,&quot;335551620&quot;:1,&quot;335559685&quot;:0,&quot;335559737&quot;:0,&quot;335559738&quot;:0,&quot;335559739&quot;:0,&quot;335559740&quot;:240}\">\u00a0<\/span><\/p>\n<p><a href=\"https:\/\/link.springer.com\/article\/10.1007\/s11325-012-0770-7\"><b><span data-contrast=\"none\">Obstructive sleep apnea and acute myocardial infarction severity: ischemic preconditioning?<\/span><\/b><\/a><span data-ccp-props=\"{&quot;134233117&quot;:false,&quot;134233118&quot;:false,&quot;201341983&quot;:0,&quot;335551550&quot;:1,&quot;335551620&quot;:1,&quot;335559685&quot;:0,&quot;335559737&quot;:0,&quot;335559738&quot;:0,&quot;335559739&quot;:0,&quot;335559740&quot;:240}\"><br \/>\n<\/span><span data-contrast=\"none\"><strong>Shah N. A<\/strong>., Redline S, Yaggi HK, Wu R, Zhao CG, Ostfeld R, Menegus M, Tracy D, Brush E, Appel WD, Kaplan RC.<br \/>\n<\/span><i><span data-contrast=\"none\">Sleep and Breathing<\/span><\/i><span data-contrast=\"none\">, 2013, 17(2):819-26. PMID: 23090861<\/span><span data-ccp-props=\"{&quot;134233117&quot;:false,&quot;134233118&quot;:false,&quot;201341983&quot;:0,&quot;335551550&quot;:1,&quot;335551620&quot;:1,&quot;335559685&quot;:0,&quot;335559737&quot;:0,&quot;335559738&quot;:0,&quot;335559739&quot;:0,&quot;335559740&quot;:240}\">\u00a0<\/span><\/p>\n<p><a href=\"https:\/\/link.springer.com\/article\/10.1007\/s11325-009-0298-7\"><b><span data-contrast=\"none\">Obstructive sleep apnea as a risk factor for coronary events or cardiovascular death<\/span><\/b><\/a><span data-ccp-props=\"{&quot;134233117&quot;:false,&quot;134233118&quot;:false,&quot;201341983&quot;:0,&quot;335551550&quot;:1,&quot;335551620&quot;:1,&quot;335559685&quot;:0,&quot;335559737&quot;:0,&quot;335559738&quot;:0,&quot;335559739&quot;:0,&quot;335559740&quot;:240}\"><br \/>\n<\/span><span data-contrast=\"none\"><strong>Shah N.A<\/strong>., Yaggi HK, Concato J, Mohsenin V.\u00a0<\/span><span data-ccp-props=\"{&quot;134233117&quot;:false,&quot;134233118&quot;:false,&quot;201341983&quot;:0,&quot;335551550&quot;:1,&quot;335551620&quot;:1,&quot;335559685&quot;:0,&quot;335559737&quot;:0,&quot;335559738&quot;:0,&quot;335559739&quot;:0,&quot;335559740&quot;:240}\"><br \/>\n<\/span><i><span data-contrast=\"none\">Sleep and Breathing<\/span><\/i><span data-contrast=\"none\">, 2010, 14(2):131-6, PMID: 19777281<\/span><\/p>\n","protected":false},"excerpt":{"rendered":"<p>Full publication list can be found here.\u00a0 Select Publications:\u00a0 Heterogeneous Effects of CPAP in Non-Sleepy OSA on CVD Outcomes: Post-hoc Machine Learning Analysis of the ISAACC Trial (ECSACT Study) Cohen, O., S\u00e1nchez-de-la-Torre, M., Al-Taie, Z., Khan, S., Kundel, V., Kovacic, J. C., Gracia-Lavedan, E., de Batlle, J., Nadkarni, G., Barb\u00e9, F., Su\u00e1rez-Fari\u00f1as, M., &amp; Shah, [&hellip;]<\/p>\n","protected":false},"author":545,"featured_media":0,"parent":0,"menu_order":4,"comment_status":"closed","ping_status":"closed","template":"","meta":{"_et_pb_use_builder":"off","_et_pb_old_content":"","_et_gb_content_width":"","inline_featured_image":false,"footnotes":""},"class_list":["post-2494","page","type-page","status-publish","hentry"],"aioseo_notices":[],"_links":{"self":[{"href":"https:\/\/labs.icahn.mssm.edu\/shahlab\/wp-json\/wp\/v2\/pages\/2494","targetHints":{"allow":["GET"]}}],"collection":[{"href":"https:\/\/labs.icahn.mssm.edu\/shahlab\/wp-json\/wp\/v2\/pages"}],"about":[{"href":"https:\/\/labs.icahn.mssm.edu\/shahlab\/wp-json\/wp\/v2\/types\/page"}],"author":[{"embeddable":true,"href":"https:\/\/labs.icahn.mssm.edu\/shahlab\/wp-json\/wp\/v2\/users\/545"}],"replies":[{"embeddable":true,"href":"https:\/\/labs.icahn.mssm.edu\/shahlab\/wp-json\/wp\/v2\/comments?post=2494"}],"version-history":[{"count":6,"href":"https:\/\/labs.icahn.mssm.edu\/shahlab\/wp-json\/wp\/v2\/pages\/2494\/revisions"}],"predecessor-version":[{"id":4504,"href":"https:\/\/labs.icahn.mssm.edu\/shahlab\/wp-json\/wp\/v2\/pages\/2494\/revisions\/4504"}],"wp:attachment":[{"href":"https:\/\/labs.icahn.mssm.edu\/shahlab\/wp-json\/wp\/v2\/media?parent=2494"}],"curies":[{"name":"wp","href":"https:\/\/api.w.org\/{rel}","templated":true}]}}