{"id":737,"date":"2016-09-20T14:33:41","date_gmt":"2016-09-20T14:33:41","guid":{"rendered":"http:\/\/labs.icahn.mssm.edu\/peterlab\/?page_id=737"},"modified":"2022-02-10T17:29:36","modified_gmt":"2022-02-10T17:29:36","slug":"network-directory","status":"publish","type":"page","link":"https:\/\/labs.icahn.mssm.edu\/peterlab\/craniosynostosis-network\/network-directory\/","title":{"rendered":"Craniosynostosis &#8211; Network Directory"},"content":{"rendered":"<p><a name=\"backtotop\"><\/a><\/p>\n<ul>\n<li><strong><a href=\"https:\/\/labs.icahn.mssm.edu\/peterlab\/craniosynostosis-network\/whatiscraniosynostosis\/\">What is Craniosynostosis?<\/a><\/strong><\/li>\n<li><strong><a href=\"https:\/\/labs.icahn.mssm.edu\/peterlab\/craniosynostosis-network\/\">Craniosynostosis Network<\/a><\/strong><\/li>\n<li><strong><a href=\"https:\/\/labs.icahn.mssm.edu\/peterlab\/craniosynostosis-network\/our-collaborators\/\">Network Organization<\/a><\/strong><\/li>\n<li><strong><a href=\"https:\/\/labs.icahn.mssm.edu\/peterlab\/craniosynostosis-network\/network-directory\/\">Network Directory<\/a><\/strong><\/li>\n<li><strong><a href=\"https:\/\/labs.icahn.mssm.edu\/peterlab\/craniosynostosis-network\/news\/\">News &amp; Resources<\/a><\/strong><\/li>\n<li><strong><a href=\"https:\/\/labs.icahn.mssm.edu\/peterlab\/craniosynostosis-network\/info-for-participants\/\">FAQs<\/a><\/strong><\/li>\n<li><strong><a href=\"https:\/\/labs.icahn.mssm.edu\/peterlab\/craniosynostosis-network\/publications\/\">Publications<\/a><\/strong><\/li>\n<li><a href=\"https:\/\/labs.icahn.mssm.edu\/peterlab\/craniosynostosis-network\/contact-us\/\">Contact Us<\/a><\/li>\n<\/ul>\n<p><a name=\"backtotop\"><\/a><\/p>\n<h2><\/h2>\n<p><a name=\"backtotop\"><\/a><\/p>\n<h2 style=\"text-align: center\"><span style=\"color: #ff6600\">Network Directory<\/span><\/h2>\n<p><a href=\"https:\/\/labs.icahn.mssm.edu\/peterlab\/craniosynostosis-network\/network-directory\/#unitedstates\"><strong>United States<\/strong><\/a><\/p>\n<ul>\n<li><a href=\"https:\/\/labs.icahn.mssm.edu\/peterlab\/craniosynostosis-network\/network-directory\/#california\"><strong><span style=\"color: #ff6600\">California<\/span><\/strong><\/a><\/li>\n<li><a href=\"https:\/\/labs.icahn.mssm.edu\/peterlab\/craniosynostosis-network\/network-directory\/#connecticut\"><strong><span style=\"color: #ff6600\">Connecticut<\/span><\/strong><\/a><\/li>\n<li><a href=\"https:\/\/labs.icahn.mssm.edu\/peterlab\/craniosynostosis-network\/network-directory\/#illinois\"><strong><span style=\"color: #ff6600\">Illinois<\/span><\/strong><\/a><\/li>\n<li><a href=\"https:\/\/labs.icahn.mssm.edu\/peterlab\/craniosynostosis-network\/network-directory\/#iowa\"><strong><span style=\"color: #ff6600\">Iowa<\/span><\/strong><\/a><\/li>\n<li><a href=\"https:\/\/labs.icahn.mssm.edu\/peterlab\/craniosynostosis-network\/network-directory\/#maryland\"><strong><span style=\"color: #ff6600\">Maryland<\/span><\/strong><\/a><\/li>\n<li><a href=\"https:\/\/labs.icahn.mssm.edu\/peterlab\/craniosynostosis-network\/network-directory\/#massachusetts\"><strong><span style=\"color: #ff6600\">Massachusetts<\/span><\/strong><\/a><\/li>\n<li><a href=\"https:\/\/labs.icahn.mssm.edu\/peterlab\/craniosynostosis-network\/network-directory\/#newyork\"><strong><span style=\"color: #ff6600\">New York<\/span><\/strong><\/a><\/li>\n<li><a href=\"https:\/\/labs.icahn.mssm.edu\/peterlab\/craniosynostosis-network\/network-directory\/#philadelphia\"><strong><span style=\"color: #ff6600\">Pennsylvania<\/span><\/strong><\/a><\/li>\n<li><a href=\"https:\/\/labs.icahn.mssm.edu\/peterlab\/craniosynostosis-network\/network-directory\/#texas\"><strong><span style=\"color: #ff6600\">Texas<\/span><\/strong><\/a><\/li>\n<li><a href=\"https:\/\/labs.icahn.mssm.edu\/peterlab\/craniosynostosis-network\/network-directory\/#utah\"><strong><span style=\"color: #ff6600\">Utah<\/span><\/strong><\/a><\/li>\n<\/ul>\n<p><a href=\"https:\/\/labs.icahn.mssm.edu\/peterlab\/craniosynostosis-network\/network-directory\/#europe\"><strong>Europe<\/strong><\/a><\/p>\n<ul>\n<li><a href=\"https:\/\/labs.icahn.mssm.edu\/peterlab\/craniosynostosis-network\/network-directory\/#france\"><strong><span style=\"color: #ff6600\">France<\/span><\/strong><\/a><\/li>\n<li><a href=\"https:\/\/labs.icahn.mssm.edu\/peterlab\/craniosynostosis-network\/network-directory\/#germany\"><strong><span style=\"color: #ff6600\">Germany<\/span><\/strong><\/a><\/li>\n<li><a href=\"https:\/\/labs.icahn.mssm.edu\/peterlab\/craniosynostosis-network\/network-directory\/#spain\"><strong><span style=\"color: #ff6600\">Spain<\/span><\/strong><\/a><\/li>\n<li><a href=\"https:\/\/labs.icahn.mssm.edu\/peterlab\/craniosynostosis-network\/network-directory\/#unitedkingdom\"><strong><span style=\"color: #ff6600\">United Kingdom<\/span><\/strong><\/a><\/li>\n<\/ul>\n<hr \/>\n<p><a name=\"unitedstates\"><\/a><\/p>\n<h2 id=\"unitedstates\"><span style=\"color: #0000ff\">United States<\/span><\/h2>\n<p>&nbsp;<\/p>\n<p><a name=\"california\"><\/a><\/p>\n<h2><span style=\"color: #ff6600\">California<\/span><\/h2>\n<h3><strong>University of California, Davis<\/strong><\/h3>\n<p><a href=\"http:\/\/www.ucdmc.ucdavis.edu\/publish\/providerbio\/search\/faculty\/1069\"><strong>Simeon B. Boyd, MD<\/strong><\/a><br \/>\nAssociate Professor<br \/>\nDepartment of Pediatrics, School of Medicine<br \/>\nUC Davis MIND Institute<br \/>\n2825 50th Street<br \/>\nSacramento, CA 95817<br \/>\nPhone: 916-703-0446<br \/>\nemail: sboyd@ucdavis.edu<\/p>\n<h6 style=\"text-align: right\"><a href=\"https:\/\/labs.icahn.mssm.edu\/peterlab\/craniosynostosis-network\/network-directory\/#backtotop\">Back to Top<\/a><\/h6>\n<hr \/>\n<p><a name=\"connecticut\"><\/a><\/p>\n<h2><span style=\"color: #ff6600\">Connecticut<\/span><\/h2>\n<h3><strong>Yale School of Medicine<\/strong><\/h3>\n<p><a href=\"http:\/\/surgery.yale.edu\/people\/john_persing.profile\"><strong>John Persing, MD<\/strong><\/a><br \/>\nSection Chief, Yale School of Medicine Department of Surgery &#8211; Plastic and Reconstructive Surgery<br \/>\nDirector, Yale Cosmetic Surgery Center<br \/>\nIrving and Silik Polayes Professor of Surgery (Plastic)<br \/>\nProfessor of Neurosurgery<br \/>\nYale Pediatric Specialty Center\/Craniofacial Clinic<br \/>\n1 Long Wharf Drive<br \/>\nNew Haven, CT 06511<br \/>\nPhone: 203-785-2570<br \/>\nemail: john.persing@yale.edu<\/p>\n<h6 style=\"text-align: right\"><a href=\"https:\/\/labs.icahn.mssm.edu\/peterlab\/craniosynostosis-network\/network-directory\/#backtotop\">Back to Top<\/a><\/h6>\n<hr \/>\n<p><a name=\"illinois\"><\/a><\/p>\n<h2><span style=\"color: #ff6600\">Illinois<\/span><\/h2>\n<h3><strong>Ann &amp; Robert H. Lurie Children\u2019s Hospital of Chicago<\/strong><\/h3>\n<p><a href=\"https:\/\/www.luriechildrens.org\/en-us\/care-services\/find-a-doctor\/Pages\/Gosain_Arun_3159.aspx\"><strong>Arun K Gosain, MD<\/strong><\/a><br \/>\nDivision Head, Plastic Surgery<br \/>\nAnn &amp; Robert H. Lurie Children&#8217;s Hospital of Chicago<br \/>\n225 E. Chicago Ave.<br \/>\nChicago, IL 60611<br \/>\nPhone: 1-800-543-7362<\/p>\n<h6 style=\"text-align: right\"><a href=\"https:\/\/labs.icahn.mssm.edu\/peterlab\/craniosynostosis-network\/network-directory\/#backtotop\">Back to Top<\/a><\/h6>\n<hr \/>\n<p><a name=\"iowa\"><\/a><\/p>\n<h2><span style=\"color: #ff6600\">Iowa<\/span><\/h2>\n<h3><strong>University of Iowa<\/strong><\/h3>\n<p><a href=\"https:\/\/www.public-health.uiowa.edu\/people\/paul-romitti\/\"><strong>Paul A. Romitti, PhD<\/strong><\/a><br \/>\nProfessor<br \/>\nDepartment of Epidemiology<br \/>\nThe University of Iowa College of Public Health<br \/>\n145 N. Riverside Drive<br \/>\nIowa City, IA 52242<br \/>\nPhone: 319-384-1549<br \/>\nemail: paul-romitti@uiowa.edu<\/p>\n<h6 style=\"text-align: right\"><a href=\"https:\/\/labs.icahn.mssm.edu\/peterlab\/craniosynostosis-network\/network-directory\/#backtotop\">Back to Top<\/a><\/h6>\n<hr \/>\n<p><a name=\"maryland\"><\/a><\/p>\n<h2><span style=\"color: #ff6600\">Maryland<\/span><\/h2>\n<h3><strong>John\u2019s Hopkins University<\/strong><\/h3>\n<p><a href=\"https:\/\/www.hopkinsmedicine.org\/profiles\/results\/directory\/profile\/0008095\/richard-redett\"><strong>Richard J Redett, MD<\/strong><\/a><br \/>\nCo-Director<br \/>\nBrachial Plexus Clinic, Kennedy Krieger Institute<br \/>\nAssociate Professor of Plastic and Reconstructive Surgery<br \/>\n1800 Orleans Street<br \/>\nThe Charlotte R. Bloomberg Children&#8217;s Center Building<br \/>\nBaltimore, MD 21287<br \/>\nPhone: 410-955-9475<br \/>\nemail: rredett@jhmi.edu<\/p>\n<h6 style=\"text-align: right\"><a href=\"https:\/\/labs.icahn.mssm.edu\/peterlab\/craniosynostosis-network\/network-directory\/#backtotop\">Back to Top<\/a><\/h6>\n<hr \/>\n<p><a name=\"massachusetts\"><\/a><\/p>\n<h2><span style=\"color: #ff6600\">Massachusetts<\/span><\/h2>\n<h3><strong>Boston Children\u2019s Hospital<\/strong><\/h3>\n<p><a href=\"http:\/\/www.childrenshospital.org\/doctors\/joan-stoler\"><strong>Joan Stoler, MD<\/strong><\/a><br \/>\nClinical Geneticist<br \/>\nAssistant Professor of Pediatrics<br \/>\nDivision of Genetics<br \/>\nBoston Children&#8217;s Hospital<br \/>\n300 Longwood Avenue<br \/>\nHunnewell, 5th Floor<br \/>\nBoston, Massachusetts 02115<br \/>\nPhone: 857-218-4637<br \/>\nemail: Joan.Stoler@childrens.harvard.edu<\/p>\n<h6 style=\"text-align: right\"><a href=\"https:\/\/labs.icahn.mssm.edu\/peterlab\/craniosynostosis-network\/network-directory\/#backtotop\">Back to Top<\/a><\/h6>\n<hr \/>\n<p><a name=\"newyork\"><\/a><\/p>\n<h2><span style=\"color: #ff6600\">New York<\/span><\/h2>\n<h3><strong>Icahn School of Medicine at Mount Sinai<\/strong><\/h3>\n<p><a href=\"https:\/\/labs.icahn.mssm.edu\/jabslab\/team\/\"><strong>Ethylin W Jabs, MD<\/strong><\/a><br \/>\nProfessor<br \/>\nDepartment of Genetics &amp; Genomic Sciences<br \/>\nIcahn School of Medicine at Mount Sinai<br \/>\n1425 Madison Avenue<br \/>\nNew York, NY 10029<br \/>\nPhone: 212-241-3504<br \/>\nemail: ethylin.jabs@mssm.edu<\/p>\n<p>Link to: <a href=\"https:\/\/labs.icahn.mssm.edu\/jabslab\/\">Jabs Laboratory<\/a><\/p>\n<p>&nbsp;<\/p>\n<p><a href=\"https:\/\/labs.icahn.mssm.edu\/peterlab\/people\/\"><strong>Inga Peter, PhD<\/strong><\/a><br \/>\nProfessor<br \/>\nDepartment of Genetics &amp; Genomic Sciences<br \/>\nIcahn School of Medicine at Mount Sinai<br \/>\n1425 Madison Avenue<br \/>\nNew York, NY 10029<br \/>\nPhone:\u00a0212-659-8566<br \/>\nemail: inga.peter@mssm.edu<\/p>\n<p>Link to: <a href=\"https:\/\/labs.icahn.mssm.edu\/peterlab\/\">Peter Laboratory<\/a><\/p>\n<p>&nbsp;<\/p>\n<h3><strong>NYU Langone Medical Center<\/strong><\/h3>\n<p><a href=\"http:\/\/www.newyorkcraniofacialsurgery.com\/dr-staffenberg.php\"><strong>David Staffenberg<\/strong><\/a><br \/>\nVice Chairman, Hansj\u00f6rg Wyss Department of Plastic Surgery<br \/>\nProfessor, (Clinical) Plastic Surgery (Plastic Surgery of the Face, Reconstructive and Cosmetic)<br \/>\nChief, Pediatric Plastic Surgery<br \/>\nNYU Plastic Surgery<br \/>\n305 East 33rd Street<br \/>\nNew York, New York 10016<br \/>\nPhone: 212-263-8065, 212-263-3030<br \/>\nemail: david.staffenberg@nyumc.org<\/p>\n<h6 style=\"text-align: right\"><a href=\"https:\/\/labs.icahn.mssm.edu\/peterlab\/craniosynostosis-network\/network-directory\/#backtotop\">Back to Top<\/a><\/h6>\n<hr \/>\n<p><a name=\"philadelphia\"><\/a><\/p>\n<h2><span style=\"color: #ff6600\">Pennsylvania<\/span><\/h2>\n<h3>Pennsylvania State University<\/h3>\n<p><a href=\"http:\/\/www.getahead.la.psu.edu\/people\/jta10\"><strong>Joan Richtsmeier, PhD<\/strong><\/a><br \/>\nDistinguished Professor of Anthropology<br \/>\nDepartment of Anthropology<br \/>\nPennsylvania State University<br \/>\n320 Carpenter Building<br \/>\nUniversity Park, PA 16802<br \/>\nemail: jta10@psu.edu<br \/>\nPhone: 814-863-0562<\/p>\n<p>Link to: <a href=\"http:\/\/www.getahead.la.psu.edu\/\">Richtsmeier Laboratory<\/a><\/p>\n<p>&nbsp;<\/p>\n<h3><strong>Penn State Hershey Neuroscience Institute:\u00a0Center &#8211; Patient Oriented Research<\/strong><\/h3>\n<p><a href=\"https:\/\/profiles.psu.edu\/profiles\/display\/9253368\"><strong>Elias B Rizk<\/strong><\/a><br \/>\nAssistant Professor of Neurosurgery<br \/>\nPenn State Hershey Neurosurgery<br \/>\n30 Hope Drive, Building B<br \/>\nHershey, PA 17033<br \/>\nPhone: 800-243-1455<br \/>\nemail: erizk@hmc.psu.edu<\/p>\n<h6 style=\"text-align: right\"><a href=\"https:\/\/labs.icahn.mssm.edu\/peterlab\/craniosynostosis-network\/network-directory\/#backtotop\">Back to Top<\/a><\/h6>\n<hr \/>\n<p><a name=\"texas\"><\/a><\/p>\n<h2><span style=\"color: #ff6600\">Texas<\/span><\/h2>\n<h3><strong>Seton Reconstructive &amp; Plastic Surgery<\/strong><\/h3>\n<p><a href=\"https:\/\/dellmed.utexas.edu\/team-profile\/raymond-harshbarger-iii\"><strong>Raymond J Harshbarger, MD<\/strong><\/a><br \/>\nChildren&#8217;s Craniofacial &amp; Reconstructive Plastic Surgery<br \/>\nSeton Reconstructive &amp; Plastic Surgery<br \/>\n1301 Barbara Jordan Blvd<br \/>\nAustin, TX 78723<br \/>\nPhone: 512-324-0918<br \/>\nemail: RJHarshbarger@seton.org<\/p>\n<p>&nbsp;<\/p>\n<h3><strong>Medical City Children\u2019s Hospital: The Craniofacial Center, Dallas, TX<u><br \/>\n<\/u><\/strong><\/h3>\n<p><a href=\"http:\/\/thecraniofacialcenter.com\/meet_dr_fearon.html\"><strong>Jeffrey A. Fearon, MD<\/strong><\/a><br \/>\n7777 Forest Ln STE<br \/>\nDallas, TX 75230<br \/>\nPhone: 972-566-6464<br \/>\nemail: cranio700@gmail.com<\/p>\n<p>&nbsp;<\/p>\n<h3><strong>University of Texas at Southwestern Medical Center<\/strong><\/h3>\n<p><a href=\"http:\/\/profiles.utsouthwestern.edu\/profile\/120974\/alex-kane.html\"><strong>Alex A Kane, MD<\/strong><\/a><br \/>\nProfessor and Vice-Chair<br \/>\nChief, Pediatric\/Craniofacial Surgery-Children\u2019s Medical Center\/UT Southwestern<br \/>\nPlastic Surgery Clinic<br \/>\n1801 Inwood Road<br \/>\n5th Floor<br \/>\nDallas, Texas 75390<br \/>\nPhone: 214-645-2353<br \/>\nemail: Alex.Kane@UTSouthwestern.edu<\/p>\n<h6 style=\"text-align: right\"><a href=\"https:\/\/labs.icahn.mssm.edu\/peterlab\/craniosynostosis-network\/network-directory\/#backtotop\">Back to Top<\/a><\/h6>\n<hr \/>\n<p><a name=\"utah\"><\/a><\/p>\n<h2><span style=\"color: #ff6600\">Utah<\/span><\/h2>\n<h3><strong>University of Utah School of Medicine<\/strong><\/h3>\n<p><a href=\"https:\/\/medicine.utah.edu\/faculty\/mddetail.php?facultyID=u0102073\"><strong>Marcia L. Feldkamp, PA, MSPH, PhD<\/strong><\/a><br \/>\nProfessor (Research)<br \/>\nDivision of Medical Genetics, Department of Pediatrics<br \/>\nUniversity of Utah School of Medicine<br \/>\n295 Chipeta Way, Suite 2S010<br \/>\nSalt Lake City, Utah 84108<br \/>\nPhone: 801-587-1955<br \/>\nFax: 801-585-7252<br \/>\nemail: Marcia.Feldkamp@hsc.utah.edu<\/p>\n<h6 style=\"text-align: right\"><a href=\"https:\/\/labs.icahn.mssm.edu\/peterlab\/craniosynostosis-network\/network-directory\/#backtotop\">Back to Top<\/a><\/h6>\n<hr \/>\n<p><a name=\"europe\"><\/a><\/p>\n<h2><span style=\"color: #0000ff\">Europe<\/span><\/h2>\n<p><a name=\"france\"><\/a><\/p>\n<h2><span style=\"color: #ff6600\">France<\/span><\/h2>\n<h3><strong>University of Bordeaux<\/strong><\/h3>\n<p><a href=\"http:\/\/www.pacea.u-bordeaux.fr\/HEUZE-Yann.html?lang=fr\"><strong>Yann Heuz\u00e9, PhD<\/strong><\/a><br \/>\nUniversit\u00e9 de Bordeaux<br \/>\nUMR5199 PACEA<br \/>\nBordeaux Archaeological Sciences Cluster of Excellence<br \/>\nAll\u00e9e Geoffroy Saint Hilaire Bat. B8<br \/>\nCS 50023<br \/>\n33615 Pessac Cedex<br \/>\nFrance<br \/>\nPhone:+33 (0) 5 40 00 37 41<br \/>\nemail: yannheuze@gmail.com, yann.heuze@u-bordeaux.fr<\/p>\n<p>Link to profile: <a href=\"http:\/\/www.pacea.u-bordeaux1.fr\/HEUZE-Yann.html\">Yann Heuz\u00e9<\/a><\/p>\n<p>&nbsp;<\/p>\n<h3><strong>Institut National de la sante et de la recherche medicale or INSERM (French National Institute ofHealth and Medical Research)<\/strong><\/h3>\n<p><a href=\"http:\/\/www.curtis.com\/sitecontent.cfm?pageid=8&amp;itemid=75\"><strong>Laurence Legal-Mallet<\/strong><\/a><br \/>\nLaboratoire de G\u00e9n\u00e9tique Mol\u00e9culaire<br \/>\nInstitut de Recherche Necker Enfants Malades<br \/>\nCHU Paris &#8211; H\u00f4pital Necker-Enfants Malades<br \/>\n149 rue de S\u00e8vres<br \/>\n75743 Paris<br \/>\nFrance<br \/>\nPhone: 33 (0)1 44 49 51 64<br \/>\nemail: &#8211;<\/p>\n<h6 style=\"text-align: right\"><a href=\"https:\/\/labs.icahn.mssm.edu\/peterlab\/craniosynostosis-network\/network-directory\/#backtotop\">Back to Top<\/a><\/h6>\n<hr \/>\n<p><a name=\"germany\"><\/a><\/p>\n<h2><span style=\"color: #ff6600\">Germany<\/span><\/h2>\n<h3><strong>Universitat Heidelberg (University of Heidelberg)<\/strong><\/h3>\n<p><a href=\"https:\/\/www.klinikum.uni-heidelberg.de\/AErztliche-Mitarbeiter.118279.0.html\"><strong>Christian Freudlsperger, Dr. med., Dr. med. dent.<\/strong><\/a><br \/>\nemail: c.freudlsperger@gmail.com<\/p>\n<h6 style=\"text-align: right\"><a href=\"https:\/\/labs.icahn.mssm.edu\/peterlab\/craniosynostosis-network\/network-directory\/#backtotop\">Back to Top<\/a><\/h6>\n<hr \/>\n<p><a name=\"spain\"><\/a><\/p>\n<h2><span style=\"color: #ff6600\">Spain<\/span><\/h2>\n<h3><strong>Hospital Sant Joan de Deu<\/strong><\/h3>\n<p><a href=\"https:\/\/www.sjdhospitalbarcelona.org\/en\/gemma-garcia-fructuoso\"><strong>Gemma Garcia-Fructuoso, PhD<\/strong><\/a><br \/>\nPaediatric neurosurgeon<br \/>\nDepartment of Neurosurgery<br \/>\nHospital Sant Joan de Deu<br \/>\nPasseig de Sant Joan de D\u00e9u, 2, 08950<br \/>\nEsplugues de Llobregat<br \/>\nBarcelona, Spain<br \/>\nPhone: +34 93 600 97 83<br \/>\nemail: ggarcia@hsjdbcn.es<\/p>\n<h6 style=\"text-align: right\"><a href=\"https:\/\/labs.icahn.mssm.edu\/peterlab\/craniosynostosis-network\/network-directory\/#backtotop\">Back to Top<\/a><\/h6>\n<hr \/>\n<p><a name=\"unitedkingdom\"><\/a><\/p>\n<h2><span style=\"color: #ff6600\">United Kingdom<\/span><\/h2>\n<h3><strong>University of Oxford<\/strong><\/h3>\n<p><a href=\"http:\/\/www.imm.ox.ac.uk\/andrew-wilkie\"><strong>Andrew Wilkie<\/strong><\/a><br \/>\nNuffield Professor of Pathology<br \/>\nWeatherall Institute of Molecular Medicine<br \/>\nUniversity of Oxford<br \/>\nJohn Radcliffe Hospital<br \/>\nOxford, OX3 9DS<br \/>\nPhone: 01865 222619<br \/>\nemail: andrew.wilkie@imm.ox.ac.uk<\/p>\n<h6 style=\"text-align: right\"><a href=\"https:\/\/labs.icahn.mssm.edu\/peterlab\/craniosynostosis-network\/network-directory\/#backtotop\">Back to Top<\/a><\/h6>\n<hr \/>\n<p>&nbsp;<\/p>\n","protected":false},"excerpt":{"rendered":"<p>What is Craniosynostosis? Craniosynostosis Network Network Organization Network Directory News &amp; Resources FAQs Publications Contact Us Network Directory United States California Connecticut Illinois Iowa Maryland Massachusetts New York Pennsylvania Texas Utah Europe France Germany Spain United Kingdom United States &nbsp; California University of California, Davis Simeon B. Boyd, MD Associate Professor Department of Pediatrics, School [&hellip;]<\/p>\n","protected":false},"author":57,"featured_media":0,"parent":706,"menu_order":0,"comment_status":"closed","ping_status":"closed","template":"","meta":{"footnotes":""},"class_list":["post-737","page","type-page","status-publish","hentry"],"aioseo_notices":[],"_links":{"self":[{"href":"https:\/\/labs.icahn.mssm.edu\/peterlab\/wp-json\/wp\/v2\/pages\/737","targetHints":{"allow":["GET"]}}],"collection":[{"href":"https:\/\/labs.icahn.mssm.edu\/peterlab\/wp-json\/wp\/v2\/pages"}],"about":[{"href":"https:\/\/labs.icahn.mssm.edu\/peterlab\/wp-json\/wp\/v2\/types\/page"}],"author":[{"embeddable":true,"href":"https:\/\/labs.icahn.mssm.edu\/peterlab\/wp-json\/wp\/v2\/users\/57"}],"replies":[{"embeddable":true,"href":"https:\/\/labs.icahn.mssm.edu\/peterlab\/wp-json\/wp\/v2\/comments?post=737"}],"version-history":[{"count":83,"href":"https:\/\/labs.icahn.mssm.edu\/peterlab\/wp-json\/wp\/v2\/pages\/737\/revisions"}],"predecessor-version":[{"id":1200,"href":"https:\/\/labs.icahn.mssm.edu\/peterlab\/wp-json\/wp\/v2\/pages\/737\/revisions\/1200"}],"up":[{"embeddable":true,"href":"https:\/\/labs.icahn.mssm.edu\/peterlab\/wp-json\/wp\/v2\/pages\/706"}],"wp:attachment":[{"href":"https:\/\/labs.icahn.mssm.edu\/peterlab\/wp-json\/wp\/v2\/media?parent=737"}],"curies":[{"name":"wp","href":"https:\/\/api.w.org\/{rel}","templated":true}]}}