{"id":11,"date":"2015-03-20T18:41:01","date_gmt":"2015-03-20T18:41:01","guid":{"rendered":"http:\/\/labs.icahn.mssm.edu\/paleselab\/?page_id=11"},"modified":"2026-03-02T14:51:19","modified_gmt":"2026-03-02T19:51:19","slug":"publications","status":"publish","type":"page","link":"https:\/\/labs.icahn.mssm.edu\/paleselab\/publications\/","title":{"rendered":"Publications"},"content":{"rendered":"<p>&nbsp;<\/p>\n<div id=\"attachment_94\" class=\"wp-caption aligncenter\" style=\"width: 415px\"><img loading=\"lazy\" decoding=\"async\" class=\" wp-image-94\" src=\"https:\/\/labs.icahn.mssm.edu\/paleselab\/wp-content\/uploads\/sites\/89\/2015\/03\/Yi-ying-Chou-2.jpg\" alt=\"\" width=\"415\" height=\"295\" srcset=\"https:\/\/labs.icahn.mssm.edu\/paleselab\/wp-content\/uploads\/sites\/89\/2015\/03\/Yi-ying-Chou-2.jpg 1024w, https:\/\/labs.icahn.mssm.edu\/paleselab\/wp-content\/uploads\/sites\/89\/2015\/03\/Yi-ying-Chou-2-300x213.jpg 300w\" sizes=\"auto, (max-width: 415px) 100vw, 415px\" \/><p class=\"wp-caption-text\"><span style=\"color: #999999\"><em>Electromicrograph of Influenza Viruses &#8211; Yi-ying Chou\u00a0<\/em><\/span><\/p><\/div>\n<h2>Most Recent Peer-Reviewed Publication<\/h2>\n<hr \/>\n<p>Mart\u00ednez-Guevara JL, Lai TY, Mishra M, Slamanig S, Gonz\u00e1lez-Dom\u00ednguez I, Abdeljawad A, Hoang MT, Singh G, Kowdle S, Lee B, Krammer F, <strong>Palese P<\/strong>, Sun W. <a href=\"https:\/\/pubmed.ncbi.nlm.nih.gov\/41746060\/\">AddaVax, AddaS03, and Alum Effectively Enhance Cross-Reactive and Cross-Neutralizing Antibody Responses Against SARS-CoV-2 Induced by the Inactivated NDV-HXP-S Vaccine in Mice<\/a>. Vaccines (Basel). 2026;14(2):138. doi:10.3390\/vaccines14020138. PMID:41746060<\/p>\n<hr \/>\n<p>Simon V, Floda D, Gleason C, Gonzalez-Reiche AS, Paniz-Mondolfi AE, Sordillo EM, <strong>Palese P<\/strong>, van Bakel H. <a href=\"https:\/\/pubmed.ncbi.nlm.nih.gov\/41369198\/\">The pandemic gap of respiratory viruses during the COVID-19 pandemic<\/a>. mBio. 2026;17(1):e0337625. doi:10.1128\/mbio.03376-25. PMID:41369198<\/p>\n<hr \/>\n<p>Boza M, Abdeljawad A, Slamanig S, Lemus N, Lai TY, Shea W, Sun W, <strong>Palese P<\/strong>, Gonz\u00e1lez-Dom\u00ednguez I. <a href=\"https:\/\/pubmed.ncbi.nlm.nih.gov\/41288394\/\">Development of an RT-qPCR and a Next-Generation Sequencing approach to assess viral shedding of NDV-based SARS-CoV-2 variant vaccines<\/a>. Microbiol Spectr. 2026;14(1):e0065325. doi:10.1128\/spectrum.00653-25. PMID:41288394<\/p>\n<hr \/>\n<p>Gonz\u00e1lez-Dom\u00ednguez I, Abdeljawad A, Lai TY, Boza M, McCroskery S, Lemus N, Slamanig S, Singh G, Warang P, Yellin T, Abbad A, Carre\u00f1o JM, Dolange V, Mart\u00ednez-Guevara JL, Singh G, Barcena-Varela M, Chang LA, Schotsaert M, Krammer F, <strong>Palese P<\/strong>, Sun W. <a href=\"https:\/\/pubmed.ncbi.nlm.nih.gov\/40165947\/\">Mucosal multivalent NDV-based vaccine provides cross-reactive immune responses against SARS-CoV-2 variants in animal models<\/a>. Front Immunol. 2025;16:1524477. doi:10.3389\/fimmu.2025.1524477. PMID:40165947<\/p>\n<hr \/>\n<p>Dolange V, Slamanig S, Abdeljawad A, Lai TY, Lemus N, Singh G, Carre\u00f1o JM, Abbad A, Srivastava K, Simon V, Sachithanandham J, Pekosz A, Sullivan D, Krammer F, Sun W, <strong>Palese P<\/strong>, Gonz\u00e1lez-Dom\u00ednguez I. <a href=\"https:\/\/pubmed.ncbi.nlm.nih.gov\/39749487\/\">A Surrogate Enzyme-Linked Immunosorbent Assay to Select High-Titer Human Convalescent Plasma for Treating Immunocompromised Patients Infected With Severe Acute Respiratory Syndrome Coronavirus 2 Variants of Concern<\/a>. J Infect Dis. 2025;231(4):e723-e733. doi:10.1093\/infdis\/jiae645. PMID:39749487<\/p>\n<hr \/>\n<p>Slamanig S, Lemus N, Lai TY, Singh G, Mishra M, Abdeljawad A, Boza M, Dolange V, Singh G, Lee B, Gonz\u00e1lez-Dom\u00ednguez I, Schotsaert M, Krammer F, <strong>Palese P<\/strong>, Sun W. <a href=\"https:\/\/pubmed.ncbi.nlm.nih.gov\/39667115\/\">A single immunization with intranasal Newcastle disease virus (NDV)-based XBB.1.5 variant vaccine reduces disease and transmission in animals against matched-variant challenge<\/a>. Vaccine. 2025;45:126586. doi:10.1016\/j.vaccine.2024.126586. PMID:39667115<\/p>\n<hr \/>\n<p><span class=\"labs-docsum-authors full-authors\">Vijayakumar G, McCroskery S, <strong>Palese P<\/strong>.<\/span>\u00a0<a class=\"labs-docsum-title\" href=\"https:\/\/pubmed.ncbi.nlm.nih.gov\/31694938\/\" target=\"_blank\" rel=\"noopener\">Engineering Newcastle Disease Virus as an Oncolytic Vector for Intratumoral Delivery of Immune Checkpoint Inhibitors and Immunocytokines.<\/a>\u00a0<span class=\"labs-docsum-journal-citation full-journal-citation\">J Virol. 2020 Jan 17;94(3):e01677-19. doi: 10.1128\/JVI.01677-19. Print 2020 Jan 17.<\/span><span class=\"citation-part\">PMID:\u00a0<span class=\"docsum-pmid\">31694938<\/span><\/span><\/p>\n<div>\n<hr \/>\n<\/div>\n<p>Gonz\u00e1lez-Dom\u00ednguez I, Puente-Massaguer E, Abdeljawad A, Lai TY, Liu Y, Loganathan M, Francis B, Lemus N, Dolange V, Boza M, Slamanig S, Mart\u00ednez-Guevara JL, Krammer F, Palese P, Sun W. <a href=\"https:\/\/pubmed.ncbi.nlm.nih.gov\/39551795\/\">Preclinical evaluation of a universal inactivated influenza B vaccine based on the mosaic hemagglutinin-approach<\/a>. NPJ Vaccines. 2024;9(1):222. doi:10.1038\/s41541-024-01014-8. PMID:39551795<\/p>\n<div>\n<hr \/>\n<\/div>\n<p>Slamanig S, Gonz\u00e1lez-Dom\u00ednguez I, Chang LA, Lemus N, Lai TY, Mart\u00ednez JL, Singh G, Dolange V, Abdeljawad A, Kowdle S, Noureddine M, Warang P, Singh G, Lee B, Garc\u00eda-Sastre A, Krammer F, Schotsaert M, <strong>Palese P<\/strong>, Sun W. <a href=\"https:\/\/pubmed.ncbi.nlm.nih.gov\/38848648\/\">Intranasal SARS-CoV-2 Omicron variant vaccines elicit humoral and cellular mucosal immunity in female mice<\/a>. EBioMedicine. 2024;105:105185. doi:10.1016\/j.ebiom.2024.105185. PMID:38848648<\/p>\n<hr \/>\n<p>Mart\u00ednez JL, Lemus N, Lai TY, Mishra M, Gonz\u00e1lez-Dom\u00ednguez I, Puente-Massaguer E, Loganathan M, Francis B, Samanovic MI, Krammer F, Mulligan MJ, Simon V, <strong>Palese P<\/strong>, Sun W. <a href=\"https:\/\/pubmed.ncbi.nlm.nih.gov\/38627145\/\">The immunodominance of antigenic site Sb on the H1 influenza virus hemagglutinin increases with high immunoglobulin titers of the cohorts and with young age, but not sex<\/a>. Vaccine. 2024;42(14):3365-3373. doi:10.1016\/j.vaccine.2024.04.037. PMID:38627145<\/p>\n<hr \/>\n<p>&nbsp;<\/p>\n<p>&nbsp;<\/p>\n<p>&nbsp;<\/p>\n","protected":false},"excerpt":{"rendered":"<p>&nbsp; Most Recent Peer-Reviewed Publication Mart\u00ednez-Guevara JL, Lai TY, Mishra M, Slamanig S, Gonz\u00e1lez-Dom\u00ednguez I, Abdeljawad A, Hoang MT, Singh G, Kowdle S, Lee B, Krammer F, Palese P, Sun W. AddaVax, AddaS03, and Alum Effectively Enhance Cross-Reactive and Cross-Neutralizing Antibody Responses Against SARS-CoV-2 Induced by the Inactivated NDV-HXP-S Vaccine in Mice. Vaccines (Basel). 2026;14(2):138. [&hellip;]<\/p>\n","protected":false},"author":1,"featured_media":0,"parent":0,"menu_order":4,"comment_status":"closed","ping_status":"open","template":"","meta":{"footnotes":""},"class_list":["post-11","page","type-page","status-publish","hentry"],"aioseo_notices":[],"_links":{"self":[{"href":"https:\/\/labs.icahn.mssm.edu\/paleselab\/wp-json\/wp\/v2\/pages\/11","targetHints":{"allow":["GET"]}}],"collection":[{"href":"https:\/\/labs.icahn.mssm.edu\/paleselab\/wp-json\/wp\/v2\/pages"}],"about":[{"href":"https:\/\/labs.icahn.mssm.edu\/paleselab\/wp-json\/wp\/v2\/types\/page"}],"author":[{"embeddable":true,"href":"https:\/\/labs.icahn.mssm.edu\/paleselab\/wp-json\/wp\/v2\/users\/1"}],"replies":[{"embeddable":true,"href":"https:\/\/labs.icahn.mssm.edu\/paleselab\/wp-json\/wp\/v2\/comments?post=11"}],"version-history":[{"count":30,"href":"https:\/\/labs.icahn.mssm.edu\/paleselab\/wp-json\/wp\/v2\/pages\/11\/revisions"}],"predecessor-version":[{"id":722,"href":"https:\/\/labs.icahn.mssm.edu\/paleselab\/wp-json\/wp\/v2\/pages\/11\/revisions\/722"}],"wp:attachment":[{"href":"https:\/\/labs.icahn.mssm.edu\/paleselab\/wp-json\/wp\/v2\/media?parent=11"}],"curies":[{"name":"wp","href":"https:\/\/api.w.org\/{rel}","templated":true}]}}