{"id":27,"date":"2017-11-16T18:41:19","date_gmt":"2017-11-16T18:41:19","guid":{"rendered":"http:\/\/labs.icahn.mssm.edu\/horowitzlab\/?page_id=27"},"modified":"2026-01-10T01:23:42","modified_gmt":"2026-01-10T01:23:42","slug":"team","status":"publish","type":"page","link":"https:\/\/labs.icahn.mssm.edu\/horowitzlab\/team\/","title":{"rendered":"Team"},"content":{"rendered":"<h1 style=\"text-align: center\"><a href=\"https:\/\/labs.icahn.mssm.edu\/horowitzlab\/amir-horowitz\/\">Amir Horowitz, PhD<\/a><\/h1>\n<h2 style=\"text-align: center\">Principal Investigator<\/h2>\n<hr \/>\n<h3 style=\"text-align: center\"><a href=\"https:\/\/labs.icahn.mssm.edu\/horowitzlab\/berengere-salome-pharmd-phd\/\">B\u00e9reng\u00e8re Salom\u00e9, PharmD, PhD<\/a><\/h3>\n<h3 style=\"text-align: center\">Senior Scientist<\/h3>\n<hr \/>\n<h3 style=\"text-align: center\"><a href=\"https:\/\/labs.icahn.mssm.edu\/horowitzlab\/team\/richa-rai-phd\/\">Richa Rai, PhD<\/a><\/h3>\n<h3 style=\"text-align: center\">Associate Scientist<\/h3>\n<hr \/>\n<h3 style=\"text-align: center\"><a href=\"https:\/\/labs.icahn.mssm.edu\/horowitzlab\/mari-morita-md-phd\/\">Mari Morita, MD, PhD<\/a><\/h3>\n<h3 style=\"text-align: center\">Postdoctoral Fellow<\/h3>\n<hr \/>\n<h3 style=\"text-align: center\"><a href=\"https:\/\/labs.icahn.mssm.edu\/horowitzlab\/team\/pierre-etienne-gabriel-md\/\">Pierre-Etienne Gabriel, MD<\/a><\/h3>\n<h3 style=\"text-align: center\">Visiting Researcher<\/h3>\n<hr \/>\n<h3 style=\"text-align: center\">Daniel Kraft, MD<\/h3>\n<h3 style=\"text-align: center\">Surgeon-Scientist<\/h3>\n<hr \/>\n<h3 style=\"text-align: center\"><a href=\"https:\/\/labs.icahn.mssm.edu\/horowitzlab\/haocheng-yu-msc\/\">Haocheng Yu, MSc<\/a><\/h3>\n<h3 style=\"text-align: center\">Biostatistician<\/h3>\n<hr \/>\n<h3 style=\"text-align: center\">Bryan Marr, MSc<\/h3>\n<h3 style=\"text-align: center\">PhD Student<\/h3>\n<hr \/>\n<h3 style=\"text-align: center\"><a href=\"https:\/\/labs.icahn.mssm.edu\/horowitzlab\/team\/maya-weissy-bs\/\">Maya Weissy, BS<\/a><\/h3>\n<h3 style=\"text-align: center\">Master&#8217;s Student<\/h3>\n<hr \/>\n<h3 style=\"text-align: center\"><a href=\"https:\/\/labs.icahn.mssm.edu\/horowitzlab\/mahina-sheikh-bm\/\">Mahina Sheikh, BM<\/a><\/h3>\n<h3 style=\"text-align: center\">Master&#8217;s Student<\/h3>\n<hr \/>\n<h3 style=\"text-align: center\"><a href=\"https:\/\/labs.icahn.mssm.edu\/horowitzlab\/john-cris-ingles-ba\/\">John Cris Ingles, BA<\/a><\/h3>\n<h3 style=\"text-align: center\">Associate Researcher<\/h3>\n<hr \/>\n<h3 style=\"text-align: center\"><a href=\"https:\/\/labs.icahn.mssm.edu\/horowitzlab\/team\/daniel-salib-ba\/\">Daniel Salib, BA<\/a><\/h3>\n<h3 style=\"text-align: center\">Research Volunteer<\/h3>\n<hr \/>\n<p>&nbsp;<\/p>\n<h2 style=\"text-align: center\">Alumni<\/h2>\n<p style=\"text-align: center\">Yu Hasegawa, PhD (Senior Scientist) | Current Position:<\/p>\n<p style=\"text-align: center\">Igor Duquesne, MD (Visiting Researcher) | Current Position:<\/p>\n<p style=\"text-align: center\">Andr\u00e9a Rangel PhD (Visiting Researcher) | Current Position:<\/p>\n<p style=\"text-align: center\">Iyinyeoluwa Okulate (Associate Researcher) | Current Position: PhD Student at John&#8217;s Hopkins University<\/p>\n<p style=\"text-align: center\">Brenda Hug (Associate Researcher) | Current Position:<\/p>\n<p style=\"text-align: center\">Jorge Daza, MD (Associate Researcher) | Current Position:<\/p>\n<p style=\"text-align: center\"><a href=\"https:\/\/labs.icahn.mssm.edu\/horowitzlab\/dan-fu-ruan\/\">Dan Fu Ruan<\/a><span style=\"color: #000000\"> (PhD Student) | Current Position: Postdoctoral Fellow at Memorial Sloan Kettering Cancer Center.<\/span><\/p>\n<p>&nbsp;<\/p>\n<p style=\"text-align: center\">\n","protected":false},"excerpt":{"rendered":"<p>Amir Horowitz, PhD Principal Investigator B\u00e9reng\u00e8re Salom\u00e9, PharmD, PhD Senior Scientist Richa Rai, PhD Associate Scientist Mari Morita, MD, PhD Postdoctoral Fellow Pierre-Etienne Gabriel, MD Visiting Researcher Daniel Kraft, MD Surgeon-Scientist Haocheng Yu, MSc Biostatistician Bryan Marr, MSc PhD Student Maya Weissy, BS Master&#8217;s Student Mahina Sheikh, BM Master&#8217;s Student John Cris Ingles, BA Associate [&hellip;]<\/p>\n","protected":false},"author":249,"featured_media":0,"parent":0,"menu_order":0,"comment_status":"closed","ping_status":"closed","template":"","meta":{"footnotes":""},"class_list":["post-27","page","type-page","status-publish","hentry"],"aioseo_notices":[],"_links":{"self":[{"href":"https:\/\/labs.icahn.mssm.edu\/horowitzlab\/wp-json\/wp\/v2\/pages\/27","targetHints":{"allow":["GET"]}}],"collection":[{"href":"https:\/\/labs.icahn.mssm.edu\/horowitzlab\/wp-json\/wp\/v2\/pages"}],"about":[{"href":"https:\/\/labs.icahn.mssm.edu\/horowitzlab\/wp-json\/wp\/v2\/types\/page"}],"author":[{"embeddable":true,"href":"https:\/\/labs.icahn.mssm.edu\/horowitzlab\/wp-json\/wp\/v2\/users\/249"}],"replies":[{"embeddable":true,"href":"https:\/\/labs.icahn.mssm.edu\/horowitzlab\/wp-json\/wp\/v2\/comments?post=27"}],"version-history":[{"count":55,"href":"https:\/\/labs.icahn.mssm.edu\/horowitzlab\/wp-json\/wp\/v2\/pages\/27\/revisions"}],"predecessor-version":[{"id":334,"href":"https:\/\/labs.icahn.mssm.edu\/horowitzlab\/wp-json\/wp\/v2\/pages\/27\/revisions\/334"}],"wp:attachment":[{"href":"https:\/\/labs.icahn.mssm.edu\/horowitzlab\/wp-json\/wp\/v2\/media?parent=27"}],"curies":[{"name":"wp","href":"https:\/\/api.w.org\/{rel}","templated":true}]}}