{"id":9,"date":"2015-08-05T14:31:20","date_gmt":"2015-08-05T14:31:20","guid":{"rendered":"http:\/\/labs.icahn.mssm.edu\/hanlab\/?page_id=9"},"modified":"2015-08-05T14:31:20","modified_gmt":"2015-08-05T14:31:20","slug":"publications","status":"publish","type":"page","link":"https:\/\/labs.icahn.mssm.edu\/hanlab\/publications\/","title":{"rendered":"Publications"},"content":{"rendered":"<p><img loading=\"lazy\" decoding=\"async\" class=\"alignleft size-full wp-image-94\" src=\"https:\/\/labs.icahn.mssm.edu\/hanlab\/wp-content\/uploads\/sites\/54\/2015\/08\/PubMed-Logo.png\" alt=\"\" width=\"67\" height=\"23\" \/> <a href=\"http:\/\/www.ncbi.nlm.nih.gov\/pubmed\/?term=Han+MH[Author]\">Search PubMed for articles<\/a><\/p>\n<p><strong>Selected Publications:<\/strong><\/p>\n<p>2015<\/p>\n<p><a href=\"http:\/\/www.ncbi.nlm.nih.gov\/pubmed\/26131662\">The Use of Herpes Simplex Virus in Ex Vivo Slice Culture.<\/a><br \/>\nFriedman AK, Han MH.<br \/>\nCurrent Protocols in Neuroscience. 2015 Jul 1;72:4.36.1-7.<\/p>\n<p><a href=\"http:\/\/www.ncbi.nlm.nih.gov\/pubmed\/26030846\">Excitatory transmission at thalamo-striatal synapses mediates susceptibility to social stress.<\/a><br \/>\nChristoffel DJ, Golden SA, Walsh JJ, Guise KG, Heshmati M, Friedman AK, Dey A, Smith M, Rebusi N, Pfau M, Ables JL, Aleyasin H, Khibnik LA, Hodes GE, Ben-Dor GA, Deisseroth K, Shapiro ML, Malenka RC, Ibanez-Tallon I, Han MH, Russo SJ.<br \/>\nNature Neuroscience. 2015 Jul;18(7):962-4. Epub 2015 Jun 1.<\/p>\n<p><a href=\"http:\/\/www.ncbi.nlm.nih.gov\/pubmed\/25952660\">Ventral hippocampal afferents to the nucleus accumbens regulate susceptibility to depression.<\/a><br \/>\nBagot RC, Parise EM, Pe\u00f1a CJ, Zhang HX, Maze I, Chaudhury D, Persaud B, Cachope R, Bola\u00f1os-Guzm\u00e1n CA, Cheer J, Deisseroth K, Han MH, Nestler EJ.<br \/>\nNature Communications. 2015 May 8;6:7062.<\/p>\n<hr \/>\n<p>2014<\/p>\n<p><a href=\"http:\/\/www.ncbi.nlm.nih.gov\/pubmed?term=nestler%20ej.%20locus%20specific%20epigenetic%20remodeling%20controls%20addiction%20and%20depression-related%20behaviors&amp;cmd=correctspelling\">Locus-specific epigenetic remodeling controls addiction- and depression-related behaviors. <\/a><br \/>\nHeller EA, Cates HM, Pena CJ, Sun H, Shao N, Feng J, Golden SA, Herman JP, Walsh JJ, Mazei-Robison M, Ferguson D, Knight S, Gerber MA, Nievera C, Han MH, Russo SJ, Tamminga CS, Neve RL, Shen L, Zhang HS, Zhang F, Nestler EJ.<br \/>\nNature Neuroscience, 2014.<\/p>\n<p><a href=\"http:\/\/www.ncbi.nlm.nih.gov\/pubmed\/24853771\">Loss of BDNF Signaling in D1R-Expressing NAc Neurons Enhances Morphine Reward by Reducing GABA Inhibition.<\/a><br \/>\nKoo JW, Lobo MK, Chaudhury D, Labont\u00e9 B, Friedman A, Heller E, Pe\u00f1a CJ, Han MH, Nestler EJ.<br \/>\nNeuropsychopharmacology, 2014 Oct;39(11):2646-53.<\/p>\n<p><a href=\"http:\/\/www.ncbi.nlm.nih.gov\/pubmed\/24952642\">Nuclear BK channels regulate gene expression via the control of nuclear calcium signaling. <\/a><br \/>\nLi B, Jie W, Huang L, Wei P, Li S, Luo Z, Friedman AK, Meredith AL, Han MH, Zhu XH, Gao TM.<br \/>\nNature Neuroscience, 2014 Aug;17(8):1055-63.<\/p>\n<p><a href=\"http:\/\/www.ncbi.nlm.nih.gov\/pubmed\/24931766\">The heterogeneity of ventral tegmental area neurons: Projection functions in a mood-related context.<\/a><br \/>\nWalsh JJ, Han MH.<br \/>\nNeuroscience, 2014 Jun 12; 282C:101-108.<\/p>\n<p><a href=\"http:\/\/www.ncbi.nlm.nih.gov\/pubmed\/24744379\">Enhancing depression mechanisms in midbrain dopamine neurons achieves homeostatic resilience.<\/a><br \/>\nFriedman AK, Walsh JJ, Juarez B, Ku SM, Chaudhury D, Wang J, Li X, Dietz DM, Pan N, Vialou VF, Neve RL, Yue Z, Han MH.<br \/>\nScience, 2014 Apr 18;344(6181):313-9.<\/p>\n<p><a href=\"http:\/\/www.ncbi.nlm.nih.gov\/pubmed\/24584053\">G9a influences neuronal subtype specification in striatum.<\/a><br \/>\nMaze I, Chaudhury D, Dietz DM, Von Schimmelmann M, Kennedy PJ, Lobo MK, Sillivan SE, Miller ML, Bagot RC, Sun H, Turecki G, Neve RL, Hurd YL, Shen L, Han MH, Schaefer A, Nestler EJ.<br \/>\nNature Neuroscience, 2014 Apr;17(4):533-9.<\/p>\n<p><a href=\"http:\/\/www.ncbi.nlm.nih.gov\/pubmed\/?term=24270188\">Stress and CRF gate neural activation of BDNF in the mesolimibic reward pathway.<\/a><br \/>\nWalsh JJ, Friedman AK, Sun H, Heller EA, Ku SM, Juarez B, Burnham VL, Mazei-Robison M, Ferguson D, Golden SA, Koo JW, Chaudhury D, Christoffel DJ, Pomeranz L, Friedman J, Russo SJ, Nestler EJ, Han MH.<br \/>\nNature Neuroscience, 2014 Jan;17(1):27-9.<\/p>\n<hr \/>\n<p>2013<\/p>\n<p><a href=\"http:\/\/www.ncbi.nlm.nih.gov\/pubmed\/24259563\">DeltaFosB induction in striatal medium spiny neuron subtypes in response to chronic pharmacological, emotional, and optogenetic stimuli. <\/a><br \/>\nLobo MK, Zaman S, Damez-Werno D, Koo JW, Bagot R, DiNieri J, Nugent A, Finkel E, Chaudhury D, Chandra R, Riberio E, Rabkin J, Mouzon E, Cachope R, Cheer J, Han MH, Dietz D, Self D, Hurd Y, Vialou V, Nestler EJ.<br \/>\nJournal of Neuroscience 2013 Nov 20;33(47):18381-95.<\/p>\n<p><a href=\"http:\/\/www.ncbi.nlm.nih.gov\/pubmed\/?term=23745104\">Optogenetic inhibition of D1R containing nucleus accumbens neurons alters cocaine-mediated regulation of Tiam1. <\/a><br \/>\nChandra R, Lenz JD, Gancarz AM, Chaudhury D, Schroeder GL, Han MH, Cheer J, Dietz DM, Lobo MK.<br \/>\nFrontiers in Molecular Neuroscience 2013 May 24;6:13.<\/p>\n<p><a href=\"http:\/\/www.ncbi.nlm.nih.gov\/pubmed\/?term=23475113\">Class I HDAC inhibition blocks cocaine-induced plasticity by targeted changes in histone methylation. <\/a><br \/>\nKennedy PJ, Feng J, Robison AJ, Maze I, Badimon A, Mouzon E, Chaudhury D, Damez-Werno DM, Haggarty SJ, Han MH, Bassel-Duby R, Olson EN,\u00a0 Nestler EJ.<br \/>\nNature Neuroscience 2013 Apr;16(4):434-40.<\/p>\n<p><a href=\"http:\/\/www.ncbi.nlm.nih.gov\/pubmed\/23235832\">Rapid regulation of depression-like behaviors by control of midbrain dopamine neurons. <\/a><br \/>\nChaudhury D, Walsh JJ, Friedman AK, Juarez B, Ku SM, Koo JW, Ferguson D, Tsai HC, Pomeranz L, Christoffel D, Nectow AR, Ekstrand M, Domingos A, Mazie-Robison M, Mouzon E, Lobo MK, Neve RL, Friedman JM, Russo SJ, Deisseroth K, Nestler EJ, Han MH.<br \/>\nNature 2013 Jan 24;493(7433):532-6. [Chaudhury and Walsh contributed equally]<\/p>\n<hr \/>\n<p>2012<\/p>\n<p><a href=\"http:\/\/www.ncbi.nlm.nih.gov\/pubmed\/23064380\">Neurobiology of resilience. <\/a><br \/>\nRusso SJ, Murrough JW, Han MH, Charney DS, Nestler EJ.<br \/>\nNature Neuroscience 2012 Nov;15(11):1475-84.<\/p>\n<p><a href=\"http:\/\/www.ncbi.nlm.nih.gov\/pubmed\/23042896\">BDNF is a negative modulator of morphine action. <\/a><br \/>\nKoo JW, Mazei-Robison MS, Chaudhury D, Juarez B, LaPlant Q, Ferguson D, Feng J, Sun H, Scobie KN, Damez-Werno D, Crumiller M, Ohnishi YN, Ohnishi YH, Mouzon E, Dietz DM, Lobo MK, Neve RL, Russo SJ, Han MH, Nestler EJ.<br \/>\nScience 2012 Oct 5;338(6103):124-8.<\/p>\n<p><a href=\"http:\/\/www.ncbi.nlm.nih.gov\/pubmed\/22864611\">HDAC2 regulates atypical antipsychotic responses through the modulation of mGlu2 promoter activity. <\/a><br \/>\nKurita M, Holloway T, Garc\u00eda-Bea A, Kozlenkov A, Friedman AK, Moreno JL, Heshmati M, Golden SA, Kennedy PJ, Takahashi N, Dietz DM, Mocci G, Gabilondo AM, Hanks A, Umali A, Callado LF, Gallitano AL, Neve RL, Shen L, Buxbaum JD, Han MH, Nestler EJ, Meana JJ, Russo SJ, Gonz\u00e1lez-Maeso J.<br \/>\nNature Neuroscience 2012 Sep;15(9):1245-54.<\/p>\n<p><a href=\"http:\/\/www.ncbi.nlm.nih.gov\/pubmed\/21945288\">Virogenetic and optogenetic mechanisms to define potential therapeutic targets in psychiatric disorders. <\/a><br \/>\nHan MH, Friedman AK.<br \/>\nNeuropharmacology 2012 Jan;62(1):89-100.<\/p>\n<hr \/>\n<p>2011<\/p>\n<p><a href=\"http:\/\/www.ncbi.nlm.nih.gov\/pubmed\/22196333\">Role for mTOR signaling and neuronal activity in morphine-induced adaptations in ventral tegmental area dopamine neurons. <\/a><br \/>\nMazei-Robison MS, Koo JW, Friedman AK, Lansink CS, Robison AJ, Vinish M, Krishnan V, Kim S, Siuta MA, Galli MA, Niswender KD, Appasani R, Horvath MC, Neve RL, Worley PF, Snyder SH, Hurd YL, Cheer JF, Han MH, Russo SJ, Nestler EJ.<br \/>\nNeuron 2011 Dec 22;72(6):977-90.<\/p>\n<p><a href=\"http:\/\/www.ncbi.nlm.nih.gov\/pubmed\/21430648\">Specific role of VTA dopamine neuronal firing rates and morphology in the reversal of anxiety-related, but not depression-related behavior in the Clock\u039419 mouse model of mania. <\/a><br \/>\nCoque L, Mukherjee S, Cao JL, Spencer S, Marvin M, Falcon E, Sidor MM, Birnbaum SG, Graham A, Neve RL, Gordon E, Ozburn AR, Goldberg MS, Han MH, Cooper DC, McClung CA.<br \/>\nNeuropsychopharmacology 2011 Jun;36(7):1478-88.<\/p>\n<p><a href=\"http:\/\/www.ncbi.nlm.nih.gov\/pubmed\/21613507\">Reinforcement-related regulation of AMPA glutamate receptor subunits in the ventral tegmental area enhances motivation for cocaine. <\/a><br \/>\nChoi KH, Edwards S, Graham DL, Larson EB, Whisler KN, Simmons D, Friedman AK, Walsh JJ, Rahman Z, Monteggia LM, Eisch AJ, Neve RL, Nestler EJ, Han MH, Self DW.<br \/>\nJournal of Neuroscience 2011 May 25;31(21):7927-37.<\/p>\n<p><a href=\"http:\/\/www.ncbi.nlm.nih.gov\/pubmed\/21209217\">IkappaB kinase regulates social defeat stress-induced synaptic and behavioral plasticity. <\/a><br \/>\nChristoffel DJ, Golden SA, Dumitriu D, Robison AJ, Janssen WG, Ahn HF, Krishnan V, Reyes CM, Han MH, Ables JL, Eisch AJ, Dietz DM, Ferguson D, Neve RL, Greeengard P, Kim Y, Morrison JH, Russo SJ.<br \/>\nJournal of Neuroscience 2011 Jan 5;31(1):314-21.<\/p>\n<hr \/>\n<p>2010<\/p>\n<p><a href=\"http:\/\/www.ncbi.nlm.nih.gov\/pubmed\/21147984\">Mesolimbic dopamine neurons in the brain reward circuit mediate susceptibility to social defeat and antidepressant action. <\/a><br \/>\nCao JL, Covington III HE, Friedman AK, Wilkinson MB, Walsh JJ, Cooper DC, Nestler EJ, Han MH.<br \/>\nJournal of Neuroscience 2010 Dec 8;30(49):16453-8.<\/p>\n<p><a href=\"http:\/\/www.ncbi.nlm.nih.gov\/pubmed\/20947769\">Cell type specific loss of BDNF signaling mimics optogenetic control of cocaine reward. <\/a><br \/>\nLobo MK, Covington III HE, Chaudhury D, Friedman AK, Sun HS, Damez-Werno D, Dietz D, Zaman S, Koo JW, Kennedy PJ, Mouzon E, Mogri M, Neve RL, Deisseroth K, Han MH, Nestler EJ.<br \/>\nScience 2010 Oct 15;330(6002):385-90.<\/p>\n<p><a href=\"http:\/\/www.ncbi.nlm.nih.gov\/pubmed\/20837544\">Essential role of the cAMP-CREB pathway in opiate-induced homeostatic adaptations of locus coeruleus neurons. <\/a><br \/>\nCao JL, Vialou VF, Lobo MK, Robison AJ, Neve RL, Cooper DC, Nestler EJ, Han MH.<br \/>\nProceedings of the National Academy of Sciences USA 2010 Sep 28;107(39):17011-6.<\/p>\n<p><a href=\"http:\/\/www.ncbi.nlm.nih.gov\/pubmed\/20519540\">Extracellular signal-regulated kinase-2 within the ventral tegmental area regulates responses to stress. <\/a><br \/>\nI\u00f1iguez SD, Vialou V, Warren BL, Cao JL, Alcantara LF, Davis LC, Manojlovic Z, Neve RL, Russo SJ, Han MH, Nestler EJ, Bola\u00f1os-Guzm\u00e1n CA.<br \/>\nJournal of Neuroscience 2010 Jun 2;30(22):7652-63.<\/p>\n<p><a href=\"http:\/\/www.ncbi.nlm.nih.gov\/pubmed\/19914603\">Brain region specific actions of RGS4 oppose morphine reward and dependence but promote analgesia. <\/a><br \/>\nHan MH, Renthal W, Ring RH, Rahman Z, Psifogeorgou K, Howland D, Birnbaum S, Young K, Neve R, Gomes I, Devi LA, Nestler EJ, Zachariou V.<br \/>\nBiological Psychiatry 2010 Apr 15;67(8):761-9.<\/p>\n","protected":false},"excerpt":{"rendered":"<p>Search PubMed for articles Selected Publications: 2015 The Use of Herpes Simplex Virus in Ex Vivo Slice Culture. Friedman AK, Han MH. Current Protocols in Neuroscience. 2015 Jul 1;72:4.36.1-7. Excitatory transmission at thalamo-striatal synapses mediates susceptibility to social stress. Christoffel DJ, Golden SA, Walsh JJ, Guise KG, Heshmati M, Friedman AK, Dey A, Smith M, [&hellip;]<\/p>\n","protected":false},"author":38,"featured_media":0,"parent":0,"menu_order":0,"comment_status":"open","ping_status":"open","template":"full-width.php","meta":{"_et_pb_use_builder":"","_et_pb_old_content":"","_et_gb_content_width":"","footnotes":""},"class_list":["post-9","page","type-page","status-publish","hentry"],"aioseo_notices":[],"_links":{"self":[{"href":"https:\/\/labs.icahn.mssm.edu\/hanlab\/wp-json\/wp\/v2\/pages\/9","targetHints":{"allow":["GET"]}}],"collection":[{"href":"https:\/\/labs.icahn.mssm.edu\/hanlab\/wp-json\/wp\/v2\/pages"}],"about":[{"href":"https:\/\/labs.icahn.mssm.edu\/hanlab\/wp-json\/wp\/v2\/types\/page"}],"author":[{"embeddable":true,"href":"https:\/\/labs.icahn.mssm.edu\/hanlab\/wp-json\/wp\/v2\/users\/38"}],"replies":[{"embeddable":true,"href":"https:\/\/labs.icahn.mssm.edu\/hanlab\/wp-json\/wp\/v2\/comments?post=9"}],"version-history":[{"count":0,"href":"https:\/\/labs.icahn.mssm.edu\/hanlab\/wp-json\/wp\/v2\/pages\/9\/revisions"}],"wp:attachment":[{"href":"https:\/\/labs.icahn.mssm.edu\/hanlab\/wp-json\/wp\/v2\/media?parent=9"}],"curies":[{"name":"wp","href":"https:\/\/api.w.org\/{rel}","templated":true}]}}