{"id":2,"date":"2019-04-02T18:28:52","date_gmt":"2019-04-02T18:28:52","guid":{"rendered":"http:\/\/labs.icahn.mssm.edu\/gumuslab\/?page_id=2"},"modified":"2019-06-07T17:11:21","modified_gmt":"2019-06-07T17:11:21","slug":"sample-page","status":"publish","type":"page","link":"https:\/\/labs.icahn.mssm.edu\/gumuslab\/sample-page\/","title":{"rendered":"Team"},"content":{"rendered":"<p><img loading=\"lazy\" decoding=\"async\" class=\"alignnone size-medium wp-image-11\" src=\"https:\/\/labs.icahn.mssm.edu\/gumuslab\/wp-content\/uploads\/sites\/295\/2019\/06\/gumus_2-225x300.jpg\" alt=\"\" width=\"225\" height=\"300\" srcset=\"https:\/\/labs.icahn.mssm.edu\/gumuslab\/wp-content\/uploads\/sites\/295\/2019\/06\/gumus_2-225x300.jpg 225w, https:\/\/labs.icahn.mssm.edu\/gumuslab\/wp-content\/uploads\/sites\/295\/2019\/06\/gumus_2.jpg 720w\" sizes=\"auto, (max-width: 225px) 100vw, 225px\" \/><\/p>\n<p><strong>Zeynep H. G\u00fcm\u00fc\u015f, Ph.D.\u00a0<\/strong><br \/>\n<em>Principal Investigator\u00a0<\/em><\/p>\n<p><strong>Assistant Professor\u00a0<\/strong><br \/>\nIcahn Institute of Genomics and Multiscale Biology and<br \/>\nDepartment of Genetics and Genomics<br \/>\nMember, Tish Cancer Institute<br \/>\nMount Sinai School of Medicine<\/p>\n<p><strong>Adjunct Assistant Professor\u00a0<\/strong><br \/>\nDepartment of Medicine<br \/>\nWeill Medical College<br \/>\nCornell University<\/p>\n<p><em>Ph. D. Princeton University, Princeton, NJ\u00a0<\/em><br \/>\n<em>M. A. Princeton University, Princeton, NJ\u00a0<\/em><br \/>\n<em>B. S. Bogazici University, Istanbul, Turkey\u00a0<\/em><\/p>\n<div><\/div>\n<div><img loading=\"lazy\" decoding=\"async\" class=\"alignnone size-medium wp-image-12\" src=\"https:\/\/labs.icahn.mssm.edu\/gumuslab\/wp-content\/uploads\/sites\/295\/2019\/06\/selim-252x300.jpg\" alt=\"\" width=\"252\" height=\"300\" srcset=\"https:\/\/labs.icahn.mssm.edu\/gumuslab\/wp-content\/uploads\/sites\/295\/2019\/06\/selim-252x300.jpg 252w, https:\/\/labs.icahn.mssm.edu\/gumuslab\/wp-content\/uploads\/sites\/295\/2019\/06\/selim.jpg 495w\" sizes=\"auto, (max-width: 252px) 100vw, 252px\" \/><\/div>\n<div><\/div>\n<div><strong>Dr. Selim Kalayci, Ph. D.\u00a0<\/strong><br \/>\n<em>Postdoctoral Fellow\u00a0<\/em><br \/>\n<em>Ph. D. Florida International University,\u00a0<\/em><br \/>\n<em>School of Computing and Information Sciences, Miami, FL\u00a0<\/em><\/div>\n<div><\/div>\n<div><img loading=\"lazy\" decoding=\"async\" class=\"alignnone size-medium wp-image-13\" src=\"https:\/\/labs.icahn.mssm.edu\/gumuslab\/wp-content\/uploads\/sites\/295\/2019\/06\/sezen-254x300.jpeg\" alt=\"\" width=\"254\" height=\"300\" srcset=\"https:\/\/labs.icahn.mssm.edu\/gumuslab\/wp-content\/uploads\/sites\/295\/2019\/06\/sezen-254x300.jpeg 254w, https:\/\/labs.icahn.mssm.edu\/gumuslab\/wp-content\/uploads\/sites\/295\/2019\/06\/sezen-768x906.jpeg 768w, https:\/\/labs.icahn.mssm.edu\/gumuslab\/wp-content\/uploads\/sites\/295\/2019\/06\/sezen-868x1024.jpeg 868w\" sizes=\"auto, (max-width: 254px) 100vw, 254px\" \/><\/div>\n<div><\/div>\n<div><strong>Dr. Sezen Vatansever, M. D., Ph. D.\u00a0<\/strong><br \/>\n<em>Postdoctoral Fellow\u00a0<\/em><br \/>\n<em>Ph.D. Biomedical Sciences &amp; Engineering\u00a0<\/em><br \/>\n<em>Koc University, Istanbul, Turkey\u00a0<\/em><br \/>\n<em>M.D. Marmara University, Istanbul, Turkey\u00a0<\/em><\/div>\n<div>\n<img loading=\"lazy\" decoding=\"async\" class=\"alignnone size-medium wp-image-14\" src=\"https:\/\/labs.icahn.mssm.edu\/gumuslab\/wp-content\/uploads\/sites\/295\/2019\/06\/banu-256x300.jpg\" alt=\"\" width=\"256\" height=\"300\" srcset=\"https:\/\/labs.icahn.mssm.edu\/gumuslab\/wp-content\/uploads\/sites\/295\/2019\/06\/banu-256x300.jpg 256w, https:\/\/labs.icahn.mssm.edu\/gumuslab\/wp-content\/uploads\/sites\/295\/2019\/06\/banu.jpg 720w\" sizes=\"auto, (max-width: 256px) 100vw, 256px\" \/><\/div>\n<div><\/div>\n<div><strong>Banu Bilgili\u00a0<\/strong><br \/>\n<em>Visiting Student,\u00a0<\/em><br \/>\n<em>Koc University, Istanbul, TURKEY\u00a0<\/em><\/div>\n<div><\/div>\n<div><img loading=\"lazy\" decoding=\"async\" class=\"alignnone size-medium wp-image-15\" src=\"https:\/\/labs.icahn.mssm.edu\/gumuslab\/wp-content\/uploads\/sites\/295\/2019\/06\/kakit-253x300.jpg\" alt=\"\" width=\"253\" height=\"300\" srcset=\"https:\/\/labs.icahn.mssm.edu\/gumuslab\/wp-content\/uploads\/sites\/295\/2019\/06\/kakit-253x300.jpg 253w, https:\/\/labs.icahn.mssm.edu\/gumuslab\/wp-content\/uploads\/sites\/295\/2019\/06\/kakit.jpg 545w\" sizes=\"auto, (max-width: 253px) 100vw, 253px\" \/><\/div>\n<div><\/div>\n<div><strong>Ka Kit Cheung\u00a0<\/strong><br \/>\n<em>Rotation Student &#8211; Biomedical Software Developer\u00a0<\/em><br \/>\n<em>Mount Sinai School of Medicine, New York, NY\u00a0<\/em><\/div>\n<div><\/div>\n<div><strong>Dr. Myvizhi Selvan\u00a0<\/strong><br \/>\n<em>Postdoctoral Fellow\u00a0<\/em><br \/>\n<em>Prior Postdoc: Schrodinger Inc, New York, NY\u00a0<\/em><\/div>\n<div><\/div>\n<div><strong>Dr. Dmitry Grigoryev, M.D., Ph. D.\u00a0<\/strong><br \/>\n<em>Senior Research Scientist\u00a0<\/em><br \/>\n<em>Ph.D. University of Maryland, Baltimore\u00a0<\/em><br \/>\n<em>M.D. State Pavlov St. Petersburg University, Russia\u00a0<\/em><\/div>\n<div><\/div>\n<div><strong>Dr. Jian Sun\u00a0<\/strong><br \/>\n<em>Research Scientist\u00a0<\/em><br \/>\n<em>Ph. D. Mount Sinai School of Medicine, New York, NY\u00a0<\/em><\/div>\n<div><\/div>\n<div><strong>Vasha Liluashvili\u00a0<\/strong><br \/>\n<em>Visiting Graduate Student,\u00a0<\/em><br \/>\n<em>University of Heidelberg, Germany\u00a0<\/em><\/div>\n<div><\/div>\n<div><strong>Kai-Yuan Chen\u00a0<\/strong><br \/>\n<em>Visiting Graduate Student,\u00a0<\/em><br \/>\n<em>Cornell University, Ithaca, NY\u00a0<\/em><\/div>\n","protected":false},"excerpt":{"rendered":"<p>Zeynep H. G\u00fcm\u00fc\u015f, Ph.D.\u00a0 Principal Investigator\u00a0 Assistant Professor\u00a0 Icahn Institute of Genomics and Multiscale Biology and Department of Genetics and Genomics Member, Tish Cancer Institute Mount Sinai School of Medicine Adjunct Assistant Professor\u00a0 Department of Medicine Weill Medical College Cornell University Ph. D. Princeton University, Princeton, NJ\u00a0 M. A. Princeton University, Princeton, NJ\u00a0 B. S. [&hellip;]<\/p>\n","protected":false},"author":146,"featured_media":0,"parent":0,"menu_order":0,"comment_status":"closed","ping_status":"open","template":"","meta":{"footnotes":""},"class_list":["post-2","page","type-page","status-publish","hentry"],"aioseo_notices":[],"_links":{"self":[{"href":"https:\/\/labs.icahn.mssm.edu\/gumuslab\/wp-json\/wp\/v2\/pages\/2","targetHints":{"allow":["GET"]}}],"collection":[{"href":"https:\/\/labs.icahn.mssm.edu\/gumuslab\/wp-json\/wp\/v2\/pages"}],"about":[{"href":"https:\/\/labs.icahn.mssm.edu\/gumuslab\/wp-json\/wp\/v2\/types\/page"}],"author":[{"embeddable":true,"href":"https:\/\/labs.icahn.mssm.edu\/gumuslab\/wp-json\/wp\/v2\/users\/146"}],"replies":[{"embeddable":true,"href":"https:\/\/labs.icahn.mssm.edu\/gumuslab\/wp-json\/wp\/v2\/comments?post=2"}],"version-history":[{"count":2,"href":"https:\/\/labs.icahn.mssm.edu\/gumuslab\/wp-json\/wp\/v2\/pages\/2\/revisions"}],"predecessor-version":[{"id":16,"href":"https:\/\/labs.icahn.mssm.edu\/gumuslab\/wp-json\/wp\/v2\/pages\/2\/revisions\/16"}],"wp:attachment":[{"href":"https:\/\/labs.icahn.mssm.edu\/gumuslab\/wp-json\/wp\/v2\/media?parent=2"}],"curies":[{"name":"wp","href":"https:\/\/api.w.org\/{rel}","templated":true}]}}