{"id":19,"date":"2019-06-07T18:52:36","date_gmt":"2019-06-07T18:52:36","guid":{"rendered":"http:\/\/labs.icahn.mssm.edu\/gumuslab\/?page_id=19"},"modified":"2019-06-07T19:19:11","modified_gmt":"2019-06-07T19:19:11","slug":"news","status":"publish","type":"page","link":"https:\/\/labs.icahn.mssm.edu\/gumuslab\/news\/","title":{"rendered":"News"},"content":{"rendered":"<ul>\n<li>1\/9\/2019: Dr.\u00a0G\u00fcm\u00fc\u015f was featured in <a href=\"https:\/\/www.amerikaninsesi.com\/a\/akci%C4%9Fer-kanseri-riskini-art%C4%B1ran-gen-bozuklu%C4%9Funu-tespit-eden-t%C3%BCrk\/4735161.html\">Voice of America Turkey<\/a> for her research on gene disorders and lung cancer<\/li>\n<li>12\/18\/2014: Dr. G\u00fcm\u00fc\u015f gave a keynote address at the\u00a0<a href=\"http:\/\/ejibce2014.fc.ul.pt\/programme.html\">EJIBCE2014<\/a>\u00a0meeting at the University of Lisbon in Portugal!<\/li>\n<li>08\/07\/2014: Dr. G\u00fcm\u00fc\u015f on live TV interview with TRT Turk on Ebola crisis.<\/li>\n<li>07\/09\/2014: Documentary on Dr. G\u00fcm\u00fc\u015f&#8217; research on Turkish National TV, TRT Turk<\/li>\n<li>10\/03\/2013: Our article &#8220;Integrative annotation of variants from 1,092 humans: application to cancer genomics&#8221; got published in\u00a0<a href=\"http:\/\/medicalxpress.com\/news\/2013-10-sieving-junk-dna-reveals-cancer-causing.html\">Science magazine.<\/a><\/li>\n<li>&#8220;Benim Hikayem&#8221; (&#8220;My Story&#8221;): Documentary on Dr. G\u00fcm\u00fc\u015f&#8217; research airs on TRT Turk<\/li>\n<li>You can watch the documentary (in Turkish) on Dr. G\u00fcm\u00fc\u015f and her research\u00a0<a href=\"https:\/\/www.youtube.com\/watch?v=pvW0kHgXLUY\">here<\/a><\/li>\n<\/ul>\n<p>&nbsp;<\/p>\n<div class=\"col-md-3\">\n<h4>Follow us on Twitter<\/h4>\n<h4>\u00a0<img loading=\"lazy\" decoding=\"async\" class=\"wp-image-23 alignnone\" src=\"https:\/\/labs.icahn.mssm.edu\/gumuslab\/wp-content\/uploads\/sites\/295\/2019\/06\/twitter-300x113.png\" alt=\"\" width=\"141\" height=\"53\" srcset=\"https:\/\/labs.icahn.mssm.edu\/gumuslab\/wp-content\/uploads\/sites\/295\/2019\/06\/twitter-300x113.png 300w, https:\/\/labs.icahn.mssm.edu\/gumuslab\/wp-content\/uploads\/sites\/295\/2019\/06\/twitter-768x289.png 768w, https:\/\/labs.icahn.mssm.edu\/gumuslab\/wp-content\/uploads\/sites\/295\/2019\/06\/twitter-1024x385.png 1024w\" sizes=\"auto, (max-width: 141px) 100vw, 141px\" \/><\/h4>\n<\/div>\n<div class=\"col-md-2\">\n<h4><a href=\"https:\/\/twitter.com\/icahninstitute\">@Icahninstitute<\/a><\/h4>\n<\/div>\n<div class=\"col-md-2\">\n<h4><a href=\"https:\/\/twitter.com\/zeynephg\">@ZeynepHG<\/a><\/h4>\n<\/div>\n","protected":false},"excerpt":{"rendered":"<p>1\/9\/2019: Dr.\u00a0G\u00fcm\u00fc\u015f was featured in Voice of America Turkey for her research on gene disorders and lung cancer 12\/18\/2014: Dr. G\u00fcm\u00fc\u015f gave a keynote address at the\u00a0EJIBCE2014\u00a0meeting at the University of Lisbon in Portugal! 08\/07\/2014: Dr. G\u00fcm\u00fc\u015f on live TV interview with TRT Turk on Ebola crisis. 07\/09\/2014: Documentary on Dr. G\u00fcm\u00fc\u015f&#8217; research on Turkish [&hellip;]<\/p>\n","protected":false},"author":321,"featured_media":0,"parent":0,"menu_order":0,"comment_status":"closed","ping_status":"closed","template":"","meta":{"footnotes":""},"class_list":["post-19","page","type-page","status-publish","hentry"],"aioseo_notices":[],"_links":{"self":[{"href":"https:\/\/labs.icahn.mssm.edu\/gumuslab\/wp-json\/wp\/v2\/pages\/19","targetHints":{"allow":["GET"]}}],"collection":[{"href":"https:\/\/labs.icahn.mssm.edu\/gumuslab\/wp-json\/wp\/v2\/pages"}],"about":[{"href":"https:\/\/labs.icahn.mssm.edu\/gumuslab\/wp-json\/wp\/v2\/types\/page"}],"author":[{"embeddable":true,"href":"https:\/\/labs.icahn.mssm.edu\/gumuslab\/wp-json\/wp\/v2\/users\/321"}],"replies":[{"embeddable":true,"href":"https:\/\/labs.icahn.mssm.edu\/gumuslab\/wp-json\/wp\/v2\/comments?post=19"}],"version-history":[{"count":4,"href":"https:\/\/labs.icahn.mssm.edu\/gumuslab\/wp-json\/wp\/v2\/pages\/19\/revisions"}],"predecessor-version":[{"id":24,"href":"https:\/\/labs.icahn.mssm.edu\/gumuslab\/wp-json\/wp\/v2\/pages\/19\/revisions\/24"}],"wp:attachment":[{"href":"https:\/\/labs.icahn.mssm.edu\/gumuslab\/wp-json\/wp\/v2\/media?parent=19"}],"curies":[{"name":"wp","href":"https:\/\/api.w.org\/{rel}","templated":true}]}}