{"id":227,"date":"2019-08-06T14:45:24","date_gmt":"2019-08-06T14:45:24","guid":{"rendered":"http:\/\/labs.icahn.mssm.edu\/goosenslab\/?page_id=227"},"modified":"2019-08-14T15:27:10","modified_gmt":"2019-08-14T15:27:10","slug":"template","status":"publish","type":"page","link":"https:\/\/labs.icahn.mssm.edu\/goosenslab\/","title":{"rendered":"Updated Template"},"content":{"rendered":"<p>[et_pb_section fb_built=&#8221;1&#8243; fullwidth=&#8221;on&#8221; disabled_on=&#8221;on|on|on&#8221; _builder_version=&#8221;3.19.10&#8243; disabled=&#8221;on&#8221;][et_pb_fullwidth_menu menu_id=&#8221;5&#8243; submenu_direction=&#8221;downwards&#8221; fullwidth_menu=&#8221;off&#8221; _builder_version=&#8221;3.19.10&#8243;][\/et_pb_fullwidth_menu][\/et_pb_section][et_pb_section fb_built=&#8221;1&#8243; fullwidth=&#8221;on&#8221; _builder_version=&#8221;3.19.10&#8243; background_color=&#8221;#000000&#8243;][et_pb_fullwidth_slider show_pagination=&#8221;off&#8221; _builder_version=&#8221;3.19.10&#8243; animation_style=&#8221;slide&#8221; animation_direction=&#8221;right&#8221; auto=&#8221;on&#8221;][et_pb_slide heading=&#8221;Laboratory for Biological Systems in Stress and Disease&#8221; use_bg_overlay=&#8221;off&#8221; use_text_overlay=&#8221;off&#8221; _builder_version=&#8221;3.19.10&#8243; use_background_color_gradient=&#8221;on&#8221; background_image=&#8221;https:\/\/labs.icahn.mssm.edu\/goosenslab\/wp-content\/uploads\/sites\/301\/2019\/08\/Cropped_Mechanical_Bodies.jpg&#8221; button_on_hover=&#8221;on&#8221; background_layout=&#8221;light&#8221;][\/et_pb_slide][et_pb_slide use_bg_overlay=&#8221;off&#8221; use_text_overlay=&#8221;off&#8221; _builder_version=&#8221;3.19.10&#8243; use_background_color_gradient=&#8221;on&#8221; background_image=&#8221;https:\/\/labs.icahn.mssm.edu\/goosenslab\/wp-content\/uploads\/sites\/301\/2019\/08\/BrainNetworkSmall.jpg&#8221; background_size=&#8221;contain&#8221; button_on_hover=&#8221;on&#8221;][\/et_pb_slide][et_pb_slide use_bg_overlay=&#8221;off&#8221; use_text_overlay=&#8221;off&#8221; _builder_version=&#8221;3.19.10&#8243; use_background_color_gradient=&#8221;on&#8221; background_image=&#8221;https:\/\/labs.icahn.mssm.edu\/goosenslab\/wp-content\/uploads\/sites\/301\/2019\/08\/Cropped_Mechanical_Bodies.jpg&#8221;][\/et_pb_slide][\/et_pb_fullwidth_slider][\/et_pb_section][et_pb_section fb_built=&#8221;1&#8243; module_id=&#8221;research&#8221; module_class=&#8221;research-section&#8221; _builder_version=&#8221;3.19.10&#8243;][et_pb_row _builder_version=&#8221;3.0.48&#8243; background_size=&#8221;initial&#8221; background_position=&#8221;top_left&#8221; background_repeat=&#8221;repeat&#8221;][et_pb_column type=&#8221;3_4&#8243; _builder_version=&#8221;3.0.47&#8243; parallax=&#8221;off&#8221; parallax_method=&#8221;on&#8221;][et_pb_text admin_label=&#8221;research&#8221; _builder_version=&#8221;3.19.10&#8243;]<\/p>\n<p>The Laboratory for Biological Systems in Stress and Disease studies the systems-level biology of emotional memory and stress in healthy rodents and humans, and examines dysregulation of this biology in animal models of psychiatric disease and human patient populations. We combine modern techniques from systems neurobiology, including optogenetics, <em>in vivo<\/em> recordings, gene transfer, microarrays, and <em>in vivo <\/em>calcium imaging, with classic techniques from neuropharmacology, endocrinology, molecular biology, and behavioral neuroscience to address research questions. <strong>Our long-term mission is to advance new frontiers in basic science with high translational relevance and provide new biologically-driven, effective treatments for stress-sensitive disease<\/strong>.<\/p>\n<p>Our current lines of research focus on 1) Identifying novel circuit mechanisms for associative emotional memory formation and their dysregulation by stress; 2) Understanding the mechanisms by which emotional memory encoding is modulated; and 3) Studies to identify and characterize the endocrine factors that underlie stress-induced vulnerability to disease including rodent models of post-traumatic stress disorder (PTSD), Major Depressive Disorder (MDD), and obesity, and also understand how these factors regulate normal function in the brain and periphery. We focus on biological factors that are either under- or un-studied, an approach that we believe is key to defining new treatments for disease. We also typically perform longitudinal studies which characterize the impact of stress on behavior and physiology in the weeks to months after stress ceases, an approach that we believe is key to understanding the relationship between stress and disease. Finally, we are increasingly performing studies in both animal and human subjects, an approach that we believe is essential for the validation and translation of our findings.<\/p>\n<p>[\/et_pb_text][\/et_pb_column][et_pb_column type=&#8221;1_4&#8243; _builder_version=&#8221;3.0.47&#8243; parallax=&#8221;off&#8221; parallax_method=&#8221;on&#8221;][et_pb_text admin_label=&#8221;profile image&#8221; _builder_version=&#8221;3.19.10&#8243; border_radii=&#8221;on|2px|2px|2px|2px&#8221;]<img decoding=\"async\" src=\"https:\/\/labs.icahn.mssm.edu\/goosenslab\/wp-content\/uploads\/sites\/301\/2019\/08\/GoosensPhoto.jpg\" \/><br \/>\n[\/et_pb_text][et_pb_text _builder_version=&#8221;3.19.10&#8243; text_font_size=&#8221;14px&#8221;]<\/p>\n<h4><strong>Contact Us<\/strong><\/h4>\n<h4>Ki Ann Goosens, Ph.D.<\/h4>\n<p>Associate Professor<br \/>\nDepartment of Psychiatry<br \/>\nFriedman Brain Institute<br \/>\nCenter for Affective Neuroscience<br \/>\nAnnenberg 22-78<br \/>\nNew York, NY 10029<br \/>\n(212) 241-5959<\/p>\n<p>[\/et_pb_text][\/et_pb_column][\/et_pb_row][\/et_pb_section][et_pb_section fb_built=&#8221;1&#8243; module_id=&#8221;projects&#8221; module_class=&#8221;projects-section&#8221; _builder_version=&#8221;3.19.10&#8243; background_color=&#8221;#eaf2f7&#8243;][et_pb_row admin_label=&#8221;Row&#8221; _builder_version=&#8221;3.19.10&#8243;][et_pb_column type=&#8221;4_4&#8243; _builder_version=&#8221;3.0.47&#8243; parallax=&#8221;off&#8221; parallax_method=&#8221;on&#8221;][et_pb_text admin_label=&#8221;Current Projects&#8221; module_id=&#8221;projects&#8221; module_class=&#8221;projects-section&#8221; _builder_version=&#8221;3.19.10&#8243;]<\/p>\n<h4><strong>Key Questions<\/strong><\/h4>\n<p>1) Why does ghrelin remain elevated for so long after chronic stress exposure ceases?<\/p>\n<p>2) Can ghrelin resistance be reversed? Does reversing it decrease disease vulnerability?<\/p>\n<p>3) How does ghrelin resistance in the periphery contribute to stress-associated disease?<\/p>\n<p>4) How does chronic stress impact neuronal ensemble encoding of aversive memories?<\/p>\n<p>5) How do neuronal ensembles compute &#8216;contingent&#8217; relationships between cues and outcomes?<\/p>\n<p>6) Does an inability to predict or time aversive events contribute to anxiety?<\/p>\n<p>[\/et_pb_text][et_pb_button button_url=&#8221;https:\/\/labs.icahn.mssm.edu\/goosenslab\/wp-content\/uploads\/sites\/301\/2019\/08\/Goosens_CV_M2019.pdf&#8221; button_text=&#8221;CV&#8221; admin_label=&#8221;Button&#8221; _builder_version=&#8221;3.19.10&#8243; custom_button=&#8221;on&#8221; button_text_size=&#8221;14&#8243; button_text_color=&#8221;#ffffff&#8221; button_bg_color=&#8221;#00aeef&#8221; button_border_width=&#8221;0&#8243; button_border_radius=&#8221;2&#8243; button_font=&#8221;Open Sans||||||||&#8221; button_use_icon=&#8221;off&#8221; background_layout=&#8221;dark&#8221;][\/et_pb_button][\/et_pb_column][\/et_pb_row][\/et_pb_section][et_pb_section fb_built=&#8221;1&#8243; module_id=&#8221;publications&#8221; module_class=&#8221;publications-section&#8221; _builder_version=&#8221;3.19.10&#8243; background_color=&#8221;#f7f7f7&#8243;][et_pb_row _builder_version=&#8221;3.19.10&#8243;][et_pb_column type=&#8221;4_4&#8243; _builder_version=&#8221;3.0.47&#8243; parallax=&#8221;off&#8221; parallax_method=&#8221;on&#8221;][et_pb_text admin_label=&#8221;publications&#8221; _builder_version=&#8221;3.19.10&#8243;]<\/p>\n<h4><strong>Sample Recent Publications<\/strong><\/h4>\n<p><a href=\"https:\/\/www.ncbi.nlm.nih.gov\/pubmed\/29643360\">Yousufzai MIUA, Harmatz ES, Shah M, Malik MO,\u00a0<b>Goosens KA<\/b>.Ghrelin is a persistent biomarker for chronic stress exposure in adolescent rats and humans.<\/a><span class=\"jrnl\" title=\"Translational psychiatry\">Transl Psychiatry<\/span>. 2018 Apr 11;8(1):74. doi: 10.1038\/s41398-018-0135-5.\u00a0<span style=\"font-weight: bold\">PMID:\u00a0<\/span>29643360 <a href=\"https:\/\/www.ncbi.nlm.nih.gov\/pubmed\/28182526\">Amadi U, Lim SH, Liu E, Baratta MV,\u00a0<b>Goosens KA<\/b>., Hippocampal Processing of Ambiguity Enhances Fear Memory.\u00a0<\/a><span class=\"jrnl\" title=\"Psychological science\">Psychol Sci<\/span>. 2017 Feb;28(2):143-161. doi: 10.1177\/0956797616674055. Epub 2016 Dec 19.\u00a0<span style=\"font-weight: bold\">PMID:<\/span>28182526<\/p>\n<p><a href=\"https:\/\/www.ncbi.nlm.nih.gov\/pubmed\/28010876\">Harmatz ES, Stone L, Lim SH, Lee G, McGrath A, Gisabella B, Peng X, Kosoy E, Yao J, Liu E, Machado NJ, Weiner VS, Slocum W, Cunha RA,\u00a0<b>Goosens KA,\u00a0<\/b>Central Ghrelin Resistance Permits the Overconsolidation of Fear Memory.\u00a0<\/a><span class=\"jrnl\" title=\"Biological psychiatry\">Biol Psychiatry<\/span>. 2017 Jun 15;81(12):1003-1013. doi: 10.1016\/j.biopsych.2016.11.009. Epub 2016 Nov 29.\u00a0<span style=\"font-weight: bold\">PMID:<\/span>28010876<\/p>\n<div class=\"aux\">\n<div class=\"resc\">\n<div class=\"aux\">\n<div class=\"resc\"><a href=\"https:\/\/www.ncbi.nlm.nih.gov\/pubmed\/27898076\">Gisabella B, Farah S, Peng X, Burgos-Robles A, Lim SH,\u00a0<b>Goosens KA,\u00a0<\/b>Growth hormone biases amygdala network activation after fear learning.<\/a><span class=\"jrnl\" title=\"Translational psychiatry\">Transl Psychiatry<\/span>. 2016 Nov 29;6(11):e960. doi: 10.1038\/tp.2016.203.\u00a0<span style=\"font-weight: bold\">PMID:<\/span>27898076<\/div>\n<div>\u00a0<\/div>\n<div class=\"resc\"><a href=\"https:\/\/www.ncbi.nlm.nih.gov\/pubmed\/27671733\">Correia SS, McGrath AG, Lee A, Graybiel AM,\u00a0<b>Goosens KA,\u00a0<\/b>Amygdala-ventral striatum circuit activation decreases long-term fear.\u00a0<\/a><span class=\"jrnl\" title=\"eLife\">Elife<\/span>. 2016 Sep 27;5. pii: e12669. doi: 10.7554\/eLife.12669.\u00a0<span style=\"font-weight: bold\">PMID:<\/span>27671733<\/div>\n<div>\u00a0<\/div>\n<div class=\"resc\"><a href=\"https:\/\/www.ncbi.nlm.nih.gov\/pubmed\/26248536\">Baratta MV, Kodandaramaiah SB, Monahan PE, Yao J, Weber MD, Lin PA, Gisabella B, Petrossian N, Amat J, Kim K, Yang A, Forest CR, Boyden ES,\u00a0<b>Goosens KA,\u00a0<\/b>Stress Enables Reinforcement-Elicited Serotonergic Consolidation of Fear Memory.\u00a0<\/a><span class=\"jrnl\" title=\"Biological psychiatry\">Biol Psychiatry<\/span>. 2016 May 15;79(10):814-822. doi: 10.1016\/j.biopsych.2015.06.025. Epub 2015 Jul 2.\u00a0<span style=\"font-weight: bold\">PMID:<\/span>26248536<\/div>\n<div>\u00a0<\/div>\n<div class=\"resc\"><a href=\"https:\/\/www.ncbi.nlm.nih.gov\/pubmed\/26065632\">Lee G,\u00a0<b>Goosens KA,\u00a0<\/b>Sampling blood from the lateral tail vein of the rat.\u00a0<\/a><span class=\"jrnl\" title=\"Journal of visualized experiments : JoVE\">J Vis Exp<\/span>. 2015 May 18;(99):e52766. doi: 10.3791\/52766.\u00a0<span style=\"font-weight: bold\">PMID:<\/span>26065632<\/div>\n<div>\u00a0<\/div>\n<div class=\"resc\"><a href=\"https:\/\/www.ncbi.nlm.nih.gov\/pubmed\/24126924\">Meyer RM, Burgos-Robles A, Liu E, Correia SS,\u00a0<b>Goosens KA,\u00a0<\/b>A ghrelin-growth hormone axis drives stress-induced vulnerability to enhanced fear.\u00a0<\/a><span class=\"jrnl\" title=\"Molecular psychiatry\">Mol Psychiatry<\/span>. 2014 Dec;19(12):1284-94. doi: 10.1038\/mp.2013.135. Epub 2013 Oct 15.\u00a0<span style=\"font-weight: bold\">PMID:<\/span>24126924<\/div>\n<div>\u00a0<\/div>\n<div class=\"resc\"><strong style=\"color: #333333;font-size: 18px\">Recent Collaborative Publications<\/strong><\/div>\n<div>\u00a0<\/div>\n<div class=\"resc\"><a href=\"https:\/\/www.ncbi.nlm.nih.gov\/pubmed\/30081343\">Novaes LS, Dos Santos NB, Perfetto JG,\u00a0<b>Goosens KA<\/b>, Munhoz CD, Environmental enrichment prevents acute restraint stress-induced anxiety-related behavior but not changes in basolateral amygdala spine density.\u00a0<\/a><span class=\"jrnl\" title=\"Psychoneuroendocrinology\">Psychoneuroendocrinology<\/span>. 2018 Dec;98:6-10. doi: 10.1016\/j.psyneuen.2018.07.031. Epub 2018 Aug 1.\u00a0<span style=\"font-weight: bold\">PMID:<\/span>30081343<\/div>\n<div>\u00a0<\/div>\n<div class=\"resc\"><a href=\"https:\/\/www.ncbi.nlm.nih.gov\/pubmed\/29149606\">Friedman A, Homma D, Bloem B, Gibb LG, Amemori KI, Hu D, Delcasso S, Truong TF, Yang J, Hood AS, Mikofalvy KA, Beck DW, Nguyen N, Nelson ED, Toro Arana SE, Vorder Bruegge RH,\u00a0<b>Goosens KA<\/b>, Graybiel AM, Chronic Stress Alters Striosome-Circuit Dynamics, Leading to Aberrant Decision-Making.<\/a><span class=\"jrnl\" title=\"Cell\">Cell<\/span>. 2017 Nov 16;171(5):1191-1205.e28. doi: 10.1016\/j.cell.2017.10.017.\u00a0<span style=\"font-weight: bold\">PMID:<\/span>29149606<\/div>\n<div>\u00a0<\/div>\n<div class=\"resc\"><a href=\"https:\/\/www.ncbi.nlm.nih.gov\/pubmed\/27312408\">Sim\u00f5es AP, Machado NJ, Gon\u00e7alves N, Kaster MP, Sim\u00f5es AT, Nunes A, Pereira de Almeida L,\u00a0<b>Goosens KA<\/b>, Rial D, Cunha RA, Adenosine A<sub>2A<\/sub>\u00a0Receptors in the Amygdala Control Synaptic Plasticity and Contextual Fear Memory.\u00a0<\/a><span class=\"jrnl\" title=\"Neuropsychopharmacology : official publication of the American College of Neuropsychopharmacology\">Neuropsychopharmacology<\/span>. 2016 Nov;41(12):2862-2871. doi: 10.1038\/npp.2016.98. Epub 2016 Jun 17.\u00a0<span style=\"font-weight: bold\">PMID:<\/span>27312408<\/div>\n<\/div>\n<\/div>\n<\/div>\n<p>[\/et_pb_text][et_pb_button button_url=&#8221;https:\/\/www.ncbi.nlm.nih.gov\/pubmed\/?term=goosens+ka&#8221; button_text=&#8221;PubMed&#8221; _builder_version=&#8221;3.19.10&#8243; custom_button=&#8221;on&#8221; button_text_size=&#8221;14&#8243; button_text_color=&#8221;#ffffff&#8221; button_bg_color=&#8221;#00aeef&#8221; button_border_width=&#8221;0&#8243; button_border_radius=&#8221;2&#8243; button_font=&#8221;Open Sans||||||||&#8221; button_use_icon=&#8221;off&#8221; background_layout=&#8221;dark&#8221;][\/et_pb_button][et_pb_divider divider_style=&#8221;dotted&#8221; divider_position=&#8221;center&#8221; divider_weight=&#8221;0.5&#8243; height=&#8221;25px&#8221; _builder_version=&#8221;3.19.10&#8243;][\/et_pb_divider][et_pb_text admin_label=&#8221;reviews&#8221; _builder_version=&#8221;3.19.10&#8243;]<\/p>\n<h4><strong>Selected Reviews<\/strong><\/h4>\n<p class=\"title\"><a href=\"https:\/\/www.ncbi.nlm.nih.gov\/pubmed\/27634144\">Correia SS,\u00a0<b>Goosens KA,\u00a0<\/b>Input-specific contributions to valence processing in the amygdala.\u00a0<\/a><span class=\"jrnl\" title=\"Learning &amp; memory (Cold Spring Harbor, N.Y.)\">Learn Mem<\/span>. 2016 Sep 15;23(10):534-43. doi: 10.1101\/lm.037887.114. Print 2016 Oct. Review.\u00a0<span style=\"font-weight: bold\">PMID:<\/span>27634144<\/p>\n<p class=\"title\"><a href=\"https:\/\/www.ncbi.nlm.nih.gov\/pubmed\/21546244\"><b>Goosens KA,\u00a0<\/b>Hippocampal regulation of aversive memories.\u00a0<\/a><span class=\"jrnl\" title=\"Current opinion in neurobiology\">Curr Opin Neurobiol<\/span>. 2011 Jun;21(3):460-6. doi: 10.1016\/j.conb.2011.04.003. Epub 2011 May 3. Review.\u00a0<span style=\"font-weight: bold\">PMID:<\/span>21546244<\/p>\n<div class=\"aux\">\n<div class=\"resc\">\u00a0<\/div>\n<\/div>\n<p>[\/et_pb_text][\/et_pb_column][\/et_pb_row][\/et_pb_section][et_pb_section fb_built=&#8221;1&#8243; module_id=&#8221;team&#8221; module_class=&#8221;team-section&#8221; _builder_version=&#8221;3.19.10&#8243; background_color=&#8221;#ffffff&#8221;][et_pb_row custom_margin=&#8221;||-50px|&#8221; admin_label=&#8221;team&#8221; _builder_version=&#8221;3.19.10&#8243;][et_pb_column type=&#8221;4_4&#8243; _builder_version=&#8221;3.0.47&#8243; parallax=&#8221;off&#8221; parallax_method=&#8221;on&#8221;][et_pb_text admin_label=&#8221;team&#8221; _builder_version=&#8221;3.19.10&#8243;]<\/p>\n<h4>Team<\/h4>\n<p>[\/et_pb_text][\/et_pb_column][\/et_pb_row][et_pb_row _builder_version=&#8221;3.0.48&#8243; background_size=&#8221;initial&#8221; background_position=&#8221;top_left&#8221; background_repeat=&#8221;repeat&#8221;][et_pb_column type=&#8221;1_4&#8243; _builder_version=&#8221;3.0.47&#8243; parallax=&#8221;off&#8221; parallax_method=&#8221;on&#8221;][et_pb_text _builder_version=&#8221;3.19.10&#8243; text_text_color=&#8221;#ffffff&#8221; global_module=&#8221;252&#8243; saved_tabs=&#8221;all&#8221;]<\/p>\n<p>\n<img decoding=\"async\" src=\"https:\/\/labs.icahn.mssm.edu\/goosenslab\/wp-content\/uploads\/sites\/301\/2019\/08\/JoColl-PhD-Photo.jpg\"><\/p>\n<p>[\/et_pb_text][et_pb_text admin_label=&#8221;Mount Sinai&#8221; _builder_version=&#8221;3.19.10&#8243;]<\/p>\n<p><strong>JoColl Burgess<\/strong><br \/>Second Year Graduate Student<br \/>jocollb@bu.edu<\/p>\n<p>[\/et_pb_text][\/et_pb_column][et_pb_column type=&#8221;1_4&#8243; _builder_version=&#8221;3.0.47&#8243; parallax=&#8221;off&#8221; parallax_method=&#8221;on&#8221;][et_pb_text _builder_version=&#8221;3.19.10&#8243; text_text_color=&#8221;#ffffff&#8221; global_module=&#8221;253&#8243; saved_tabs=&#8221;all&#8221;]<\/p>\n<p>\n<img decoding=\"async\" src=\"https:\/\/labs.icahn.mssm.edu\/goosenslab\/wp-content\/uploads\/sites\/301\/2019\/07\/team.jpg\"><\/p>\n<p>[\/et_pb_text][et_pb_text admin_label=&#8221;Mount Sinai&#8221; _builder_version=&#8221;3.19.10&#8243;]<\/p>\n<p><strong>Seh Hong &#8216;Chris&#8217; Lim<\/strong><br \/>Graduate Student<br \/>chrislsh@bu.edu<\/p>\n<p>[\/et_pb_text][\/et_pb_column][et_pb_column type=&#8221;1_4&#8243; _builder_version=&#8221;3.0.47&#8243; parallax=&#8221;off&#8221; parallax_method=&#8221;on&#8221;][\/et_pb_column][et_pb_column type=&#8221;1_4&#8243; _builder_version=&#8221;3.0.47&#8243; parallax=&#8221;off&#8221; parallax_method=&#8221;on&#8221;][\/et_pb_column][\/et_pb_row][et_pb_row custom_margin=&#8221;||-50px|&#8221; admin_label=&#8221;team&#8221; _builder_version=&#8221;3.19.10&#8243;][et_pb_column type=&#8221;4_4&#8243; _builder_version=&#8221;3.0.47&#8243; parallax=&#8221;off&#8221; parallax_method=&#8221;on&#8221;][et_pb_divider divider_style=&#8221;dotted&#8221; divider_position=&#8221;center&#8221; divider_weight=&#8221;0.5&#8243; height=&#8221;25px&#8221; _builder_version=&#8221;3.19.10&#8243;][\/et_pb_divider][et_pb_text admin_label=&#8221;Alumni&#8221; _builder_version=&#8221;3.19.10&#8243;]<\/p>\n<h4>Alumni<\/h4>\n<p>Michael Baratta (Asst. Professor, University of Colorado Boulder)<\/p>\n<p>Vincent C.K. Cheung (Asst. Professor, The Chinese University of Hong Kong)<\/p>\n<p>Susana Correia (Principal Investigator, Cyclerion)<\/p>\n<p>Barbara Gisabella (Asst. Professor, University of Mississippi Medical Center)<\/p>\n<p>Chris Lim (Asst. Professor, Massachusetts General Hospital Institute of Health Professions)<\/p>\n<p>Anna McGrath (PhD Candidate; Temple University)<\/p>\n<p>Lauren Stone (MD\/PhD Candidate; Yale University)<\/p>\n<p>Ugwechi Amadi (Author; Consultant)<\/p>\n<p>Natalie Petrossian (Research Associate; Beam Therapeutics)<\/p>\n<p>&nbsp;<\/p>\n<p>&nbsp;<\/p>\n<p>[\/et_pb_text][\/et_pb_column][\/et_pb_row][\/et_pb_section][et_pb_section fb_built=&#8221;1&#8243; module_id=&#8221;links&#8221; module_class=&#8221;links-section&#8221; _builder_version=&#8221;3.19.10&#8243; background_color=&#8221;#f7f7f7&#8243; background_image=&#8221;https:\/\/labs.icahn.mssm.edu\/goosenslab\/wp-content\/uploads\/sites\/301\/2019\/07\/word-cloud.png&#8221; parallax=&#8221;on&#8221; border_color_bottom=&#8221;#00aeef&#8221;][et_pb_row _builder_version=&#8221;3.19.10&#8243;][et_pb_column type=&#8221;1_2&#8243; _builder_version=&#8221;3.0.47&#8243; parallax=&#8221;off&#8221; parallax_method=&#8221;on&#8221;][et_pb_text admin_label=&#8221;links&#8221; _builder_version=&#8221;3.19.10&#8243; link_option_url=&#8221;https:\/\/icahn.mssm.edu\/research\/friedman&#8221;]<\/p>\n<h4>Related links<\/h4>\n<p><strong>Friedman Brain Institute<\/strong><br \/>https:\/\/icahn.mssm.edu\/research\/friedman<\/p>\n<p><strong>Neuroscience Graduate Program at Mount Sinai<\/strong><br \/>https:\/\/icahn.mssm.edu\/education\/phd\/neuroscience<\/p>\n<p>[\/et_pb_text][\/et_pb_column][et_pb_column type=&#8221;1_2&#8243; _builder_version=&#8221;3.0.47&#8243; parallax=&#8221;off&#8221; parallax_method=&#8221;on&#8221;][et_pb_text admin_label=&#8221;links&#8221; _builder_version=&#8221;3.19.10&#8243;]<\/p>\n<p>&nbsp;<\/p>\n<p><strong>Center for Affective Neuroscience<\/strong><br \/>https:\/\/icahn.mssm.edu\/research\/affective-neuroscience<\/p>\n<p>[\/et_pb_text][\/et_pb_column][\/et_pb_row][\/et_pb_section][et_pb_section fb_built=&#8221;1&#8243; _builder_version=&#8221;3.19.10&#8243; background_color=&#8221;#000000&#8243; border_width_all=&#8221;0.5px&#8221; border_color_bottom=&#8221;#00aeef&#8221;][et_pb_row _builder_version=&#8221;3.0.48&#8243; background_size=&#8221;initial&#8221; background_position=&#8221;top_left&#8221; background_repeat=&#8221;repeat&#8221;][et_pb_column type=&#8221;1_4&#8243; _builder_version=&#8221;3.0.47&#8243; parallax=&#8221;off&#8221; parallax_method=&#8221;on&#8221;][et_pb_text _builder_version=&#8221;3.19.10&#8243; text_text_color=&#8221;#ffffff&#8221;]<\/p>\n<p><strong>Location<\/strong><br \/>Annenberg 22-78<br \/><a href=\"mailto:James.bieker@mssm.edu\">ki.goosens@mssm.edu<\/a><\/p>\n<p>[\/et_pb_text][\/et_pb_column][et_pb_column type=&#8221;1_4&#8243; _builder_version=&#8221;3.0.47&#8243; parallax=&#8221;off&#8221; parallax_method=&#8221;on&#8221;][\/et_pb_column][et_pb_column type=&#8221;1_4&#8243; _builder_version=&#8221;3.0.47&#8243; parallax=&#8221;off&#8221; parallax_method=&#8221;on&#8221;][\/et_pb_column][et_pb_column type=&#8221;1_4&#8243; _builder_version=&#8221;3.0.47&#8243; parallax=&#8221;off&#8221; parallax_method=&#8221;on&#8221;][\/et_pb_column][\/et_pb_row][\/et_pb_section]<\/p>\n","protected":false},"excerpt":{"rendered":"<p>The Laboratory for Biological Systems in Stress and Disease studies the systems-level biology of emotional memory and stress in healthy rodents and humans, and examines dysregulation of this biology in animal models of psychiatric disease and human patient populations. We combine modern techniques from systems neurobiology, including optogenetics, in vivo recordings, gene transfer, microarrays, and [&hellip;]<\/p>\n","protected":false},"author":274,"featured_media":0,"parent":0,"menu_order":0,"comment_status":"closed","ping_status":"closed","template":"","meta":{"_et_pb_use_builder":"on","_et_pb_old_content":"","_et_gb_content_width":"","footnotes":""},"class_list":["post-227","page","type-page","status-publish","hentry"],"aioseo_notices":[],"_links":{"self":[{"href":"https:\/\/labs.icahn.mssm.edu\/goosenslab\/wp-json\/wp\/v2\/pages\/227","targetHints":{"allow":["GET"]}}],"collection":[{"href":"https:\/\/labs.icahn.mssm.edu\/goosenslab\/wp-json\/wp\/v2\/pages"}],"about":[{"href":"https:\/\/labs.icahn.mssm.edu\/goosenslab\/wp-json\/wp\/v2\/types\/page"}],"author":[{"embeddable":true,"href":"https:\/\/labs.icahn.mssm.edu\/goosenslab\/wp-json\/wp\/v2\/users\/274"}],"replies":[{"embeddable":true,"href":"https:\/\/labs.icahn.mssm.edu\/goosenslab\/wp-json\/wp\/v2\/comments?post=227"}],"version-history":[{"count":22,"href":"https:\/\/labs.icahn.mssm.edu\/goosenslab\/wp-json\/wp\/v2\/pages\/227\/revisions"}],"predecessor-version":[{"id":282,"href":"https:\/\/labs.icahn.mssm.edu\/goosenslab\/wp-json\/wp\/v2\/pages\/227\/revisions\/282"}],"wp:attachment":[{"href":"https:\/\/labs.icahn.mssm.edu\/goosenslab\/wp-json\/wp\/v2\/media?parent=227"}],"curies":[{"name":"wp","href":"https:\/\/api.w.org\/{rel}","templated":true}]}}