{"id":18,"date":"2016-11-15T16:41:32","date_gmt":"2016-11-15T16:41:32","guid":{"rendered":"http:\/\/labs.icahn.mssm.edu\/cohenlab\/?page_id=18"},"modified":"2025-04-11T17:46:45","modified_gmt":"2025-04-11T17:46:45","slug":"publications","status":"publish","type":"page","link":"https:\/\/labs.icahn.mssm.edu\/cohenlab\/publications\/","title":{"rendered":"Publications"},"content":{"rendered":"<p><a href=\"https:\/\/pubmed.ncbi.nlm.nih.gov\/39961646\/\">Guisado D, Talware S, Wang X, Davis A, Fozilov E, Etra A, Colombel JF, Schaniel C, Tastad C, Levine JE, Ferrara JLM, Chuang L, Sabic K, Singh S, Marcellino BK, Hoffman R, Cho J, <strong>Cohen LJ<\/strong>. The reparative immunologic consequences of stem cell transplant for refractory Crohn\u2019s disease. Gut 2024 Doi: 10.1136\/gutjnl-2024-333558. PubMed PMID: 39961646<\/a><\/p>\n<p><a href=\"https:\/\/pubmed.ncbi.nlm.nih.gov\/39761417\/\">Selvan M, Nathan DI, Guisado D, Collatuzzo G, Iruvanti, S, Boffetta P, Mascarenhas J, Hoffman R, <strong>Cohen LJ<\/strong>, Marcellino BK, G\u00fcm\u00fc\u015f ZH. Clonal Hematopoiesis of Indeterminate Potential in Crohn\u2019s Disease and Ulcerative Colitis. IBD 2024 Doi: 10.1093\/ibd\/izae312. PubMed PMID: 39761417<\/a><\/p>\n<p><a href=\"https:\/\/pubmed.ncbi.nlm.nih.gov\/36302964\/\">Cavounidis, A., Pandey, S.,Capitani, M.,Friedrich, M.,Cross, A.,Gartner, L., Aschenbrenner, D., Kim-Schulze, S., Lam, Y. K., Berridge, G., McGovern, D. P. B., Kessler, B., Fischer, R., Klenerman, P., Hester, J., Issa, F., Torres, E. A., Powrie, F., Gochuico, B. R., Gahl, W. A., <strong>Cohen LJ<\/strong>, Uhlig, H. H. Hermansky-Pudlak syndrome type 1 causes impaired anti-microbial immunity and inflammation due to dysregulated immunometabolism. Mucosal Immunology. 2022. Doi: 10.1038\/s41385-022-00572-1. PubMed PMID: 36302964<\/a><\/p>\n<p><a href=\"https:\/\/pubmed.ncbi.nlm.nih.gov\/35661736\/\"><strong>Cohen LJ<\/strong>, Han SM, Lau P, Guisado D, Liang Y, Ali T, Chiang D, Rahman A, Brady S. Unraveling function and diversity of bacterial lectins in the human microbiome. Nature Communications. 2022. Doi: 10.1038\/s41467-022-29949-3. PubMed PMID: 35661736<\/a><\/p>\n<p><a href=\"https:\/\/www.ncbi.nlm.nih.gov\/pubmed\/28854168\"><b>Cohen LJ<\/b>, Esterhazy D, Kim S-H, Lemetre C, Aguilar RR, Gordon EA, Pickard AJ, Cross JR, Emiliano AB, Han SM, Chu J, Vila-Farres X, Kaplitt J, Rogoz A, Calle PY, Hunter C, Bitok JK and Brady SF. Commensal bacteria produce GPCR ligands that mimic human signaling molecules. Nature. 2017. Doi: 10.1038\/nature23874. PubMed PMID: 28854168<\/a><\/p>\n<p><a href=\"https:\/\/www.ncbi.nlm.nih.gov\/pubmed\/28810737\"><b>Cohen LJ<\/b>, Han S, Huang YH, Brady SF. Identification of the Colicin V Bacteriocin Gene Cluster by Functional Screening of a Human Microbiome Metagenomic Library. ACS Infect Dis. 2017. Doi: 10.1021\/acsinfecdis.7b00081. PubMed PMID: 28810737<\/a><\/p>\n<p><a href=\"https:\/\/www.ncbi.nlm.nih.gov\/pubmed\/28055186\">Vila-Farres X, Chu J, Inoyama D, Ternei MA, Lemetre C, <b>Cohen LJ<\/b>, Cho W, Reddy BV, Zebroski HA, Freundluch JS, Perlin DS, Brady SF. Antimicrobials inspired by non ribosomal peptide synthetase gene clusters. J Am Chem Soc. 2017. Doi: 10\/1021\/jacs.6b11861. PubMed PMID: 280655186<\/a><\/p>\n<p><a href=\"https:\/\/www.ncbi.nlm.nih.gov\/pubmed\/27748750\">Chu J, Vila-Farres X, Inoyama D, Ternei M, <b>Cohen LJ, <\/b>Gordon EA, Reddy BV, Charlop-Powers Z, Zebroski HA, Gallardo-Macias R, Jaskowski M, Satish S, Park S, Perlin DS, Fruendlich JS, Brady SF. Discovery of MRSA active antibiotics suing primary sequence from the human microbiome. Nat Chem Bio 2016. Doi: 10.1038\/nchembio.2207. PubMed PMID: 27748750<\/a><\/p>\n<p><a href=\"https:\/\/www.ncbi.nlm.nih.gov\/pubmed\/26283367\"><b>Cohen LJ<\/b>, Kang HS, Chu J, Huang YH, Gordon EA, Reddy BV, Ternei MA, Craig JW, Brady SF. Functional metagenomic discovery of bacterial effectors in the human microbiome and isolation of commendamide, a GPCR G2A\/132 agonist. Proceedings of the National Academy of Sciences of the United States of America. 2015. Doi: 10.1073\/pnas.1508737112. PubMed PMID: 26283367<\/a><\/p>\n","protected":false},"excerpt":{"rendered":"<p>Guisado D, Talware S, Wang X, Davis A, Fozilov E, Etra A, Colombel JF, Schaniel C, Tastad C, Levine JE, Ferrara JLM, Chuang L, Sabic K, Singh S, Marcellino BK, Hoffman R, Cho J, Cohen LJ. The reparative immunologic consequences of stem cell transplant for refractory Crohn\u2019s disease. Gut 2024 Doi: 10.1136\/gutjnl-2024-333558. PubMed PMID: 39961646 [&hellip;]<\/p>\n","protected":false},"author":714,"featured_media":0,"parent":0,"menu_order":0,"comment_status":"closed","ping_status":"closed","template":"","meta":{"footnotes":""},"class_list":["post-18","page","type-page","status-publish","hentry"],"aioseo_notices":[],"_links":{"self":[{"href":"https:\/\/labs.icahn.mssm.edu\/cohenlab\/wp-json\/wp\/v2\/pages\/18","targetHints":{"allow":["GET"]}}],"collection":[{"href":"https:\/\/labs.icahn.mssm.edu\/cohenlab\/wp-json\/wp\/v2\/pages"}],"about":[{"href":"https:\/\/labs.icahn.mssm.edu\/cohenlab\/wp-json\/wp\/v2\/types\/page"}],"author":[{"embeddable":true,"href":"https:\/\/labs.icahn.mssm.edu\/cohenlab\/wp-json\/wp\/v2\/users\/714"}],"replies":[{"embeddable":true,"href":"https:\/\/labs.icahn.mssm.edu\/cohenlab\/wp-json\/wp\/v2\/comments?post=18"}],"version-history":[{"count":8,"href":"https:\/\/labs.icahn.mssm.edu\/cohenlab\/wp-json\/wp\/v2\/pages\/18\/revisions"}],"predecessor-version":[{"id":179,"href":"https:\/\/labs.icahn.mssm.edu\/cohenlab\/wp-json\/wp\/v2\/pages\/18\/revisions\/179"}],"wp:attachment":[{"href":"https:\/\/labs.icahn.mssm.edu\/cohenlab\/wp-json\/wp\/v2\/media?parent=18"}],"curies":[{"name":"wp","href":"https:\/\/api.w.org\/{rel}","templated":true}]}}