{"id":3634,"date":"2025-02-11T20:40:37","date_gmt":"2025-02-11T20:40:37","guid":{"rendered":"https:\/\/labs.icahn.mssm.edu\/brycelab\/?page_id=3634"},"modified":"2025-06-30T17:12:18","modified_gmt":"2025-06-30T17:12:18","slug":"recursos-en-espanol","status":"publish","type":"page","link":"https:\/\/labs.icahn.mssm.edu\/brycelab\/recursos-en-espanol\/","title":{"rendered":"Recursos en Espa\u00f1ol"},"content":{"rendered":"<h3>Instituciones y Organizaciones sobre LME<\/h3>\n<ul>\n<li><a href=\"https:\/\/www.christopherreeve.org\/international\/vivir-con-par%c3%a1lisis\/descargas-gratuitas\/tarjetas-de-billetera\/\">Vivir con par\u00e1lisis &#8211; Fundaci\u00f3n Christopher &amp; Dana Reeve:<\/a> La Fundaci\u00f3n Christopher &amp; Dana Reeve ofrece otros materiales educativos gratuitos, como folletos y tarjetas de billetera con informaci\u00f3n importante para personas con par\u00e1lisis. Estos recursos est\u00e1n dise\u00f1ados para proporcionar apoyo y orientaci\u00f3n en diferentes aspectos de la vida con par\u00e1lisis. Tambi\u00e9n cuentan con una l\u00ednea de informaci\u00f3n con especialistas que pueden responder a sus preguntas en espa\u00f1ol y una <a href=\"https:\/\/connect.paralysis.org\/es\/send-us-your-question\">encuesta<\/a> donde pueden enviar sus pregruntas.<\/li>\n<li><a href=\"https:\/\/askus-resource-center.unitedspinal.org\/index.php?pg=kb.book&amp;id=73#:~:text=Spanish%20Language%20Resources%20%2D%20United%20Spinal%20Association\">The United Spinal Association (Asociaci\u00f3n Espinal Unida):<\/a> Se dedica a optimizar la calidad de vida de todas las personas con lesiones y trastornos de la m\u00e9dula espinal (SCI\/D, por sus siglas en ingl\u00e9s), incluidos veteranos, y brindar apoyo e informaci\u00f3n a sus seres queridos, proveedores de cuidados y profesionales. Su objetivo es proporcionar a las personas con SCI\/D programas y servicios que maximicen su independencia y les permitan permanecer activas en sus comunidades. La Asociaci\u00f3n ofrece una variedad de recursos en espa\u00f1ol para apoyar a las personas con lesiones y trastornos de la m\u00e9dula espinal. Estos incluyen hojas informativas, gu\u00edas educativas y materiales sobre el cuidado del paciente, disponibles a trav\u00e9s de su Centro de Recursos. Adem\u00e1s, cuentan con especialistas en informaci\u00f3n que pueden responder preguntas en espa\u00f1ol. Para obtener m\u00e1s informaci\u00f3n o asistencia, puede visitar su sitio web o comunicarse al 800-962-9629.<\/li>\n<\/ul>\n<h3>Gu\u00edas y Materiales Educativos<\/h3>\n<ul>\n<li><a href=\"https:\/\/msktc.org\/sci\/recursos-en-espanol\">Lesi\u00f3n de la M\u00e9dula Espinal | MSKTC:<\/a> El Centro de Traducci\u00f3n del Conocimiento de los Sistemas Modelo (MSKTC, por sus siglas en ingl\u00e9s) ofrece una variedad de recursos en espa\u00f1ol para personas afectadas por lesiones de la m\u00e9dula espinal (LME). El MSKTC proporciona recursos en espa\u00f1ol que abarcan temas como actividades recreativas adaptadas, adaptaci\u00f3n a la vida con LME, cuidado de la piel, manejo de la vejiga, funci\u00f3n intestinal, dolor, espasticidad, salud respiratoria, sexualidad y m\u00e1s. Estos materiales est\u00e1n dise\u00f1ados para ayudar a las personas con LME a comprender y manejar su condici\u00f3n de manera efectiva.<\/li>\n<li><a href=\"https:\/\/msktc.org\/sites\/default\/files\/2023-08\/SCI-Factsheet%20Booklet-Spanish-082823.pdf\">Folleto Informativo Lesi\u00f3n de la M\u00e9dula Espinal:<\/a> El Centro de Traducci\u00f3n del Conocimiento sobre Modelos de Lesiones Medulares (MSKTC, por sus siglas en ingl\u00e9s) ofrece una variedad de recursos en espa\u00f1ol para personas con lesiones de la m\u00e9dula espinal. Entre estos recursos se encuentra el folleto informativo titulado &#8220;Lesi\u00f3n de la M\u00e9dula Espinal&#8221;, que proporciona informaci\u00f3n esencial sobre la lesi\u00f3n, su manejo y rehabilitaci\u00f3n. La s\u00e9ptima edici\u00f3n en espa\u00f1ol de este folleto fue publicada en agosto de 2023 y est\u00e1 disponible para su descarga en formato PDF.<\/li>\n<li><a href=\"https:\/\/www.christopherreeve.org\/international\/vivir-con-par%c3%a1lisis\/descargas-gratuitas\/guia-de-recursos-sobre-la-paralisis\/?_gl=1*1nblpat*_gcl_au*MjE0MzIzNzI3Mi4xNzMxMDk5ODQz*_ga*MTUxMTg2MDg3NS4xNzMxMDk5ODE5*_ga_8DRBGF915B*MTczMTA5OTgxOC4xLjEuMTczMTA5OTkyOS41Mi4wLjA.\">Gu\u00eda de Recursos Sobre la Par\u00e1lisis:<\/a> La Fundaci\u00f3n Christopher &amp; Dana Reeve ofrece una variedad de recursos en espa\u00f1ol para apoyar a las personas que viven con par\u00e1lisis y a sus cuidadores. Uno de los principales recursos es la &#8220;Gu\u00eda de recursos sobre la par\u00e1lisis&#8221;, una herramienta esencial que proporciona informaci\u00f3n actualizada sobre diversos temas relacionados con la par\u00e1lisis, incluyendo cuidados, tecnolog\u00eda asistida, beneficios por discapacidad y m\u00e1s. Esta gu\u00eda est\u00e1 disponible para descarga gratuita en formato PDF y tambi\u00e9n se puede solicitar una copia impresa a trav\u00e9s de su sitio web.<\/li>\n<li><a href=\"https:\/\/www.christopherreeve.org\/international\/vivir-con-par%c3%a1lisis\/descargas-gratuitas\/folletos-educativos\/\">Folletos Educativos | Fundaci\u00f3n Christopher &amp; Dana Reeve:<\/a> Los folletos educativos proporcionan un estudio a fondo en temas de inter\u00e9s sobre la par\u00e1lisis. Encuentre los recursos y la informaci\u00f3n m\u00e1s reciente sobre la piel, la vejiga, la espasticidad, la transici\u00f3n al hogar y la salud sexual, entre otros. Los folletos est\u00e1n disponibles para descargar en formato pdf. P\u00f3ngase en contacto con un especialista en informaci\u00f3n para pedir una copia impresa gratuita.<\/li>\n<li><a href=\"https:\/\/craighospital.org\/resources?category=Spinal+Cord+Injury&amp;lang=es\">Biblioteca de Recursos para Lesiones de la M\u00e9dula Espinal de Craig Hospital<\/a>: El Hospital Craig ofrece una variedad de recursos en espa\u00f1ol para personas con lesiones en la m\u00e9dula espinal y sus familias. Estos incluyen materiales educativos como un manual sobre lesiones de la m\u00e9dula espinal, un video introductorio sobre la lesi\u00f3n de la m\u00e9dula espinal y orientaci\u00f3n para los cuidadores. Los recursos abarcan temas como el autocuidado, la movilidad, la salud y las primeras etapas de la lesi\u00f3n de la m\u00e9dula espinal. Tambi\u00e9n cuentan con una l\u00ednea de asesor\u00eda para enfermer\u00eda, disponible durante los d\u00edas h\u00e1biles, y archivos PDF descargables para acceder f\u00e1cilmente a la informaci\u00f3n.<\/li>\n<li><a href=\"https:\/\/www.christopherreeve.org\/international\/vivir-con-par%c3%a1lisis\/descargas-gratuitas\/tarjetas-de-billetera\/\">Tarjetas de billetera | La Fundaci\u00f3n Christopher &amp; Dana Reeve:<\/a> Las tarjetas de billetera de la Fundaci\u00f3n Reeve permiten a las personas que viven con disreflexia auton\u00f3mica, trombosis venosa profunda y septicemia llevar informaci\u00f3n vital sobre su persona. Algunos profesionales m\u00e9dicos noest\u00e1n familiarizados en estas complicaciones peligrosas para las personas que viven con par\u00e1lisis. Estas tarjetas de billetera contienen informaci\u00f3n que puede salvarle la vida y los tratamientos adecuados dirigidos a los trabajadores de ambulancias, salones de urgencia y otros centros de salud. Las tarjetas est\u00e1n disponibles para descargar como PDF o usted puede recibirlas por correo postal al llenar el formulario al final de la p\u00e1gina. Todas las tarjetas de billetera est\u00e1n disponibles en ingl\u00e9s y espa\u00f1ol.<\/li>\n<li><a href=\"https:\/\/icsny.org\/resources\/tip-sheets\/\">Independence Care System (ICS) Hojas Informativas:<\/a> Los expertos de ICS han creado una serie de hojas informativas que abordan una variedad de temas importantes. Estas hojas son un recurso \u00fatil para miembros, sus familias, cuidadores y cualquier persona interesada en conocer los problemas que enfrentan las personas con discapacidades. Las hojas se actualizan o crean seg\u00fan sea necesario y est\u00e1n disponibles en ingl\u00e9s y espa\u00f1ol.<\/li>\n<li><a href=\"https:\/\/www.uhn.ca\/TorontoRehab\/Spinal-Cord-Rehab\/Spinal-Cord-Essentials\/Pages\/Handouts.aspx\">Spinal Cord Essentials: <\/a>\u00a0es una colecci\u00f3n de folletos educativos sobre lesiones de la m\u00e9dula espinal. Los folletos educativos tienen como objetivo ayudarte durante tu recuperaci\u00f3n mientras aprendes a vivir con tu lesi\u00f3n. Contienen informaci\u00f3n \u00fatil sobre temas como el autocuidado, la movilidad, la salud, los servicios financieros y m\u00e1s. Algunos folletos est\u00e1n disponibles en espa\u00f1ol.<\/li>\n<li><a href=\"https:\/\/jdc.jefferson.edu\/spinalcordmanual_esp\/\">Manual de Lesiones de la M\u00e9dula Espinal<\/a>: El Manual de Lesiones de la M\u00e9dula Espinal de Jefferson (disponible en espa\u00f1ol) es un recurso integral dirigido a personas con lesiones medulares, proporcionando informaci\u00f3n clave sobre el cuidado, la rehabilitaci\u00f3n y la vida diaria. Cubre temas como el autocuidado, la movilidad y el manejo de complicaciones, ofreciendo orientaci\u00f3n \u00fatil tanto a los pacientes como a sus cuidadores. Este manual tiene como objetivo empoderar a las personas con lesiones medulares y sus familias, brind\u00e1ndoles herramientas pr\u00e1cticas para su proceso.<\/li>\n<li><a href=\"https:\/\/www.buzzsprout.com\/1290071\/episodes\/15570514\">Adaptaciones para el Manejo de la Vejiga Neurog\u00e9nica:<\/a> En este episodio de <em data-start=\"20\" data-end=\"42\">Bladder Buzz Podcast<\/em>, la Terapeuta Ocupacional Mariana Bonetto y el Terapeuta F\u00edsico Marcelo Ull\u00faa comparten su experiencia sobre las diversas adaptaciones para el manejo de la vejiga neurog\u00e9nica. Hablan de las distintas opciones disponibles seg\u00fan el nivel de la lesi\u00f3n, la funcionalidad y las actividades del individuo, brindando valiosa informaci\u00f3n sobre c\u00f3mo mejorar la calidad de vida en este aspecto. Para mas episidios y recursos visite <a href=\"https:\/\/www.medstarhealth.org\/innovation-and-research\/medstar-health-research-institute\/research-networks\/bladder-rehabilitation-research-training-center#RecursosEnEspaol3\">AQUI<\/a><\/li>\n<\/ul>\n<h3>Apoyo y Comunidad<\/h3>\n<ul>\n<li><a href=\"https:\/\/www.disabilitypartnerships.org\/spanish-sci-support-group\">Grupo De Apoyo para Lesiones de la M\u00e9dula Espinal En Espa\u00f1ol:<\/a> Un grupo de Disability Partnerships en donde los miembros nos reunimos para apoyarnos mutuamente compartiendo experiencias y celebrando nuestros logros individualmente as\u00ed como con toda la comunidad con lastimaduras en la espina dorsal. Nos reunimos el primer y tercer jueves de cada mes a las 4:30 p.m. EST.<\/li>\n<li><a href=\"https:\/\/unitedspinal.org\/events\/grupo-de-apoyo-en-espanol-greater-boston-chapter\/\">SCIboston Grupo de Apoyo en Espa\u00f1ol:<\/a> El Grupo de Apoyo en Espa\u00f1ol de SCIboston ofrece un espacio de apoyo para personas con lesiones de la m\u00e9dula espinal y sus familiares. Las reuniones se llevan a cabo todos los lunes de 5:00 pm a 6:00 pm (hora del Este) a trav\u00e9s de Zoom. Los participantes hablan espa\u00f1ol, as\u00ed como portugu\u00e9s y criollo portugu\u00e9s. Todos los interesados son bienvenidos a unirse. Para obtener m\u00e1s informaci\u00f3n y acceder al enlace de la reuni\u00f3n, visite el sitio web de SCIboston.<\/li>\n<li><a href=\"https:\/\/blog.christopherreeve.org\/en?tags=espa%C3%B1ol\">Fundaci\u00f3n Christopher &amp; Dana Reeve| Voces de la Comunidad<\/a>: El blog en espa\u00f1ol de la Fundaci\u00f3n Christopher &amp; Dana Reeve ofrece historias de la comunidad, actualizaciones de la Fundaci\u00f3n Reeve y noticias de \u00faltima hora sobre investigaciones.<\/li>\n<li><a href=\"https:\/\/www.caregiver.org\/spanish\/\">Recursos y servicios de Family Caregiver Alliance:<\/a> Family Caregiver Alliance ofrece diversos recursos para los cuidadores de personas con condiciones cr\u00f3nicas o discapacitantes. Sus servicios incluyen acceso a una biblioteca en l\u00ednea, eventos virtuales, seminarios web y consultas en algunas \u00e1reas. Tambi\u00e9n proporcionan boletines, grupos de apoyo y evaluaciones para cuidadores. Para los cuidadores del \u00c1rea de la Bah\u00eda, hay servicios adicionales como apoyo legal y financiero y planificaci\u00f3n de cuidados a largo plazo. M\u00e1s informaci\u00f3n est\u00e1 disponible en su sitio web.<\/li>\n<li><a href=\"http:\/\/www.latinxdisabilitycoalition.com\/\">Latinx Disability Coalition (LDC):<\/a> La Latinx Disability Coalition (LDC) trabaja en defensa de la comunidad Latinx con discapacidades, enfoc\u00e1ndose en aumentar la conciencia sobre los desaf\u00edos que enfrentan. Busca amplificar sus voces y promover la inclusi\u00f3n y el acceso a recursos. A trav\u00e9s de asociaciones, LDC fomenta la reforma de pol\u00edticas y apoya a las familias y cuidadores Latinx en la navegaci\u00f3n de los servicios relacionados con la discapacidad.<\/li>\n<\/ul>\n<h3>Investigaci\u00f3n y Avances M\u00e9dicos<\/h3>\n<ul>\n<li><a href=\"https:\/\/espanol.ninds.nih.gov\/es\/trastornos\/forma-larga\/lesion-de-medula-espinal-esperanza-traves-de-la-investigacion\">Lesi\u00f3n de M\u00e9dula Espinal: Esperanza a Trav\u00e9s de la Investigaci\u00f3n:<\/a> La p\u00e1gina de NINDS sobre lesiones de la m\u00e9dula espinal proporciona informaci\u00f3n sobre las investigaciones actuales que ofrecen esperanza para las personas con lesiones en la m\u00e9dula espinal. Detalla los avances en terapias y tratamientos que est\u00e1n cambiando las perspectivas de recuperaci\u00f3n. Adem\u00e1s, se mencionan las oportunidades de investigaci\u00f3n en curso, y c\u00f3mo los cient\u00edficos est\u00e1n trabajando para comprender mejor estas lesiones y mejorar los resultados. Se destaca la importancia de la participaci\u00f3n en estudios cl\u00ednicos para avanzar en estos tratamientos.<\/li>\n<li><a href=\"https:\/\/asia-spinalinjury.org\/issue-2-primary-care-for-individuals-with-spinal-cord-injury-and-disease-part-1-spring-2020\/\">Atenci\u00f3n Primaria para Individuos con Lesi\u00f3n y Enfermedad de la M\u00e9dula Espinal:<\/a> La American Spinal Injury Association (ASIA) ofrece una gu\u00eda dise\u00f1ada para ayudar a los proveedores de atenci\u00f3n m\u00e9dica a brindar una atenci\u00f3n integral a las personas que viven con lesiones de la m\u00e9dula espinal (LME) y condiciones relacionadas. Este recurso se centra en aspectos clave de la atenci\u00f3n primaria para individuos con LME, abordando los desaf\u00edos y necesidades de salud \u00fanicas que enfrentan estas personas.<\/li>\n<li><a href=\"https:\/\/www.pmrscholars.org\/medicalspanish\">PM&amp;R Scholars Medical Spanish Network:<\/a> La PM&amp;R Scholars Medical Spanish Network es una iniciativa creada para ayudar a m\u00e9dicos y estudiantes de medicina a aprender espa\u00f1ol de manera eficiente y efectiva, enfoc\u00e1ndose en el campo de la Medicina F\u00edsica y Rehabilitaci\u00f3n (PM&amp;R). Ofrece una variedad de recursos y actividades para mejorar las habilidades en espa\u00f1ol.<\/li>\n<\/ul>\n<p>Si desea que el enlace de su recurso aparezca en nuestro sitio web, por favor complete este <a href=\"https:\/\/docs.google.com\/forms\/u\/1\/d\/1jG3Mwcb2WBuSBP-uA1o0ESQ2N-ab9LvdU-PPmJ38f-M\/edit\">Formulario<\/a><\/p>\n<p><strong>Descargo de responsabilidad<\/strong>: Incluir enlaces a publicaciones, materiales o sitios web de otras organizaciones o entidades no constituye un respaldo por parte de Mount Sinai de dichos contenidos. Mount Sinai proporciona estas referencias y enlaces porque pueden ser de utilidad para personas interesadas en lesiones de la m\u00e9dula espinal (SCI, por sus siglas en ingl\u00e9s).<\/p>\n","protected":false},"excerpt":{"rendered":"<p>Instituciones y Organizaciones sobre LME Vivir con par\u00e1lisis &#8211; Fundaci\u00f3n Christopher &amp; Dana Reeve: La Fundaci\u00f3n Christopher &amp; Dana Reeve ofrece otros materiales educativos gratuitos, como folletos y tarjetas de billetera con informaci\u00f3n importante para personas con par\u00e1lisis. Estos recursos est\u00e1n dise\u00f1ados para proporcionar apoyo y orientaci\u00f3n en diferentes aspectos de la vida con par\u00e1lisis. [&hellip;]<\/p>\n","protected":false},"author":264,"featured_media":0,"parent":0,"menu_order":0,"comment_status":"closed","ping_status":"closed","template":"","meta":{"footnotes":""},"class_list":["post-3634","page","type-page","status-publish","hentry"],"aioseo_notices":[],"_links":{"self":[{"href":"https:\/\/labs.icahn.mssm.edu\/brycelab\/wp-json\/wp\/v2\/pages\/3634","targetHints":{"allow":["GET"]}}],"collection":[{"href":"https:\/\/labs.icahn.mssm.edu\/brycelab\/wp-json\/wp\/v2\/pages"}],"about":[{"href":"https:\/\/labs.icahn.mssm.edu\/brycelab\/wp-json\/wp\/v2\/types\/page"}],"author":[{"embeddable":true,"href":"https:\/\/labs.icahn.mssm.edu\/brycelab\/wp-json\/wp\/v2\/users\/264"}],"replies":[{"embeddable":true,"href":"https:\/\/labs.icahn.mssm.edu\/brycelab\/wp-json\/wp\/v2\/comments?post=3634"}],"version-history":[{"count":16,"href":"https:\/\/labs.icahn.mssm.edu\/brycelab\/wp-json\/wp\/v2\/pages\/3634\/revisions"}],"predecessor-version":[{"id":4476,"href":"https:\/\/labs.icahn.mssm.edu\/brycelab\/wp-json\/wp\/v2\/pages\/3634\/revisions\/4476"}],"wp:attachment":[{"href":"https:\/\/labs.icahn.mssm.edu\/brycelab\/wp-json\/wp\/v2\/media?parent=3634"}],"curies":[{"name":"wp","href":"https:\/\/api.w.org\/{rel}","templated":true}]}}