{"id":11,"date":"2019-04-19T20:35:19","date_gmt":"2019-04-19T20:35:19","guid":{"rendered":"http:\/\/labs.icahn.mssm.edu\/bravo-cordero-lab\/?page_id=11"},"modified":"2023-03-29T18:25:35","modified_gmt":"2023-03-29T18:25:35","slug":"publications","status":"publish","type":"page","link":"https:\/\/labs.icahn.mssm.edu\/bravo-cordero-lab\/publications\/","title":{"rendered":"Publications"},"content":{"rendered":"<p style=\"text-align: justify\">2023<\/p>\n<p style=\"text-align: justify\">Mukherjee A, Bravo-Cordero JJ. <a href=\"https:\/\/link.springer.com\/article\/10.1007\/s10555-023-10094-2\" target=\"_blank\" rel=\"noopener\">Regulation of dormancy during tumor dissemination: the role of the ECM<\/a>. Cancer Metastasis Rev 2023 Feb<\/p>\n<p style=\"text-align: justify\">De Martino D, Bravo-Cordero JJ. <a href=\"https:\/\/aacrjournals.org\/cancerres\/article-abstract\/doi\/10.1158\/0008-5472.CAN-22-2034\/715998\/Collagens-in-cancer-structural-regulators-and?redirectedFrom=fulltext\" target=\"_blank\" rel=\"noopener\">Collagens in cancer: structural regulators and guardians of cancer progression<\/a>. Cancer Res 2023 Jan<\/p>\n<p style=\"text-align: justify\">2022<\/p>\n<p style=\"text-align: justify\">Konkimalla A, Konishi S, Kobayashi Y, Kadur Lakshminarasimha Murthy P, Macadlo L, Mukherjee A, Elmore Z, Kim SJ, Pendergast AM, Lee PJ, Asokan A, Knudsen L,\u00a0Bravo-Cordero JJ, Tata A, Tata PR. <a href=\"https:\/\/linkinghub.elsevier.com\/retrieve\/pii\/S2589-0042(22)01386-4\" target=\"_blank\" rel=\"noopener\">Multi-apical polarity of alveolar stem cells and their dynamics during lung development and regeneration<\/a>. iScience 2022 Sep<\/p>\n<p style=\"text-align: justify\">Mondal C, Gacha-Garay ML, Larkin KA, Adikes RC, Di Martino JS, Chien CC, Fraser M, Eni-Aganga I, Agullo-Pascual E, Cialowicz K, Ozbek U, Naba A, Gaitas A, Fu TM, Upadhyayula S, Betzig E, Matus DQ, Martin BL, Bravo-Cordero JJ. <a href=\"https:\/\/www.sciencedirect.com\/science\/article\/pii\/S2211124722011901\" target=\"_blank\" rel=\"noopener\">A proliferative to invasive switch is mediated by srGAP1 downregulation through the activation of TGF-\u03b22 signaling<\/a>. Cell Reports 2022 Sep<\/p>\n<p style=\"text-align: justify\">Krause GJ, Diaz A, Jafari M, Khawaja RR, Agullo-Pascual E, Santiago-Fern\u00e1ndez O, Richards AL, Chen KH, Dmitriev P, Sun Y, See SK, Abdelmohsen K, Mazan-Mamczarz K, Krogan NJ, Gorospe M, Swaney DL, Sidoli S, Bravo-Cordero JJ, Kampmann M, Cuervo AM. <a href=\"https:\/\/onlinelibrary.wiley.com\/doi\/10.1111\/acel.13713\" target=\"_blank\" rel=\"noopener\">Reduced endosomal microautophagy activity in aging associates with enhanced exocyst-mediated protein secretion<\/a>. Aging Cell 2022 Sep<\/p>\n<p style=\"text-align: justify\">Rodriguez-Tirado C, Kale N, Carlini MJ, Shrivastava N, Rodrigues AA, Khalil B, Bravo-Cordero JJ, Alexander M, Ji J, Hong Y, Behbod F, Sosa MS.\u00a0<a href=\"https:\/\/aacrjournals.org\/cancerres\/article-abstract\/doi\/10.1158\/0008-5472.CAN-21-4145\/694636\/NR2F1-is-a-barrier-to-dissemination-of-early-stage?redirectedFrom=fulltext\" target=\"_blank\" rel=\"noopener\">NR2F1 is a barrier to dissemination of early stage breast cancer cells<\/a>. Cancer Research 2022 Apr<\/p>\n<p style=\"text-align: justify\">Madrigal-Matute J, de Bruijn J, van Kuijk K, Riascos-Bernal DF, Diaz A, Tasset I, Mart\u00edn-Segura A, Gijbels MJJ, Sander B, Kaushik S, Biessen EAL, Tiano S, Bourdenx M, Krause GJ, McCracken I, Baker AH, Jin H, Sibinga NES, Bravo-Cordero JJ, Macian F, Singh R, Rensen PCN, Berb\u00e9e JFP, Pasterkamp G, Sluimer JC, Cuervo AM.\u00a0<a href=\"https:\/\/www.pnas.org\/doi\/abs\/10.1073\/pnas.2121133119?url_ver=Z39.88-2003&amp;rfr_id=ori%3Arid%3Acrossref.org&amp;rfr_dat=cr_pub++0pubmed\" target=\"_blank\" rel=\"noopener\">Protective role of chaperone-mediated autophagy against atherosclerosis.<\/a> Proc Natl Acad Sci USA 2022 Apr; 119(14)<\/p>\n<p style=\"text-align: justify\">Di Martino JS, Nobre AR, Mondal C, Taha I, Farias EF, Fertig EJ, Naba A, Aguirre-Ghiso JA, Bravo-Cordero JJ.\u00a0 <a href=\"https:\/\/www.nature.com\/articles\/s43018-021-00291-9\" target=\"_blank\" rel=\"noopener\">A tumor-derived type III collagen-rich ECM niche regulates tumor cell dormancy<\/a>. Nature Cancer 2022 Jan; 3(1)<\/p>\n<p style=\"text-align: justify\">2021<\/p>\n<p style=\"text-align: justify\">Nobre AR, Risson E, Singh DK, Di Martino JS, Cheung JF, Wang J, Johnson J, Russnes HG, Bravo-Cordero JJ, Birbrair A, Naume B, Azhar M, Frenette PS, Aguirre-Ghiso JA.\u00a0 <a href=\"https:\/\/www.nature.com\/articles\/s43018-021-00179-8\" target=\"_blank\" rel=\"noopener\">Bone marrow NG2\u00a0<sup>+<\/sup>\/Nestin\u00a0<sup>+<\/sup>\u00a0mesenchymal stem cells drive DTC dormancy\u00a0<i>via<\/i> TGF\u03b22<\/a>. Nature Cancer 2021 Mar; 2(3)<\/p>\n<p style=\"text-align: justify\">Kang C, Rostoker R, Ben-Shumel S, Rashed R, Duty JA, Demircioglu D, Antoniou IM, Isakov L, Shen-Orr Z, Bravo-Cordero JJ, Kase N, Cuajungco MP, Moran TM, LeRoith D, Gallagher EJ.\u00a0 <a href=\"https:\/\/www.mdpi.com\/2073-4409\/10\/12\/3430\" target=\"_blank\" rel=\"noopener\">TMEM176B Regulates AKT\/mTOR Signaling and Tumor Growth in Triple-Negative Breast Cancer<\/a>. Cells 2021 Dec; 10 (12)<\/p>\n<p style=\"text-align: justify\">Di Martino JS, Akhter T, Bravo-Cordero JJ. <a href=\"https:\/\/www.mdpi.com\/2072-6694\/13\/19\/4916\" target=\"_blank\" rel=\"noopener\">Remodeling the ECM: Implications for Metastasis and Tumor Dormancy<\/a>. Cancer 2021 Sep; 13 (19)<\/p>\n<p style=\"text-align: justify\">Mondal C, Di Martino JS, Bravo-Cordero JJ. <a href=\"https:\/\/www.sciencedirect.com\/science\/article\/pii\/S1937644820300964?via%3Dihub\" target=\"_blank\" rel=\"noopener\">Actin Dynamics during tumor cell dissemination<\/a>. International Review of Cell and Molecular Biology 2021; 360<\/p>\n<p style=\"text-align: justify\">2020<\/p>\n<p style=\"text-align: justify\">Sosa MS, Bravo-Cordero JJ. <a href=\"https:\/\/onlinelibrary.wiley.com\/doi\/full\/10.1002\/cnr2.1238\" target=\"_blank\" rel=\"noopener\">Understanding the mechanistic features of cancer metastasis.<\/a> Cancer Reports 2020 Feb; 3 (1)<\/p>\n<p style=\"text-align: justify\">Dong S, Aguirre-Hernandez C, Scrivo A, Eliscovich C, Arias E, Bravo-Cordero JJ, Cuervo AM. <a href=\"https:\/\/www.nature.com\/articles\/s41467-019-14164-4\" target=\"_blank\" rel=\"noopener\">Monitoring spatiotemporal changes in chaperone-mediated autophagy in vivo.<\/a> Nature Communication 2020 Jan; 11 (1)<\/p>\n<p style=\"text-align: justify\"><b>2019<\/b><\/p>\n<p style=\"text-align: justify\">Di Martino JS, Mondal C, Bravo-Cordero JJ. <a href=\"https:\/\/portlandpress.com\/essaysbiochem\/article-lookup\/doi\/10.1042\/EBC20190019\" target=\"_blank\" rel=\"noopener\">Textures in the tumour microenvironment.<\/a> Essays in Biochemistry 2019 Oct; 63 (5)<\/p>\n<p style=\"text-align: justify\"><b>2018<\/b><\/p>\n<p style=\"text-align: justify\">Zhang M, Di Martino JS, Bowman RL, Campbell NR, Baksh SC, Simon-Vermot T, Kim IS, Haldeman P, Mondal C, Yong-Gonzales V, Abu-Akeel M, Merghoub T, Jones DR, Zhou XG, Arora A, Ariyan CE, Birsoy K, Wolchok JD, Panageas KS, Hollmann T, Bravo-Cordero JJ, White RM. <a href=\"https:\/\/cancerdiscovery.aacrjournals.org\/content\/8\/8\/1006.long\" target=\"_blank\" rel=\"noopener\">Adipocyte-Derived Lipids Mediate Melanoma Progression via FATP Proteins.<\/a> Cancer Discovery 2018 Aug; 8 (8)<\/p>\n<p style=\"text-align: justify\">Zhang YM, Zimmer MA, Guardia T, Callahan SJ, Mondal C, Di Martino J, Takagi T, Fennell M, Garippa R, Campbell NR, Bravo-Cordero JJ, White RM. <a href=\"https:\/\/www.sciencedirect.com\/science\/article\/pii\/S1534580718303575?via%3Dihub\" target=\"_blank\" rel=\"noopener\">Distant Insulin Signaling Regulates Vertebrate Pigmentation through the Sheddase Bace2.<\/a> Developmental Cell 2018 June; 45 (5)<\/p>\n<p style=\"text-align: justify\"><b>2017<\/b><\/p>\n<p style=\"text-align: justify\">Roh-Johnson M, Shah AN, Stonick JA, Poudel KR, Kargl J, Yang GH, di Martino J, Hernandez RE, Gast CE, Zarour LR, Antoku S, Houghton AM, Bravo-Cordero JJ, Wong MH, Condeelis J, Moens CB. <a href=\"https:\/\/www.sciencedirect.com\/science\/article\/pii\/S1534580717309073?via%3Dihub\" target=\"_blank\" rel=\"noopener\">Macrophage-Dependent Cytoplasmic Transfer during Melanoma Invasion In Vivo.<\/a> Developmental Cell 2017 Dec; 43 (5)<\/p>\n<p style=\"text-align: justify\">Donnelly SK, Cabrera R, Mao SPH, Christin JR, Wu B, Guo W, Bravo-Cordero JJ, Condeelis JS, Segall JE, Hodgson L. <a href=\"https:\/\/rupress.org\/jcb\/article-lookup\/doi\/10.1083\/jcb.201704048\" target=\"_blank\" rel=\"noopener\">Rac3 regulates breast cancer invasion and metastasis by controlling adhesion and matrix degradation.<\/a> Journal of Cell Biology 2017 Dec; 216 (12)<\/p>\n<p style=\"text-align: justify\">Di Martino J, Henriet E, Ezzoukhry Z, Mondal C, Bravo-Cordero JJ, Moreau V, Saltel F. <a href=\"https:\/\/www.jove.com\/video\/54911\/2d-and-3d-matrices-to-study-linear-invadosome-formation-and-activity\" target=\"_blank\" rel=\"noopener\">2D and 3D Matrices to Study Linear Invadosome Formation and Activity.<\/a> Journal of Visualized Experiments 2017 Jun; 124<\/p>\n<p style=\"text-align: justify\">Olmeda D, Cerezo-Wallis D, Riveiro-Falkenbach E, Pennacchi PC, Contreras-Alcalde M, Ibarz N, Cifdaloz M, Catena X, Calvo TG, Ca\u00f1\u00f3n E, Alonso-Curbelo D, Suarez J, Osterloh L, Gra\u00f1a O, Mulero F, Meg\u00edas D, Ca\u00f1amero M, Mart\u00ednez-Torrecuadrada JL, Mondal C, Di Martino J, Lora D, Martinez-Corral I, Bravo-Cordero JJ, Mu\u00f1oz J, Puig S, Ortiz-Romero P, Rodriguez-Peralto JL, Ortega S, Soengas MS.\u00a0<a href=\"https:\/\/www.nature.com\/articles\/nature22977\" target=\"_blank\" rel=\"noopener\">Whole-body imaging of lymphovascular niches identifies pre-metastatic roles of midkine.<\/a> Nature 2017 Jun; 546 (7660)<\/p>\n<p style=\"text-align: justify\">Fluegen G, Avivar-Valderas A, Wang Y, Padgen MR, Williams JK, Nobre AR, Calvo, Cheung JF, Bravo-Cordero JJ, Entenberg D, Castracane J, Verkhusha V, Keely PJ, Condeelis J, Aguirre-Ghiso JA. <a href=\"https:\/\/www.nature.com\/articles\/ncb3465\" target=\"_blank\" rel=\"noopener\">Phenotypic heterogeneity of disseminated tumour cells is preset by primary tumour hypoxic microenvironments.<\/a> Nature Cell Biology 2017 Feb; 19 (2)<\/p>\n<p style=\"text-align: justify\"><b>2016<\/b><\/p>\n<p style=\"text-align: justify\">Pignatelli J, Bravo-Cordero JJ, Roh-Johnson M, Gandhi SJ, Wang Y, Eddy RJ, Xue A, Singer RH, Hodgson L, Oktay MH, Condeelis JS. <a href=\"https:\/\/www.nature.com\/articles\/srep37874\" target=\"_blank\" rel=\"noopener\">Macrophage-dependent tumor cell transendothelial migration is mediated by Notch1\/MenaINV initiated invadopodium formation.<\/a> Scientific Reports 2016 Nov; 6:37874<\/p>\n<p style=\"text-align: justify\">Bravo-Cordero JJ, Cordani M, Soriano SF, D\u00edez B, Mu\u00f1oz-Agudo C, Casanova-Acebes M, Boullosa C, Guadamillas MC, Ezkurdia I, Gonz\u00e1lez-Pisano D, Del Pozo MA, Montoya MC.\u00a0<a href=\"https:\/\/jcs.biologists.org\/content\/129\/8\/1734\" target=\"_blank\" rel=\"noopener\">A novel high-content analysis tool reveals Rab8-driven cytoskeletal reorganization through Rho GTPases, calpain and MT1-MMP.<\/a> Journal of Cell Science 2016 Apr; 129 (8)<\/p>\n<p style=\"text-align: justify\">2015<\/p>\n<p style=\"text-align: justify\">Valenzuela-Iglesias A, Sharma VP, Beaty BT, Ding Z, Gutierrez-Millan LE, Roy P, Condeelis JS, Bravo-Cordero JJ.\u00a0<a href=\"https:\/\/www.sciencedirect.com\/science\/article\/pii\/S0171933514001459?via%3Dihub\" target=\"_blank\" rel=\"noopener\">Profilin1 regulates invadopodium maturation in human breast cancer cells.<\/a> European Journal of Cell Biology 2015 Feb; 94 (2)<\/p>\n<p style=\"text-align: justify\"><b>2014<\/b><\/p>\n<p style=\"text-align: justify\">Donnelly SK, Bravo-Cordero JJ, Hodgson L. <a href=\"https:\/\/www.tandfonline.com\/doi\/full\/10.4161\/cam.29712\" target=\"_blank\" rel=\"noopener\">Rho GTPase isoforms in cell motility: Don&#8217;t fret, we have FRET.<\/a> Cell Adhesion &amp; Migration Jan 2014; 8 (6)<\/p>\n<p style=\"text-align: justify\">Beaty BT, Wang Y, Bravo-Cordero JJ, Sharma VP, Miskolci V, Hodgson L, Condeelis J. <a href=\"https:\/\/rupress.org\/jcb\/article-lookup\/doi\/10.1083\/jcb.201312046\" target=\"_blank\" rel=\"noopener\">Talin regulates moesin-NHE-1 recruitment to invadopodia and promotes mammary tumor metastasis.<\/a> Journal of Cell Biology 2014 Jun; 205 (5)<\/p>\n<p style=\"text-align: justify\">Moshfegh Y, Bravo-Cordero JJ, Miskolci V, Condeelis J, Hodgson L. <a href=\"https:\/\/www.nature.com\/articles\/ncb2972\" target=\"_blank\" rel=\"noopener\">A Trio-Rac1-Pak1 signalling axis drives invadopodia disassembly.<\/a> Nature Cell Biology 2014 Jun; 16 (6)<\/p>\n<p style=\"text-align: justify\">Bravo-Cordero JJ, Hodgson L, Condeelis J. <a href=\"https:\/\/www.tandfonline.com\/doi\/full\/10.4161\/cam.28405\" target=\"_blank\" rel=\"noopener\">Spatial regulation of tumor cell protrusions by RhoC.<\/a> Cell Adhesion &amp; Migration 2014 Mar; 8 (3)<\/p>\n<p style=\"text-align: justify\"><a href=\"https:\/\/www.ncbi.nlm.nih.gov\/myncbi\/jose%20javier.bravo%20cordero.1\/bibliography\/public\/\" target=\"_blank\" rel=\"noopener\">Click here for the full list of publications<\/a><\/p>\n","protected":false},"excerpt":{"rendered":"<p>2023 Mukherjee A, Bravo-Cordero JJ. Regulation of dormancy during tumor dissemination: the role of the ECM. Cancer Metastasis Rev 2023 Feb De Martino D, Bravo-Cordero JJ. Collagens in cancer: structural regulators and guardians of cancer progression. Cancer Res 2023 Jan 2022 Konkimalla A, Konishi S, Kobayashi Y, Kadur Lakshminarasimha Murthy P, Macadlo L, Mukherjee A, [&hellip;]<\/p>\n","protected":false},"author":328,"featured_media":0,"parent":0,"menu_order":0,"comment_status":"closed","ping_status":"closed","template":"","meta":{"footnotes":""},"class_list":["post-11","page","type-page","status-publish","hentry"],"aioseo_notices":[],"_links":{"self":[{"href":"https:\/\/labs.icahn.mssm.edu\/bravo-cordero-lab\/wp-json\/wp\/v2\/pages\/11","targetHints":{"allow":["GET"]}}],"collection":[{"href":"https:\/\/labs.icahn.mssm.edu\/bravo-cordero-lab\/wp-json\/wp\/v2\/pages"}],"about":[{"href":"https:\/\/labs.icahn.mssm.edu\/bravo-cordero-lab\/wp-json\/wp\/v2\/types\/page"}],"author":[{"embeddable":true,"href":"https:\/\/labs.icahn.mssm.edu\/bravo-cordero-lab\/wp-json\/wp\/v2\/users\/328"}],"replies":[{"embeddable":true,"href":"https:\/\/labs.icahn.mssm.edu\/bravo-cordero-lab\/wp-json\/wp\/v2\/comments?post=11"}],"version-history":[{"count":28,"href":"https:\/\/labs.icahn.mssm.edu\/bravo-cordero-lab\/wp-json\/wp\/v2\/pages\/11\/revisions"}],"predecessor-version":[{"id":451,"href":"https:\/\/labs.icahn.mssm.edu\/bravo-cordero-lab\/wp-json\/wp\/v2\/pages\/11\/revisions\/451"}],"wp:attachment":[{"href":"https:\/\/labs.icahn.mssm.edu\/bravo-cordero-lab\/wp-json\/wp\/v2\/media?parent=11"}],"curies":[{"name":"wp","href":"https:\/\/api.w.org\/{rel}","templated":true}]}}